{"id":11804,"date":"2021-11-16T17:52:15","date_gmt":"2021-11-16T17:52:15","guid":{"rendered":"https:\/\/cansearch.ch\/?page_id=11804"},"modified":"2024-03-30T16:55:36","modified_gmt":"2024-03-30T16:55:36","slug":"cansearch-forschungsstipendium","status":"publish","type":"page","link":"https:\/\/cansearch.ch\/de\/forschung\/cansearch-forschungsstipendium\/","title":{"rendered":"CANSEARCH Forschungsstipendium"},"content":{"rendered":"<div class=\"fusion-fullwidth fullwidth-box fusion-builder-row-1 fusion-flex-container nonhundred-percent-fullwidth non-hundred-percent-height-scrolling\" style=\"--awb-border-radius-top-left:0px;--awb-border-radius-top-right:0px;--awb-border-radius-bottom-right:0px;--awb-border-radius-bottom-left:0px;--awb-flex-wrap:wrap;\" ><div class=\"fusion-builder-row fusion-row fusion-flex-align-items-flex-start fusion-flex-content-wrap\" style=\"max-width:1456px;margin-left: calc(-4% \/ 2 );margin-right: calc(-4% \/ 2 );\"><div class=\"fusion-layout-column fusion_builder_column fusion-builder-column-0 fusion_builder_column_4_5 4_5 fusion-flex-column\" style=\"--awb-bg-size:cover;--awb-width-large:80%;--awb-margin-top-large:0px;--awb-spacing-right-large:2.4%;--awb-margin-bottom-large:0px;--awb-spacing-left-large:2.4%;--awb-width-medium:100%;--awb-spacing-right-medium:1.92%;--awb-spacing-left-medium:1.92%;--awb-width-small:100%;--awb-spacing-right-small:1.92%;--awb-spacing-left-small:1.92%;\"><div class=\"fusion-column-wrapper fusion-flex-justify-content-flex-start fusion-content-layout-column\"><div class=\"fusion-text fusion-text-1\" style=\"--awb-text-transform:none;\"><div class=\"\"><strong>FORSCHUNGSSTIPENDIUM CANSEARCH<\/strong><\/div>\n<div>&nbsp;<\/div>\n<div class=\"\">Die Cansearch Foundation f\u00fcr junge Forscher mit Sitz in der Westschweiz ein CANSEARCH Research Grant Forschungsstipendium aus, um Projekte in der p\u00e4diatrischen Onkologie und H\u00e4matologie zu unterst\u00fctzen.<\/div>\n<div>&nbsp;<\/div>\n<p><a href=\"https:\/\/cansearch.ch\/wp-content\/uploads\/2024\/03\/20240301-Bourse-de-rercherche-CANSEARCH_ALL-2.pdf\" target=\"_blank\" rel=\"noopener\"><img decoding=\"async\" class=\"alignleft wp-image-11777\" src=\"https:\/\/cansearch.ch\/wp-content\/uploads\/2021\/11\/Unknown-150x150.png\" alt=\"\" width=\"75\" height=\"75\" srcset=\"https:\/\/cansearch.ch\/wp-content\/uploads\/2021\/11\/Unknown-66x66.png 66w, https:\/\/cansearch.ch\/wp-content\/uploads\/2021\/11\/Unknown-100x100.png 100w, https:\/\/cansearch.ch\/wp-content\/uploads\/2021\/11\/Unknown-150x150.png 150w, https:\/\/cansearch.ch\/wp-content\/uploads\/2021\/11\/Unknown-200x200.png 200w, https:\/\/cansearch.ch\/wp-content\/uploads\/2021\/11\/Unknown.png 225w\" sizes=\"(max-width: 75px) 100vw, 75px\" \/><\/a><\/p>\n<p>&nbsp;<\/p>\n<p>&nbsp;<\/p>\n<p>&nbsp;<\/p>\n<p><a href=\"https:\/\/cansearch.ch\/wp-content\/uploads\/2024\/03\/20240301_CANSEARCH_Form.pdf\" target=\"_blank\" rel=\"noopener\">Download form here<\/a><\/p>\n<\/div><\/div><\/div><\/div><\/div>\n","protected":false},"excerpt":{"rendered":"","protected":false},"author":14,"featured_media":0,"parent":9296,"menu_order":1,"comment_status":"closed","ping_status":"closed","template":"side-navigation.php","meta":{"ngg_post_thumbnail":0,"footnotes":"","_links_to":"","_links_to_target":""},"class_list":["post-11804","page","type-page","status-publish","hentry"],"aioseo_notices":[],"_links":{"self":[{"href":"https:\/\/cansearch.ch\/de\/wp-json\/wp\/v2\/pages\/11804","targetHints":{"allow":["GET"]}}],"collection":[{"href":"https:\/\/cansearch.ch\/de\/wp-json\/wp\/v2\/pages"}],"about":[{"href":"https:\/\/cansearch.ch\/de\/wp-json\/wp\/v2\/types\/page"}],"author":[{"embeddable":true,"href":"https:\/\/cansearch.ch\/de\/wp-json\/wp\/v2\/users\/14"}],"replies":[{"embeddable":true,"href":"https:\/\/cansearch.ch\/de\/wp-json\/wp\/v2\/comments?post=11804"}],"version-history":[{"count":7,"href":"https:\/\/cansearch.ch\/de\/wp-json\/wp\/v2\/pages\/11804\/revisions"}],"predecessor-version":[{"id":14192,"href":"https:\/\/cansearch.ch\/de\/wp-json\/wp\/v2\/pages\/11804\/revisions\/14192"}],"up":[{"embeddable":true,"href":"https:\/\/cansearch.ch\/de\/wp-json\/wp\/v2\/pages\/9296"}],"wp:attachment":[{"href":"https:\/\/cansearch.ch\/de\/wp-json\/wp\/v2\/media?parent=11804"}],"curies":[{"name":"wp","href":"https:\/\/api.w.org\/{rel}","templated":true}]}}