{"id":11809,"date":"2021-11-16T17:57:16","date_gmt":"2021-11-16T17:57:16","guid":{"rendered":"https:\/\/cansearch.ch\/?page_id=11809"},"modified":"2022-04-20T20:19:54","modified_gmt":"2022-04-20T20:19:54","slug":"cansearch-mobilitaetsstipendium","status":"publish","type":"page","link":"https:\/\/cansearch.ch\/de\/initiatives\/cansearch-mobilitaetsstipendium\/","title":{"rendered":"CANSEARCH Mobilit\u00e4tsstipendium"},"content":{"rendered":"<div class=\"fusion-fullwidth fullwidth-box fusion-builder-row-1 fusion-flex-container nonhundred-percent-fullwidth non-hundred-percent-height-scrolling\" style=\"--awb-border-radius-top-left:0px;--awb-border-radius-top-right:0px;--awb-border-radius-bottom-right:0px;--awb-border-radius-bottom-left:0px;--awb-flex-wrap:wrap;\" ><div class=\"fusion-builder-row fusion-row fusion-flex-align-items-flex-start fusion-flex-content-wrap\" style=\"max-width:1456px;margin-left: calc(-4% \/ 2 );margin-right: calc(-4% \/ 2 );\"><div class=\"fusion-layout-column fusion_builder_column fusion-builder-column-0 fusion_builder_column_4_5 4_5 fusion-flex-column\" style=\"--awb-bg-size:cover;--awb-width-large:80%;--awb-margin-top-large:0px;--awb-spacing-right-large:2.4%;--awb-margin-bottom-large:0px;--awb-spacing-left-large:2.4%;--awb-width-medium:100%;--awb-spacing-right-medium:1.92%;--awb-spacing-left-medium:1.92%;--awb-width-small:100%;--awb-spacing-right-small:1.92%;--awb-spacing-left-small:1.92%;\"><div class=\"fusion-column-wrapper fusion-flex-justify-content-flex-start fusion-content-layout-column\"><div class=\"fusion-text fusion-text-1\" style=\"--awb-text-transform:none;\"><div class=\"page\" title=\"Page 1\">\n<div class=\"\">\n<div class=\"\"><strong>MOBILIT\u00c4TSSTIPENDIUM<\/strong><\/div>\n<div>&nbsp;<\/div>\n<div class=\"\">Ab 2023 und zur Feier ihres 10-j\u00e4hrigen Bestehens wird die Cansearch Foundation ein Mobilit\u00e4tsstipendium vergeben, um einem Forscher oder Kliniker aus der Westschweiz im Bereich der p\u00e4diatrischen Onkologie oder H\u00e4matologie die M\u00f6glichkeit zu geben, sich im Ausland weiterzubilden und anschliessend in unsere Region zur\u00fcckzukehren, um von seinem erworbenen Fachwissen zu profitieren. Die Unterst\u00fctzung kann alternativ auch dazu dienen, seine Position in der Schweiz zu stabilisieren.<\/div>\n<div>&nbsp;<\/div>\n<\/div>\n<div class=\"layoutArea\">\n<div class=\"column\">\n<p><a href=\"https:\/\/cansearch.ch\/wp-content\/uploads\/2021\/11\/Bourse-CANSEARCH-Mobility-DE.pdf\" target=\"_blank\" rel=\"noopener\"><img decoding=\"async\" class=\"wp-image-11777 alignleft\" src=\"https:\/\/cansearch.ch\/wp-content\/uploads\/2021\/11\/Unknown-150x150.png\" alt=\"\" width=\"75\" height=\"75\" srcset=\"https:\/\/cansearch.ch\/wp-content\/uploads\/2021\/11\/Unknown-66x66.png 66w, https:\/\/cansearch.ch\/wp-content\/uploads\/2021\/11\/Unknown-100x100.png 100w, https:\/\/cansearch.ch\/wp-content\/uploads\/2021\/11\/Unknown-150x150.png 150w, https:\/\/cansearch.ch\/wp-content\/uploads\/2021\/11\/Unknown-200x200.png 200w, https:\/\/cansearch.ch\/wp-content\/uploads\/2021\/11\/Unknown.png 225w\" sizes=\"(max-width: 75px) 100vw, 75px\" \/><\/a><\/p>\n<\/div>\n<\/div>\n<\/div>\n<div class=\"\">&nbsp;<\/div>\n<p>&nbsp;<\/p>\n<p>&nbsp;<\/p>\n<p>&nbsp;<\/p>\n<p>&nbsp;<\/p>\n<p>&nbsp;<\/p>\n<div class=\"page\" title=\"Page 1\">\n<div class=\"layoutArea\">\n<div class=\"column\">\n<p>&nbsp;<\/p>\n<p>&nbsp;<\/p>\n<p>&nbsp;<\/p>\n<p>&nbsp;<\/p>\n<p><a href=\"https:\/\/cansearch.ch\/wp-content\/uploads\/2021\/11\/Bourse-Mobility-DE.pdf\" target=\"_blank\" rel=\"noopener\">CANSEARCH-Stipendium<\/a> fu\u0308r ein Studium im Ausland fu\u0308r einen Kliniker\/Forscher Mobilita\u0308tsstipendium &#8220;CAN MOVE&#8221;<\/p>\n<\/div>\n<\/div>\n<\/div>\n<\/div><\/div><\/div><\/div><\/div>\n","protected":false},"excerpt":{"rendered":"","protected":false},"author":14,"featured_media":0,"parent":15266,"menu_order":10,"comment_status":"closed","ping_status":"closed","template":"side-navigation.php","meta":{"ngg_post_thumbnail":0,"footnotes":"","_links_to":"","_links_to_target":""},"class_list":["post-11809","page","type-page","status-publish","hentry"],"aioseo_notices":[],"_links":{"self":[{"href":"https:\/\/cansearch.ch\/de\/wp-json\/wp\/v2\/pages\/11809","targetHints":{"allow":["GET"]}}],"collection":[{"href":"https:\/\/cansearch.ch\/de\/wp-json\/wp\/v2\/pages"}],"about":[{"href":"https:\/\/cansearch.ch\/de\/wp-json\/wp\/v2\/types\/page"}],"author":[{"embeddable":true,"href":"https:\/\/cansearch.ch\/de\/wp-json\/wp\/v2\/users\/14"}],"replies":[{"embeddable":true,"href":"https:\/\/cansearch.ch\/de\/wp-json\/wp\/v2\/comments?post=11809"}],"version-history":[{"count":4,"href":"https:\/\/cansearch.ch\/de\/wp-json\/wp\/v2\/pages\/11809\/revisions"}],"predecessor-version":[{"id":12377,"href":"https:\/\/cansearch.ch\/de\/wp-json\/wp\/v2\/pages\/11809\/revisions\/12377"}],"up":[{"embeddable":true,"href":"https:\/\/cansearch.ch\/de\/wp-json\/wp\/v2\/pages\/15266"}],"wp:attachment":[{"href":"https:\/\/cansearch.ch\/de\/wp-json\/wp\/v2\/media?parent=11809"}],"curies":[{"name":"wp","href":"https:\/\/api.w.org\/{rel}","templated":true}]}}