{"id":12086,"date":"2022-03-28T12:03:53","date_gmt":"2022-03-28T12:03:53","guid":{"rendered":"https:\/\/cansearch.ch\/?page_id=12086"},"modified":"2023-11-14T15:29:38","modified_gmt":"2023-11-14T15:29:38","slug":"initiative-cansearch-2-0","status":"publish","type":"page","link":"https:\/\/cansearch.ch\/de\/initiative-cansearch-2-0\/","title":{"rendered":"Initiative CANSEARCH 2.0"},"content":{"rendered":"<div class=\"fusion-fullwidth fullwidth-box fusion-builder-row-1 fusion-flex-container nonhundred-percent-fullwidth non-hundred-percent-height-scrolling\" style=\"--awb-border-radius-top-left:0px;--awb-border-radius-top-right:0px;--awb-border-radius-bottom-right:0px;--awb-border-radius-bottom-left:0px;--awb-flex-wrap:wrap;\" ><div class=\"fusion-builder-row fusion-row fusion-flex-align-items-flex-start fusion-flex-content-wrap\" style=\"max-width:1456px;margin-left: calc(-4% \/ 2 );margin-right: calc(-4% \/ 2 );\"><div class=\"fusion-layout-column fusion_builder_column fusion-builder-column-0 fusion_builder_column_1_1 1_1 fusion-flex-column\" style=\"--awb-bg-size:cover;--awb-width-large:100%;--awb-margin-top-large:0px;--awb-spacing-right-large:1.92%;--awb-margin-bottom-large:0px;--awb-spacing-left-large:1.92%;--awb-width-medium:100%;--awb-spacing-right-medium:1.92%;--awb-spacing-left-medium:1.92%;--awb-width-small:100%;--awb-spacing-right-small:1.92%;--awb-spacing-left-small:1.92%;\"><div class=\"fusion-column-wrapper fusion-flex-justify-content-flex-start fusion-content-layout-column\"><div class=\"fusion-text fusion-text-1 fusion-text-no-margin\" style=\"--awb-text-transform:none;--awb-margin-bottom:50px;\"><p><strong>CANSEARCH Unterst\u00fctzungsfonds zur Hilfe f\u00fcr Familien.<\/strong><\/p>\n<p>Um allen Patienten der Abteilung f\u00fcr p\u00e4diatrische Onkologie und H\u00e4matologie des Universit\u00e4tsspitals Genf (HUG) beispielsweise den Zugang zu Behandlungen und Medikamenten zu erm\u00f6glichen, die manchmal teuer sind und in der Schweiz nicht von den Krankenversicherungen \u00fcbernommen werden, wurde ein Unterst\u00fctzungsfonds CANHELP zur Hilfe f\u00fcr Familien eingerichtet. Er wird den Erhalt dieser f\u00f6rdern. Er k\u00f6nnte es auch erm\u00f6glichen, Kinder und ihre Familien zu begleiten, um bestimmte innovative Behandlungen zu erhalten, die in unserem Land manchmal noch nicht verf\u00fcgbar sind (Studien der Phasen I-III), sowie Kindern aus der Ukraine zu helfen, in den HUG behandelt zu werden.<\/p>\n<\/div><div class=\"fusion-text fusion-text-2\" style=\"--awb-text-transform:none;\"><p style=\"text-align: center;\"><strong>Spenden Sie f\u00fcr den CANHELP-SUPPENFONDS<\/strong><\/p>\n<p style=\"text-align: center;\">dank IBAN CH 65 0078 8000 0508 9817 3, oder direkt unten<\/p>\n<\/div><div class=\"tkt-wrapper\">\n    <div class=\"row\">\n        <div class=\"col\">\n            <div\n                class=\"buy-article-form\"\n                data-component=\"BuyArticle\/Form\"\n                data-redirect=\"cart\"\n                data-cart-url=\"https:\/\/cansearch.ch\/de\/panier\/\"\n                data-checkout-url=\"https:\/\/cansearch.ch\/de\/panier\/\"\n                data-article-id=\"4d2e2673-4284-4304-babe-a60abb8e6ee0\"\n                data-salepoint-id=\"f295c6d3-d48a-400f-9130-a4ec26a567c1\"\n            >\n            <\/div>\n        <\/div>\n    <\/div>\n\n    <!-- Underscore.js templates used by client side -->\n    <script type=\"text\/template\" id=\"tkt-buy-article-form-pricings-tpl\">\n        <div class=\"tkt-wrapper\">\n    <% if (article.variants.length) { %>\n    <div class=\"pricings-form\">\n        <div class=\"row\">\n            <div class=\"col\">\n                <span class=\"assertive\">\n                    Geben Sie die Anzahl der Elemente ein, die Sie Ihrem Warenkorb hinzuf\u00fcgen m\u00f6chten:                <\/span>\n            <\/div>\n        <\/div>\n        <% _.mapKeys(article.variants, function(variant, key) { %>\n            <div class=\"row pricing-row <%= variant._id %> \">\n                <div class=\"col\">\n                    <% if (variant.hasStockForSalepoint(salepoint_id)) { %>\n                        <% if (variant.variable_price) { %>\n                            <span class=\"tkt-badge tkt-badge-plus-minus tkt-badge-split flex-rev-on-mobile\">\n                                <span class=\"tkt-badge-part tkt-grey-badge tkt-minus-btn text-center\">-<\/span>\n                                <span class=\"tkt-badge-part tkt-light-badge d-flex justify-content-center text-center\">\n                                    <span class=\"variant-qty mr-1\">\n                                        <%= article.variants.length == 1 ? 1 : 0 %>\n                                    <\/span>\n                                    <span class=\"pricing-name ml-1 mr-1 mt-2\">\n                                        <%= variant.name.de %> :\n                                    <\/span>\n                                    <input type=\"number\" min=\"0\" step=\"1.0\" autocomplete=\"off\" style=\"width:100px\" class=\"form-control pricing-price\" name=\"variants[<%= variant._id %>][price]\" data-variant-id=\"<%= variant._id %>\" value=\"10\" \/>\n                                <\/span>\n                                <span class=\"tkt-badge-part tkt-dark-badge tkt-plus-btn text-center\">+<\/span>\n                            <\/span>\n                            <input type=\"hidden\" data-variant=\"<%= key %>\" class=\"tkt-input variant-input\" value=\"<%= article.variants.length == 1 ? 1 : 0 %>\"\/>\n                        <% } else { %>\n                            <span class=\"tkt-badge tkt-badge-plus-minus tkt-badge-split flex-rev-on-mobile\">\n                            <span class=\"tkt-badge-part tkt-grey-badge tkt-minus-btn text-center\">-<\/span>\n                            <span class=\"tkt-badge-part tkt-light-badge text-center\">\n                                <span class=\"variant-qty\">\n                                    <%= article.variants.length == 1 ? 1 : 0 %>\n                                    <\/span>\n                                    x\n                                    <span class=\"pricing-name\">\n                                        <%= variant.name.de %> :\n                                    <\/span>\n                                    <span class=\"pricing-price\">\n                                        <%= variant.price.CHF %> CHF                                    <\/span>\n                                <\/span>\n                                <span class=\"tkt-badge-part tkt-dark-badge tkt-plus-btn text-center\">+<\/span>\n                            <\/span>\n                            <input type=\"hidden\" data-variant=\"<%= key %>\" class=\"tkt-input variant-input\" value=\"<%= article.variants.length == 1 ? 1 : 0 %>\"\/>\n                         <% } %>\n\n                    <% } else { %>\n                        <span class=\"tkt-badge tkt-badge-split flex-rev-on-mobile\">\n                            <span class=\"tkt-badge-part tkt-light-badge text-center out-of-stock\">\n                            <%= variant.name.de %> : Ausverkauft                            <\/span>\n                        <\/span>\n                        <div class=\"tkt-variant-error-msg d-none\" data-variant-id=\"<%= variant._id %>\"><\/div>\n                    <% } %>\n                <\/div>\n            <\/div>\n        <% }) %>\n        <div class=\"row text-center\">\n            <div class=\"col mb-4 d-flex\" style=\"justify-content: center;\">\n                <div class=\"error-panel d-none\"><\/div>\n\t\t<button class=\"button add-to-cart-btn active d-flex\" style=\"background-color: #f39100; border-color: #f39100; font-weight: bold;\">\n\t\t    <p class=\"tkt-icon-cart-plus mr-2 mb-0\"><\/p>\n                     Zu meinem Warenkorb hinzuf\u00fcgen                 <\/button>\n            <\/div>\n        <\/div>\n    <\/div>\n    <% } %>\n<\/div>\n\n    <\/script>\n    <script type=\"text\/template\" id=\"tkt-buy-article-form-success-tpl\">\n        <div class=\"tkt-wrapper\">\n    <div class=\"row\">\n        <div class=\"col\">\n            <h3 class=\"success-title\">\n                Vielen Dank, Ihre Bestellung wird f\u00fcr 30 Minuten in Ihrem Warenkorb reserviert.            <\/h3>\n            <div class=\"float-right text-right\">\n                <a href=\"<%= cart_url %>\" class=\"button show-cart-btn active\" >\n                    Zum Warenkorb gehen                <\/a>\n                <div class=\"continue-shopping\" >\n                    <a href=\"<%= shop_url %>\">Weiter<\/a> mein Besuch                <\/div>\n            <\/div>\n        <\/div>\n    <\/div>\n<\/div>\n    <\/script>\n<\/div>\n<div class=\"fusion-text fusion-text-3\" style=\"--awb-text-transform:none;--awb-margin-top:50px;\"><p><strong>Stelle eines Arztes, der auf die Betreuung von Krebs\u00fcberlebenden spezialisiert ist<\/strong><\/p>\n<p>Die \u00dcberlebensrate von Kindern mit Krebs in der Schweiz verbessert sich von Jahr zu Jahr und liegt insgesamt bei \u00fcber 80%, aber leider wird diese sch\u00f6ne Entwicklung f\u00fcr die \u00dcberlebenden einer Kinderkrebserkrankung durch viele Nebenwirkungen belastet. In diesem Zusammenhang ist eine spezialisierte medizinische Betreuung bis zur Begleitung im Erwachsenenalter erforderlich. Zu diesem Zweck wird eine Nachsorgesprechstunde f\u00fcr \u00dcberlebende am HUG durch die Einstellung einer \u00c4rztin, Dr. Fabienne Gumy-Pause, verst\u00e4rkt, deren Aufgabe es sein wird, diese Begleitung fortzusetzen und zu verstetigen.<\/p>\n<p>&nbsp;<\/p>\n<p><strong>Spezifisches und individualisiertes Behandlungsprogramm f\u00fcr Jugendliche<\/strong><\/p>\n<p>Um Teenagern, die an Kinderkrebs erkrankt sind, eine individuelle und spezifische Betreuung zu bieten, soll ein spezielles Behandlungsprogramm eingerichtet werden.<\/p>\n<\/div><\/div><\/div><\/div><\/div>\n","protected":false},"excerpt":{"rendered":"","protected":false},"author":14,"featured_media":0,"parent":0,"menu_order":5,"comment_status":"closed","ping_status":"closed","template":"","meta":{"ngg_post_thumbnail":0,"footnotes":"","_links_to":"","_links_to_target":""},"class_list":["post-12086","page","type-page","status-publish","hentry"],"aioseo_notices":[],"_links":{"self":[{"href":"https:\/\/cansearch.ch\/de\/wp-json\/wp\/v2\/pages\/12086","targetHints":{"allow":["GET"]}}],"collection":[{"href":"https:\/\/cansearch.ch\/de\/wp-json\/wp\/v2\/pages"}],"about":[{"href":"https:\/\/cansearch.ch\/de\/wp-json\/wp\/v2\/types\/page"}],"author":[{"embeddable":true,"href":"https:\/\/cansearch.ch\/de\/wp-json\/wp\/v2\/users\/14"}],"replies":[{"embeddable":true,"href":"https:\/\/cansearch.ch\/de\/wp-json\/wp\/v2\/comments?post=12086"}],"version-history":[{"count":5,"href":"https:\/\/cansearch.ch\/de\/wp-json\/wp\/v2\/pages\/12086\/revisions"}],"predecessor-version":[{"id":13509,"href":"https:\/\/cansearch.ch\/de\/wp-json\/wp\/v2\/pages\/12086\/revisions\/13509"}],"wp:attachment":[{"href":"https:\/\/cansearch.ch\/de\/wp-json\/wp\/v2\/media?parent=12086"}],"curies":[{"name":"wp","href":"https:\/\/api.w.org\/{rel}","templated":true}]}}