{"id":14587,"date":"2024-04-09T13:17:25","date_gmt":"2024-04-09T13:17:25","guid":{"rendered":"https:\/\/cansearch.ch\/florence-fr\/"},"modified":"2024-04-11T13:38:05","modified_gmt":"2024-04-11T13:38:05","slug":"florence-fr","status":"publish","type":"page","link":"https:\/\/cansearch.ch\/de\/florence-fr\/","title":{"rendered":"Florence Ger"},"content":{"rendered":"<div class=\"fusion-fullwidth fullwidth-box fusion-builder-row-1 fusion-flex-container has-pattern-background has-mask-background nonhundred-percent-fullwidth non-hundred-percent-height-scrolling\" style=\"--awb-border-radius-top-left:0px;--awb-border-radius-top-right:0px;--awb-border-radius-bottom-right:0px;--awb-border-radius-bottom-left:0px;--awb-flex-wrap:wrap;\" ><div class=\"fusion-builder-row fusion-row fusion-flex-align-items-flex-start fusion-flex-content-wrap\" style=\"max-width:1456px;margin-left: calc(-4% \/ 2 );margin-right: calc(-4% \/ 2 );\"><div class=\"fusion-layout-column fusion_builder_column fusion-builder-column-0 fusion_builder_column_3_4 3_4 fusion-flex-column\" style=\"--awb-bg-size:cover;--awb-width-large:75%;--awb-margin-top-large:0px;--awb-spacing-right-large:2.56%;--awb-margin-bottom-large:20px;--awb-spacing-left-large:2.56%;--awb-width-medium:100%;--awb-order-medium:0;--awb-spacing-right-medium:1.92%;--awb-spacing-left-medium:1.92%;--awb-width-small:100%;--awb-order-small:0;--awb-spacing-right-small:1.92%;--awb-spacing-left-small:1.92%;\"><div class=\"fusion-column-wrapper fusion-column-has-shadow fusion-flex-justify-content-flex-start fusion-content-layout-column\"><div class=\"fusion-testimonials clean awb-speech-bubble-show fusion-testimonials-1\" style=\"--awb-name-company-text-color:#686868;--awb-name-company-font-size:15px;--awb-name-company-line-height:1.5;--awb-name-company-letter-spacing:-0.015em;--awb-name-company-text-transform:var(--awb-typography5-text-transform);--awb-textcolor:#424242;--awb-testimonial-text-font-size:17px;--awb-testimonial-text-line-height:1.8;--awb-testimonial-text-letter-spacing:-0.015em;--awb-testimonial-text-text-transform:var(--awb-typography4-text-transform);--awb-backgroundcolor:#f9f6f1;--awb-margin-top:0px;--awb-margin-right:0px;--awb-margin-bottom:0px;--awb-margin-left:0px;--awb-testimonial-border-style:dashed;--awb-testimonial-border-color:#d4d0c9;--awb-navigation-size:8px;--awb-navigation-color:#dd4646;--awb-border-top-left-radius:20px;--awb-border-top-right-radius:20px;--awb-border-bottom-left-radius:20px;--awb-border-bottom-right-radius:20px;--testimonial-border-width-top:1px;--testimonial-border-width-right:1px;--testimonial-border-width-bottom:1px;--testimonial-border-width-left:1px;--awb-testimonial-text-font-family:&quot;Inter&quot;;--awb-testimonial-text-font-style:normal;--awb-testimonial-text-font-weight:400;--awb-name-company-font-family:&quot;Inter&quot;;--awb-name-company-font-style:normal;--awb-name-company-font-weight:400;\" data-random=\"0\" data-speed=\"4000\"><div class=\"reviews\"><div class=\"review active-testimonial avatar-above avatar-image\" style=\"--awb-avatar-size:80px;\"><div class=\"testimonial-thumbnail\"><img decoding=\"async\" class=\"testimonial-image\" src=\"https:\/\/cansearch.ch\/wp-content\/uploads\/2024\/04\/NR_DSF1178.jpg\" width=\"2384\" height=\"1590\" style=\"--awb-border-radius:20px;\" \/><\/div><blockquote class=\"testimonials-shortcode-blockquote\"><div class=\"awb-quote\"><div class=\"awb-quote-content\">\n<p style=\"text-align: center;\">Florence SCHMIDT<br \/>\nProjekt- und Spenderbeauftragte<br \/>\n+41 79 431 64 46 \/ <a href=\"mailto:florence@cansearch.ch\" target=\"_blank\" rel=\"noopener\">florence@cansearch.ch<\/a><\/p>\n<p style=\"text-align: left;\">Mit einem Master in Internationalen Beziehungen von der IUHEID in Genf hat Florence ihre Karriere im Bankwesen im Handelsfinanzierungsbereich bei BNP Paribas begonnen. Anschlie\u00dfend hat sie sich dem Wirtschaftsjournalismus zugewandt und einen Abschluss als PR-Journalistin erworben. \u00dcber mehr als 12 Jahre hinweg war sie f\u00fcr renommierte Titel in der Westschweiz t\u00e4tig (Femina, Bilan, L&#8217;Hebdo) und hat zudem im Audiovisuellen Bereich f\u00fcr T\u00e9l\u00e9 Vaud-Fribourg gearbeitet. Danach hat Florence verschiedene Positionen im Kommunikationsbereich innegehabt, unter anderem f\u00fcr Schweiz Tourismus in Z\u00fcrich oder f\u00fcr PR-Agenturen in Lausanne sowie f\u00fcr Agenturen, die auf Finanz- und Immobilienthemen in Genf spezialisiert sind. Um ihre Ausbildung zu vervollst\u00e4ndigen, hat sie einen DAS in Digitaler Kommunikation von der Universit\u00e4t Genf und ein Community-Manager-Diplom erworben. Florence ist verheiratet und Mutter von drei Kindern.<\/p>\n<\/div><\/div><\/blockquote><div class=\"author\"><span class=\"company-name\"><\/span><\/div><\/div><\/div><\/div><\/div><\/div><\/div><\/div>\n","protected":false},"excerpt":{"rendered":"","protected":false},"author":14,"featured_media":0,"parent":0,"menu_order":0,"comment_status":"closed","ping_status":"closed","template":"side-navigation.php","meta":{"ngg_post_thumbnail":0,"footnotes":"","_links_to":"","_links_to_target":""},"class_list":["post-14587","page","type-page","status-publish","hentry"],"aioseo_notices":[],"_links":{"self":[{"href":"https:\/\/cansearch.ch\/de\/wp-json\/wp\/v2\/pages\/14587","targetHints":{"allow":["GET"]}}],"collection":[{"href":"https:\/\/cansearch.ch\/de\/wp-json\/wp\/v2\/pages"}],"about":[{"href":"https:\/\/cansearch.ch\/de\/wp-json\/wp\/v2\/types\/page"}],"author":[{"embeddable":true,"href":"https:\/\/cansearch.ch\/de\/wp-json\/wp\/v2\/users\/14"}],"replies":[{"embeddable":true,"href":"https:\/\/cansearch.ch\/de\/wp-json\/wp\/v2\/comments?post=14587"}],"version-history":[{"count":2,"href":"https:\/\/cansearch.ch\/de\/wp-json\/wp\/v2\/pages\/14587\/revisions"}],"predecessor-version":[{"id":14589,"href":"https:\/\/cansearch.ch\/de\/wp-json\/wp\/v2\/pages\/14587\/revisions\/14589"}],"wp:attachment":[{"href":"https:\/\/cansearch.ch\/de\/wp-json\/wp\/v2\/media?parent=14587"}],"curies":[{"name":"wp","href":"https:\/\/api.w.org\/{rel}","templated":true}]}}