{"id":14592,"date":"2024-04-09T12:05:21","date_gmt":"2024-04-09T12:05:21","guid":{"rendered":"https:\/\/cansearch.ch\/cathy-fr-2\/"},"modified":"2024-04-11T13:36:17","modified_gmt":"2024-04-11T13:36:17","slug":"cathy-fr-2","status":"publish","type":"page","link":"https:\/\/cansearch.ch\/de\/cathy-fr-2\/","title":{"rendered":"Cathy Ger"},"content":{"rendered":"<div class=\"fusion-fullwidth fullwidth-box fusion-builder-row-1 fusion-flex-container has-pattern-background has-mask-background nonhundred-percent-fullwidth non-hundred-percent-height-scrolling\" style=\"--awb-border-radius-top-left:0px;--awb-border-radius-top-right:0px;--awb-border-radius-bottom-right:0px;--awb-border-radius-bottom-left:0px;--awb-flex-wrap:wrap;\" ><div class=\"fusion-builder-row fusion-row fusion-flex-align-items-flex-start fusion-flex-content-wrap\" style=\"max-width:1456px;margin-left: calc(-4% \/ 2 );margin-right: calc(-4% \/ 2 );\"><div class=\"fusion-layout-column fusion_builder_column fusion-builder-column-0 fusion_builder_column_3_4 3_4 fusion-flex-column\" style=\"--awb-bg-size:cover;--awb-width-large:75%;--awb-margin-top-large:0px;--awb-spacing-right-large:2.56%;--awb-margin-bottom-large:20px;--awb-spacing-left-large:2.56%;--awb-width-medium:100%;--awb-order-medium:0;--awb-spacing-right-medium:1.92%;--awb-spacing-left-medium:1.92%;--awb-width-small:100%;--awb-order-small:0;--awb-spacing-right-small:1.92%;--awb-spacing-left-small:1.92%;\"><div class=\"fusion-column-wrapper fusion-column-has-shadow fusion-flex-justify-content-flex-start fusion-content-layout-column\"><div class=\"fusion-testimonials clean awb-speech-bubble-show fusion-testimonials-1\" style=\"--awb-name-company-text-color:#686868;--awb-name-company-font-size:15px;--awb-name-company-line-height:1.5;--awb-name-company-letter-spacing:-0.015em;--awb-name-company-text-transform:var(--awb-typography5-text-transform);--awb-textcolor:#424242;--awb-testimonial-text-font-size:17px;--awb-testimonial-text-line-height:1.8;--awb-testimonial-text-letter-spacing:-0.015em;--awb-testimonial-text-text-transform:var(--awb-typography4-text-transform);--awb-backgroundcolor:#f9f6f1;--awb-margin-top:0px;--awb-margin-right:0px;--awb-margin-bottom:0px;--awb-margin-left:0px;--awb-testimonial-border-style:dashed;--awb-testimonial-border-color:#d4d0c9;--awb-navigation-size:8px;--awb-navigation-color:#dd4646;--awb-border-top-left-radius:20px;--awb-border-top-right-radius:20px;--awb-border-bottom-left-radius:20px;--awb-border-bottom-right-radius:20px;--testimonial-border-width-top:1px;--testimonial-border-width-right:1px;--testimonial-border-width-bottom:1px;--testimonial-border-width-left:1px;--awb-testimonial-text-font-family:&quot;Inter&quot;;--awb-testimonial-text-font-style:normal;--awb-testimonial-text-font-weight:400;--awb-name-company-font-family:&quot;Inter&quot;;--awb-name-company-font-style:normal;--awb-name-company-font-weight:400;\" data-random=\"0\" data-speed=\"4000\"><div class=\"reviews\"><div class=\"review active-testimonial avatar-above avatar-image\" style=\"--awb-avatar-size:80px;\"><div class=\"testimonial-thumbnail\"><img decoding=\"async\" class=\"testimonial-image\" src=\"https:\/\/cansearch.ch\/wp-content\/uploads\/2021\/02\/D-GVqdvg-e1712658877980.jpeg\" width=\"178\" height=\"178\" style=\"--awb-border-radius:20px;\" \/><\/div><blockquote class=\"testimonials-shortcode-blockquote\"><div class=\"awb-quote\"><div class=\"awb-quote-content\">\n<p>Cathy Wintsch<br \/>\n<a href=\"mailto:cathy@cansearch.ch\">cathy@cansearch.ch<\/a><\/p>\n<p style=\"text-align: left;\">Freiwillige f\u00fcr CANSEARCH seit 2014. Urspr\u00fcnglich aus Irland, kam Cathy 1989 f\u00fcr drei Monate nach Genf und ist nie wieder gegangen. Sie hat 12 Jahre lang beim GATT\/OMC gearbeitet und entschied sich dann, sich Vollzeit ihrer Familie zu widmen. Begeistert von Golf und Reisen, unterst\u00fctzt sie die Stiftung das ganze Jahr \u00fcber bei zahlreichen administrativen Aufgaben und ist Mitglied des Organisationskomitees f\u00fcr Veranstaltungen, insbesondere die Wohlt\u00e4tigkeitsveranstaltung. Cathy ist verheiratet und Mutter von zwei T\u00f6chtern.<\/p>\n<\/div><\/div><\/blockquote><div class=\"author\"><span class=\"company-name\"><\/span><\/div><\/div><\/div><\/div><\/div><\/div><\/div><\/div>\n","protected":false},"excerpt":{"rendered":"","protected":false},"author":14,"featured_media":0,"parent":0,"menu_order":0,"comment_status":"closed","ping_status":"closed","template":"side-navigation.php","meta":{"ngg_post_thumbnail":0,"footnotes":"","_links_to":"","_links_to_target":""},"class_list":["post-14592","page","type-page","status-publish","hentry"],"aioseo_notices":[],"_links":{"self":[{"href":"https:\/\/cansearch.ch\/de\/wp-json\/wp\/v2\/pages\/14592","targetHints":{"allow":["GET"]}}],"collection":[{"href":"https:\/\/cansearch.ch\/de\/wp-json\/wp\/v2\/pages"}],"about":[{"href":"https:\/\/cansearch.ch\/de\/wp-json\/wp\/v2\/types\/page"}],"author":[{"embeddable":true,"href":"https:\/\/cansearch.ch\/de\/wp-json\/wp\/v2\/users\/14"}],"replies":[{"embeddable":true,"href":"https:\/\/cansearch.ch\/de\/wp-json\/wp\/v2\/comments?post=14592"}],"version-history":[{"count":1,"href":"https:\/\/cansearch.ch\/de\/wp-json\/wp\/v2\/pages\/14592\/revisions"}],"predecessor-version":[{"id":14593,"href":"https:\/\/cansearch.ch\/de\/wp-json\/wp\/v2\/pages\/14592\/revisions\/14593"}],"wp:attachment":[{"href":"https:\/\/cansearch.ch\/de\/wp-json\/wp\/v2\/media?parent=14592"}],"curies":[{"name":"wp","href":"https:\/\/api.w.org\/{rel}","templated":true}]}}