{"id":15892,"date":"2025-11-24T15:05:27","date_gmt":"2025-11-24T15:05:27","guid":{"rendered":"https:\/\/cansearch.ch\/?page_id=15892"},"modified":"2026-03-17T09:27:03","modified_gmt":"2026-03-17T09:27:03","slug":"soiree-2026","status":"publish","type":"page","link":"https:\/\/cansearch.ch\/de\/galaabend\/soiree-2026\/","title":{"rendered":"2026"},"content":{"rendered":"<div class=\"fusion-fullwidth fullwidth-box fusion-builder-row-1 fusion-flex-container nonhundred-percent-fullwidth non-hundred-percent-height-scrolling\" style=\"--awb-border-radius-top-left:0px;--awb-border-radius-top-right:0px;--awb-border-radius-bottom-right:0px;--awb-border-radius-bottom-left:0px;--awb-flex-wrap:wrap;\" ><div class=\"fusion-builder-row fusion-row fusion-flex-align-items-flex-start fusion-flex-content-wrap\" style=\"max-width:1456px;margin-left: calc(-4% \/ 2 );margin-right: calc(-4% \/ 2 );\"><div class=\"fusion-layout-column fusion_builder_column fusion-builder-column-0 fusion_builder_column_1_1 1_1 fusion-flex-column\" style=\"--awb-bg-size:cover;--awb-width-large:100%;--awb-margin-top-large:0px;--awb-spacing-right-large:1.92%;--awb-margin-bottom-large:0px;--awb-spacing-left-large:1.92%;--awb-width-medium:100%;--awb-spacing-right-medium:1.92%;--awb-spacing-left-medium:1.92%;--awb-width-small:100%;--awb-spacing-right-small:1.92%;--awb-spacing-left-small:1.92%;\"><div class=\"fusion-column-wrapper fusion-flex-justify-content-flex-start fusion-content-layout-column\"><div class=\"fusion-text fusion-text-1\"><p data-start=\"51\" data-end=\"210\">Wir freuen uns, bekannt zu geben, dass der n\u00e4chste CANSEARCH-Benefizabend am Donnerstag, den <strong>17. September 2026,<\/strong> in der Arena in Genf stattfinden wird.<\/p>\n<p data-start=\"212\" data-end=\"367\">Wir planen erneut einen Abend, der unvergesslich zu werden verspricht, und freuen uns darauf, Sie zahlreich zu diesem besonderen Anlass begr\u00fc\u00dfen zu d\u00fcrfen.<\/p>\n<p data-start=\"369\" data-end=\"411\">Weitere Informationen folgen in K\u00fcrze.<\/p>\n<\/div><div style=\"text-align:center;\"><a class=\"fusion-button button-flat button-xlarge button-custom fusion-button-default button-1 fusion-button-default-span fusion-button-default-type fusion-has-button-gradient\" style=\"--button_accent_color:#0a5b62;--button_accent_hover_color:#787878;--button_border_hover_color:#787878;--button_gradient_top_color:#ffd700;--button_gradient_bottom_color:#ffe44c;--button_gradient_top_color_hover:#d6d6d6;--button_gradient_bottom_color_hover:#e8e8e8;\" target=\"_self\" href=\"https:\/\/cansearch.ch\/de\/galaabend\/2026-2\/billetterie\/\"><span class=\"fusion-button-text awb-button__text awb-button__text--default\">Ticketing<\/span><\/a><\/div><\/div><\/div><\/div><\/div>\n","protected":false},"excerpt":{"rendered":"","protected":false},"author":14,"featured_media":0,"parent":9322,"menu_order":0,"comment_status":"closed","ping_status":"closed","template":"side-navigation.php","meta":{"ngg_post_thumbnail":0,"footnotes":"","_links_to":"","_links_to_target":""},"class_list":["post-15892","page","type-page","status-publish","hentry"],"aioseo_notices":[],"_links":{"self":[{"href":"https:\/\/cansearch.ch\/de\/wp-json\/wp\/v2\/pages\/15892","targetHints":{"allow":["GET"]}}],"collection":[{"href":"https:\/\/cansearch.ch\/de\/wp-json\/wp\/v2\/pages"}],"about":[{"href":"https:\/\/cansearch.ch\/de\/wp-json\/wp\/v2\/types\/page"}],"author":[{"embeddable":true,"href":"https:\/\/cansearch.ch\/de\/wp-json\/wp\/v2\/users\/14"}],"replies":[{"embeddable":true,"href":"https:\/\/cansearch.ch\/de\/wp-json\/wp\/v2\/comments?post=15892"}],"version-history":[{"count":2,"href":"https:\/\/cansearch.ch\/de\/wp-json\/wp\/v2\/pages\/15892\/revisions"}],"predecessor-version":[{"id":15920,"href":"https:\/\/cansearch.ch\/de\/wp-json\/wp\/v2\/pages\/15892\/revisions\/15920"}],"up":[{"embeddable":true,"href":"https:\/\/cansearch.ch\/de\/wp-json\/wp\/v2\/pages\/9322"}],"wp:attachment":[{"href":"https:\/\/cansearch.ch\/de\/wp-json\/wp\/v2\/media?parent=15892"}],"curies":[{"name":"wp","href":"https:\/\/api.w.org\/{rel}","templated":true}]}}