{"id":8414,"date":"2021-01-14T12:22:13","date_gmt":"2021-01-14T12:22:13","guid":{"rendered":"https:\/\/cansearch.ch\/spende-kauf-von-laborausruestung\/"},"modified":"2021-02-09T09:06:22","modified_gmt":"2021-02-09T09:06:22","slug":"spende-kauf-von-laborausruestung","status":"publish","type":"page","link":"https:\/\/cansearch.ch\/de\/handeln\/spende-kauf-von-laborausruestung\/","title":{"rendered":"Spende\/Kauf von Laborausr\u00fcstung"},"content":{"rendered":"<div class=\"fusion-fullwidth fullwidth-box fusion-builder-row-1 nonhundred-percent-fullwidth non-hundred-percent-height-scrolling\" style=\"--awb-border-radius-top-left:0px;--awb-border-radius-top-right:0px;--awb-border-radius-bottom-right:0px;--awb-border-radius-bottom-left:0px;--awb-flex-wrap:wrap;\" ><div class=\"fusion-builder-row fusion-row\"><div class=\"fusion-layout-column fusion_builder_column fusion-builder-column-0 fusion_builder_column_1_1 1_1 fusion-one-full fusion-column-first fusion-column-last\" style=\"--awb-bg-size:cover;\"><div class=\"fusion-column-wrapper fusion-flex-column-wrapper-legacy\"><div class=\"fusion-title title fusion-title-1 fusion-sep-none fusion-title-text fusion-title-size-two\"><h2 class=\"fusion-title-heading title-heading-left\" style=\"margin:0;\"><div>\n<p><span lang=\"DE-CH\">Spenden als Beitrag zum Kauf von Ausr\u00fcstung f\u00fcr unser Labor<\/span><\/p>\n<\/div><\/h2><\/div><div class=\"fusion-text fusion-text-1\"><div>\n<p><span lang=\"DE-CH\">Einige Spender m\u00f6chten in der Lage sein, ihre Spende gezielt einzusetzen und so genau wie m\u00f6glich zu sehen, was sie mit dem gespendeten Betrag finanzieren k\u00f6nnen.<\/span><\/p>\n<\/div>\n<p><span lang=\"DE-CH\">Damit Sie einen ganz konkreten Beitrag zu unseren Eink\u00e4ufen von Verbrauchsmaterialien f\u00fcr das Labor leisten k\u00f6nnen und um Ihnen eine Vorstellung davon zu geben, was die Kosten f\u00fcr die Laborausstattung ausmachen, finden Sie im Folgenden einige Beispiele und Vorschl\u00e4ge zur Unterst\u00fctzung.<\/span><\/p>\n<p><span lang=\"DE-CH\">Hier sind also ein paar Artikel, bei deren Kauf Sie uns helfen k\u00f6nnen. Diese Gegenst\u00e4nde werden tats\u00e4chlich von dem von der CANSEARCH Foundation unterst\u00fctzten Labor gekauft und verwendet. Hier finden Sie die Anzahl der noch zu erwerbenden Artikel, die wir f\u00fcr die 2. H\u00e4lfte des Jahres 2020 (Juni bis Dezember) erwerben m\u00fcssen, um unsere Laboraktivit\u00e4ten fortzusetzen, sowie deren Preis pro Einheit und Beschreibung.<\/span><\/p>\n<p><span lang=\"DE-CH\">Und jetzt liegt es an Ihnen, also t\u00e4tigen Sie Ihre Eink\u00e4ufe f\u00fcr uns, und Sie erhalten nat\u00fcrlich eine Empfangsbest\u00e4tigung und eine Steuerbescheinigung f\u00fcr Ihre Spende (f\u00fcr jede Spende \u00fcber CHF 20.-).<\/span><\/p>\n<div>\n<p>Vielen Dank f\u00fcr Ihre Unterst\u00fctzung!&nbsp;<\/p>\n<\/div>\n<\/div>[fusion_woo_shortcodes][product_category category=&#8221;articles&#8221; columns=&#8221;3&#8243; orderby=&#8221;date&#8221; order=&#8221;desc&#8221;][\/fusion_woo_shortcodes]<div class=\"fusion-clearfix\"><\/div><\/div><\/div><\/div><\/div>\n","protected":false},"excerpt":{"rendered":"","protected":false},"author":1,"featured_media":0,"parent":9319,"menu_order":2,"comment_status":"closed","ping_status":"closed","template":"side-navigation.php","meta":{"ngg_post_thumbnail":0,"footnotes":"","_links_to":"","_links_to_target":""},"class_list":["post-8414","page","type-page","status-publish","hentry"],"aioseo_notices":[],"_links":{"self":[{"href":"https:\/\/cansearch.ch\/de\/wp-json\/wp\/v2\/pages\/8414","targetHints":{"allow":["GET"]}}],"collection":[{"href":"https:\/\/cansearch.ch\/de\/wp-json\/wp\/v2\/pages"}],"about":[{"href":"https:\/\/cansearch.ch\/de\/wp-json\/wp\/v2\/types\/page"}],"author":[{"embeddable":true,"href":"https:\/\/cansearch.ch\/de\/wp-json\/wp\/v2\/users\/1"}],"replies":[{"embeddable":true,"href":"https:\/\/cansearch.ch\/de\/wp-json\/wp\/v2\/comments?post=8414"}],"version-history":[{"count":8,"href":"https:\/\/cansearch.ch\/de\/wp-json\/wp\/v2\/pages\/8414\/revisions"}],"predecessor-version":[{"id":9553,"href":"https:\/\/cansearch.ch\/de\/wp-json\/wp\/v2\/pages\/8414\/revisions\/9553"}],"up":[{"embeddable":true,"href":"https:\/\/cansearch.ch\/de\/wp-json\/wp\/v2\/pages\/9319"}],"wp:attachment":[{"href":"https:\/\/cansearch.ch\/de\/wp-json\/wp\/v2\/media?parent=8414"}],"curies":[{"name":"wp","href":"https:\/\/api.w.org\/{rel}","templated":true}]}}