{"id":8418,"date":"2021-01-14T12:30:54","date_gmt":"2021-01-14T12:30:54","guid":{"rendered":"https:\/\/cansearch.ch\/vermaechtnisse-und-nachlaesse\/"},"modified":"2021-01-14T12:30:56","modified_gmt":"2021-01-14T12:30:56","slug":"vermaechtnisse-und-nachlaesse","status":"publish","type":"page","link":"https:\/\/cansearch.ch\/de\/handeln\/vermaechtnisse-und-nachlaesse\/","title":{"rendered":"Verm\u00e4chtnisse und Nachl\u00e4sse"},"content":{"rendered":"<div class=\"fusion-fullwidth fullwidth-box fusion-builder-row-1 nonhundred-percent-fullwidth non-hundred-percent-height-scrolling\" style=\"--awb-border-radius-top-left:0px;--awb-border-radius-top-right:0px;--awb-border-radius-bottom-right:0px;--awb-border-radius-bottom-left:0px;--awb-flex-wrap:wrap;\" ><div class=\"fusion-builder-row fusion-row\"><div class=\"fusion-layout-column fusion_builder_column fusion-builder-column-0 fusion_builder_column_2_3 2_3 fusion-two-third fusion-column-first\" style=\"--awb-bg-size:cover;width:66.666666666667%;width:calc(66.666666666667% - ( ( 4% ) * 0.66666666666667 ) );margin-right: 4%;\"><div class=\"fusion-column-wrapper fusion-flex-column-wrapper-legacy\"><div class=\"fusion-text fusion-text-1\"><p>Die Sache, die CANSEARCH unterst\u00fctzt, ist Ihnen sehr wichtig, und Sie m\u00f6chten diesen krebskranken Kindern helfen k\u00f6nnen. Sie haben die M\u00f6glichkeit, die Stiftung CANSEARCH in Ihrem Testament zu erw\u00e4hnen. Damit unterst\u00fctzen Sie die medizinische Forschung in der p\u00e4diatrischen Onkologie und erm\u00f6glichen den Kindern von morgen, diese Krankheit wirksamer zu bek\u00e4mpfen, aber auch im Erwachsenenalter ein Leben frei von Folgeerkrankungen zu genie\u00dfen.<\/p>\n<p>Auf diese Weise tun Sie Gutes und spenden einen Teil Ihres Verm\u00f6gens f\u00fcr eine edle Sache. Wenn Sie sich entscheiden, CANSEARCH ein Verm\u00e4chtnis zu hinterlassen oder einen Teil Ihres Nachlasses CANSEARCH zu widmen, werden die Kinder und ihre Familien Ihnen unendlich dankbar sein. Ich danke Ihnen, dass Sie ihnen ein gr\u00f6\u00dferes Gef\u00fchl der Hoffnung geben, um weiterhin positiv in die Zukunft blicken zu k\u00f6nnen.<\/p>\n<p>Wenn Sie interessiert sind, w\u00fcrden wir dies gerne mit Ihnen besprechen und Ihre Fragen beantworten, die Sie vielleicht haben. Bitte z\u00f6gern Sie nicht, uns zu kontaktieren, indem Sie uns Ihre Kontaktdaten per E-Mail an info@cansearch.ch senden.<\/p>\n<p>&nbsp;<\/p>\n<p>Wir danken Ihnen von ganzem Herzen f\u00fcr Ihre Gro\u00dfz\u00fcgigkeit.<\/p>\n<p>&nbsp;<\/p>\n<\/div><div class=\"fusion-clearfix\"><\/div><\/div><\/div><div class=\"fusion-layout-column fusion_builder_column fusion-builder-column-1 fusion_builder_column_1_3 1_3 fusion-one-third fusion-column-last\" style=\"--awb-bg-size:cover;width:33.333333333333%;width:calc(33.333333333333% - ( ( 4% ) * 0.33333333333333 ) );\"><div class=\"fusion-column-wrapper fusion-flex-column-wrapper-legacy\"><div class=\"fusion-clearfix\"><\/div><\/div><\/div><\/div><\/div>\n","protected":false},"excerpt":{"rendered":"","protected":false},"author":14,"featured_media":0,"parent":9319,"menu_order":3,"comment_status":"closed","ping_status":"closed","template":"side-navigation.php","meta":{"ngg_post_thumbnail":0,"footnotes":"","_links_to":"","_links_to_target":""},"class_list":["post-8418","page","type-page","status-publish","hentry"],"aioseo_notices":[],"_links":{"self":[{"href":"https:\/\/cansearch.ch\/de\/wp-json\/wp\/v2\/pages\/8418","targetHints":{"allow":["GET"]}}],"collection":[{"href":"https:\/\/cansearch.ch\/de\/wp-json\/wp\/v2\/pages"}],"about":[{"href":"https:\/\/cansearch.ch\/de\/wp-json\/wp\/v2\/types\/page"}],"author":[{"embeddable":true,"href":"https:\/\/cansearch.ch\/de\/wp-json\/wp\/v2\/users\/14"}],"replies":[{"embeddable":true,"href":"https:\/\/cansearch.ch\/de\/wp-json\/wp\/v2\/comments?post=8418"}],"version-history":[{"count":2,"href":"https:\/\/cansearch.ch\/de\/wp-json\/wp\/v2\/pages\/8418\/revisions"}],"predecessor-version":[{"id":8420,"href":"https:\/\/cansearch.ch\/de\/wp-json\/wp\/v2\/pages\/8418\/revisions\/8420"}],"up":[{"embeddable":true,"href":"https:\/\/cansearch.ch\/de\/wp-json\/wp\/v2\/pages\/9319"}],"wp:attachment":[{"href":"https:\/\/cansearch.ch\/de\/wp-json\/wp\/v2\/media?parent=8418"}],"curies":[{"name":"wp","href":"https:\/\/api.w.org\/{rel}","templated":true}]}}