{"id":8856,"date":"2021-01-19T13:09:36","date_gmt":"2021-01-19T13:09:36","guid":{"rendered":"https:\/\/cansearch.ch\/unternehmenspartnerschaften\/"},"modified":"2021-05-01T13:41:45","modified_gmt":"2021-05-01T13:41:45","slug":"unternehmenspartnerschaften","status":"publish","type":"page","link":"https:\/\/cansearch.ch\/de\/handeln\/unternehmenspartnerschaften\/","title":{"rendered":"Unternehmenspartnerschaften"},"content":{"rendered":"<div class=\"fusion-fullwidth fullwidth-box fusion-builder-row-1 hundred-percent-fullwidth non-hundred-percent-height-scrolling\" style=\"--awb-border-radius-top-left:0px;--awb-border-radius-top-right:0px;--awb-border-radius-bottom-right:0px;--awb-border-radius-bottom-left:0px;--awb-overflow:visible;--awb-flex-wrap:wrap;\" ><div class=\"fusion-builder-row fusion-row\"><div class=\"fusion-layout-column fusion_builder_column fusion-builder-column-0 fusion_builder_column_2_3 2_3 fusion-two-third fusion-column-first\" style=\"--awb-bg-size:cover;width:65.3333%; margin-right: 4%;\"><div class=\"fusion-column-wrapper fusion-flex-column-wrapper-legacy\"><div class=\"fusion-text fusion-text-1\"><p>Sie sind ein Unternehmen, das im Rahmen seiner sozialen Verantwortung eine gute Sache unterst\u00fctzen und gleichzeitig seine Mitarbeiter einbeziehen und sensibilisieren m\u00f6chte. Hier ist ein Dokument, das Sie zum Handeln ermutigen und Ihnen einige Ideen f\u00fcr Veranstaltungen oder Aktionen geben wird.<\/p>\n<p><a href=\"https:\/\/cansearch.ch\/wp-content\/uploads\/2021\/05\/CORPORATE-PARTNERSHIPS.pdf\" target=\"_blank\" rel=\"noopener\">Flyer entreprises<\/a><\/p>\n<\/div><div class=\"fusion-sep-clear\"><\/div><div class=\"fusion-separator fusion-full-width-sep\" style=\"margin-left: auto;margin-right: auto;width:100%;\"><div class=\"fusion-separator-border sep-single\" style=\"--awb-height:20px;--awb-amount:20px;border-color:#e0dede;border-top-width:1px;\"><\/div><\/div><div class=\"fusion-sep-clear\"><\/div><div class=\"fusion-text fusion-text-2\"><p><img decoding=\"async\" class=\"size-full wp-image-8859 alignleft\" src=\"https:\/\/cansearch.ch\/wp-content\/uploads\/2020\/07\/logo-alaya-2.0.png\" alt=\"\" width=\"124\" height=\"102\">Die Stiftung CANSEARCH ist auf der Online-Plattform ALAYA pr\u00e4sent, die es ihren Mitgliedsunternehmen erm\u00f6glicht, dass sich ihre Mitarbeiter f\u00fcr eine gute Sache engagieren. &nbsp;Das Solidarit\u00e4tsengagement des Mitarbeiters kann in Form einer Spende oder eines Beitrags aufgrund seiner Kompetenzen an eine Organisation seiner Wahl erfolgen. Das Unternehmen kann beschlie\u00dfen, die Spende des Mitarbeiters zu verdoppeln oder freiwillige Arbeitsstunden anzubieten. Eine Chance, die der Arbeit vieler Mitarbeiter einen Sinn gibt und daher sowohl dem Unternehmen als auch den beg\u00fcnstigten Organisationen, zu denen die CANSEARCH Foundation geh\u00f6rt, zugute kommt.<\/p>\n<\/div><div class=\"fusion-clearfix\"><\/div><\/div><\/div><\/div><\/div>\n","protected":false},"excerpt":{"rendered":"","protected":false},"author":14,"featured_media":0,"parent":9319,"menu_order":5,"comment_status":"closed","ping_status":"closed","template":"side-navigation.php","meta":{"ngg_post_thumbnail":0,"footnotes":"","_links_to":"","_links_to_target":""},"class_list":["post-8856","page","type-page","status-publish","hentry"],"aioseo_notices":[],"_links":{"self":[{"href":"https:\/\/cansearch.ch\/de\/wp-json\/wp\/v2\/pages\/8856","targetHints":{"allow":["GET"]}}],"collection":[{"href":"https:\/\/cansearch.ch\/de\/wp-json\/wp\/v2\/pages"}],"about":[{"href":"https:\/\/cansearch.ch\/de\/wp-json\/wp\/v2\/types\/page"}],"author":[{"embeddable":true,"href":"https:\/\/cansearch.ch\/de\/wp-json\/wp\/v2\/users\/14"}],"replies":[{"embeddable":true,"href":"https:\/\/cansearch.ch\/de\/wp-json\/wp\/v2\/comments?post=8856"}],"version-history":[{"count":4,"href":"https:\/\/cansearch.ch\/de\/wp-json\/wp\/v2\/pages\/8856\/revisions"}],"predecessor-version":[{"id":10314,"href":"https:\/\/cansearch.ch\/de\/wp-json\/wp\/v2\/pages\/8856\/revisions\/10314"}],"up":[{"embeddable":true,"href":"https:\/\/cansearch.ch\/de\/wp-json\/wp\/v2\/pages\/9319"}],"wp:attachment":[{"href":"https:\/\/cansearch.ch\/de\/wp-json\/wp\/v2\/media?parent=8856"}],"curies":[{"name":"wp","href":"https:\/\/api.w.org\/{rel}","templated":true}]}}