{"id":8971,"date":"2016-04-07T12:30:42","date_gmt":"2016-04-07T12:30:42","guid":{"rendered":"https:\/\/cansearch.ch\/stiftung\/aufgaben\/"},"modified":"2024-04-10T13:33:58","modified_gmt":"2024-04-10T13:33:58","slug":"missions","status":"publish","type":"page","link":"https:\/\/cansearch.ch\/de\/stiftung\/missions\/","title":{"rendered":"Aufgaben"},"content":{"rendered":"<div class=\"fusion-fullwidth fullwidth-box fusion-builder-row-1 hundred-percent-fullwidth non-hundred-percent-height-scrolling\" style=\"--awb-border-radius-top-left:0px;--awb-border-radius-top-right:0px;--awb-border-radius-bottom-right:0px;--awb-border-radius-bottom-left:0px;--awb-overflow:visible;--awb-flex-wrap:wrap;\" ><div class=\"fusion-builder-row fusion-row\"><div class=\"fusion-layout-column fusion_builder_column fusion-builder-column-0 fusion_builder_column_1_1 1_1 fusion-one-full fusion-column-first fusion-column-last\" style=\"--awb-bg-size:cover;\"><div class=\"fusion-column-wrapper fusion-flex-column-wrapper-legacy\"><div class=\"fusion-content-boxes content-boxes columns row fusion-columns-3 fusion-columns-total-3 fusion-content-boxes-1 content-boxes-icon-with-title content-left has-flex-alignment fusion-delayed-animation\" style=\"--awb-backgroundcolor:rgba(13,133,231,0.05);--awb-border-radius-top-left:5px;--awb-border-radius-top-right:5px;--awb-border-radius-bottom-right:5px;--awb-border-radius-bottom-left:5px;--awb-alignment:stretch;--awb-body-color:#424242;--awb-title-color:#0f0f0f;--awb-iconcolor:#0d85e8;--awb-iconcolor-hover:#ffffff;--awb-circlecolor-hover:#1dd485;--awb-margin-top:15px;--awb-hover-accent-color:#0d85e8;--awb-circle-hover-accent-color:#0d85e8;\" data-animation-delay=\"1000\" data-animationOffset=\"top-into-view\"><div style=\"--awb-backgroundcolor:rgba(13,133,231,0.05);--awb-iconcolor:#0d85e8;--awb-iconcolor-hover:#ffffff;--awb-circlecolor-hover:#1dd485;\" class=\"fusion-column content-box-column content-box-column content-box-column-1 col-lg-4 col-md-4 col-sm-4 fusion-content-box-hover content-box-column-first-in-row\"><div class=\"col content-box-wrapper content-wrapper-background link-area-link-icon icon-hover-animation-fade fusion-animated\" data-animationType=\"fadeInUp\" data-animationDuration=\"1.2\" data-animationOffset=\"top-into-view\"><div class=\"heading heading-with-icon icon-left\"><div class=\"icon\" style=\"-webkit-animation-duration: 1000ms;animation-duration: 1000ms;\"><i style=\"border-color:#333333;border-width:0px;background-color:rgba(13,133,231,0.1);box-sizing:content-box;height:58px;width:58px;line-height:58px;border-radius:5px;font-size:29px;\" aria-hidden=\"true\" class=\"fontawesome-icon icon-basic-desk circle-yes\"><\/i><\/div><h2 class=\"content-box-heading\" style=\"--h2_typography-font-size:23px;line-height:28px;\">Aufgaben<\/h2><\/div><div class=\"fusion-clearfix\"><\/div><div class=\"content-container\">\n<p>Die CANSEARCH-Stiftung finanziert Forschungsprojekte innerhalb der P\u00e4diatrischen Onco-H\u00e4matologie Station der Abteilung f\u00fcr Kinder und Jugendliche der Universit\u00e4tsspital Genf.<\/p>\n<p>Die Aufgaben dieser Station sind:<\/p>\n<ul>\n<li>die Behandlung von Kindern, die an Krebs oder Blutkrankheiten leiden<\/li>\n<li>Forschungen zu betreiben, um das Verst\u00e4ndnis und die Behandlung dieser Krankheiten zu verbessern<\/li>\n<\/ul>\n<p>Zu diesen Zwecken wurde in Genf die erste Plattform f\u00fcr p\u00e4diatrische Onkologie und H\u00e4matologie, das Forschungslabor CANSEARCH, eingerichtet. Ihre Forschungsarbeit tr\u00e4gt dazu bei, einen hohen medizinischen Standard im Kanton Genf aufrechtzuerhalten. Dank einer \u00f6ffentlich-privaten Partnerschaft bietet die Stiftung ein Zentrum f\u00fcr personalisierte und hochspezialisierte Medizin.<\/p>\n<\/div><\/div><\/div><div style=\"--awb-backgroundcolor:rgba(13,133,231,0.05);--awb-iconcolor:#0d85e8;--awb-iconcolor-hover:#ffffff;--awb-circlecolor-hover:#1dd485;\" class=\"fusion-column content-box-column content-box-column content-box-column-2 col-lg-4 col-md-4 col-sm-4 fusion-content-box-hover \"><div class=\"col content-box-wrapper content-wrapper-background link-area-link-icon icon-hover-animation-fade fusion-animated\" data-animationType=\"fadeInUp\" data-animationDuration=\"1.2\" data-animationOffset=\"top-into-view\"><div class=\"heading heading-with-icon icon-left\"><div class=\"icon\" style=\"-webkit-animation-duration: 1000ms;animation-duration: 1000ms;\"><i style=\"border-color:#333333;border-width:0px;background-color:rgba(13,133,231,0.1);box-sizing:content-box;height:58px;width:58px;line-height:58px;border-radius:5px;font-size:29px;\" aria-hidden=\"true\" class=\"fontawesome-icon icon-basic-settings circle-yes\"><\/i><\/div><h2 class=\"content-box-heading\" style=\"--h2_typography-font-size:23px;line-height:28px;\">Die Forschungsthemen<\/h2><\/div><div class=\"fusion-clearfix\"><\/div><div class=\"content-container\">\n<p>Fortschritte in der p\u00e4diatrischen Onkologie wurden in den letzten Jahren durch zwei verschiedene Forschungsthemen erzielt:<\/p>\n<ul>\n<li>Laborforschung, die die Untersuchung biologischer Parameter beinhaltet<\/li>\n<li>klinische Forschung, die die Umsetzung neuer therapeutischer Strategien erm\u00f6glicht.<\/li>\n<\/ul>\n<p>Fortschritte in der Laborforschung haben einen gro\u00dfen Einfluss auf Studien therapeutischer Kliniken. Einer dieser Forschungsthema betrifft die \u201cOnkogenetik\u201d und erm\u00f6glicht insbesondere die Charakterisierung vieler Tumoren nach sehr spezifischen biologischen Kriterien, wie genetische Anomalien (Mutationen, Translokationen, usw.) oder Expressionen spezifischer Zellmarkern.<\/p>\n<\/div><\/div><\/div><div style=\"--awb-backgroundcolor:rgba(13,133,231,0.05);--awb-iconcolor:#0d85e8;--awb-iconcolor-hover:#ffffff;--awb-circlecolor-hover:#1dd485;\" class=\"fusion-column content-box-column content-box-column content-box-column-3 col-lg-4 col-md-4 col-sm-4 fusion-content-box-hover content-box-column-last content-box-column-last-in-row\"><div class=\"col content-box-wrapper content-wrapper-background link-area-link-icon icon-hover-animation-fade fusion-animated\" data-animationType=\"fadeInUp\" data-animationDuration=\"1.2\" data-animationOffset=\"top-into-view\"><div class=\"heading heading-with-icon icon-left\"><div class=\"icon\" style=\"-webkit-animation-duration: 1000ms;animation-duration: 1000ms;\"><i style=\"border-color:#333333;border-width:0px;background-color:rgba(13,133,231,0.1);box-sizing:content-box;height:58px;width:58px;line-height:58px;border-radius:5px;font-size:29px;\" aria-hidden=\"true\" class=\"fontawesome-icon icon-basic-folder circle-yes\"><\/i><\/div><h2 class=\"content-box-heading\" style=\"--h2_typography-font-size:23px;line-height:28px;\">Neue therapeutische Strategien<\/h2><\/div><div class=\"fusion-clearfix\"><\/div><div class=\"content-container\">\n<p>Die immer detailliertere Analyse der genetischen Anomalien von Tumoren hilft uns auch bei der Entwicklung neuer therapeutischer Strategien, insbesondere im Hinblick auf das Ansprechen jedes Kindes und Jugendlichen auf die vorgeschlagenen Behandlungen. In der Tat gibt es f\u00fcr jedes Individuum spezifische genetische Determinanten, die das Ansprechen auf die Behandlung und ihre kurz- oder langfristigen Folgen ver\u00e4ndern. Mit diesem Instrument ist es m\u00f6glich, die genaue Dosis die f\u00fcr jeden Einzelnen erforderlich ist, die sowohl hinsichtlich ihrer Anti-Krebs-Wirkung als auch mit weniger Nebenwirkungen wirksam ist. Diese Forschung wird unter dem Begriff \u201cPharmako-Onkogenetik\u201d zusammengefasst.<\/p>\n<\/div><\/div><\/div><div class=\"fusion-clearfix\"><\/div><\/div><div class=\"fusion-text fusion-text-1\"><p><span style=\"color: #000000;\"><strong>Ihre Unterst\u00fctzung<\/strong><\/span><\/p>\n<div class=\"fusion-layout-column fusion_builder_column fusion-builder-column-0 fusion_builder_column_2_3 2_3 fusion-two-third fusion-column-first\">\n<div class=\"fusion-column-wrapper fusion-flex-column-wrapper-legacy\">\n<div class=\"fusion-text fusion-text-2\">\n<p>Einige Arbeiten in diesen beiden Forschungsbereichen wurden bereits in verschiedenen Labors der Universit\u00e4tsspit\u00e4ler von Genf (HUG) durchgef\u00fchrt. Diese Zusammenarbeit wird nat\u00fcrlich fortgesetzt, aber CANSEARCH finanziert jetzt seine eigene Forschungsplattform, die sich speziell auf die p\u00e4diatrische Onkoh\u00e4matologie konzentriert. Diese Plattform ist das erste Labor der p\u00e4diatrischen Onkoh\u00e4matologie in Genf. F\u00fcr die Fortsetzung dieser Projekte ben\u00f6tigen wir Ihre finanzielle Unterst\u00fctzung.<\/p>\n<\/div>\n<\/div>\n<\/div>\n<\/div><div class=\"fusion-clearfix\"><\/div><\/div><\/div><\/div><\/div>\n","protected":false},"excerpt":{"rendered":"","protected":false},"author":1,"featured_media":0,"parent":8966,"menu_order":1,"comment_status":"closed","ping_status":"closed","template":"side-navigation.php","meta":{"ngg_post_thumbnail":0,"footnotes":"","_links_to":"","_links_to_target":""},"class_list":["post-8971","page","type-page","status-publish","hentry"],"aioseo_notices":[],"_links":{"self":[{"href":"https:\/\/cansearch.ch\/de\/wp-json\/wp\/v2\/pages\/8971","targetHints":{"allow":["GET"]}}],"collection":[{"href":"https:\/\/cansearch.ch\/de\/wp-json\/wp\/v2\/pages"}],"about":[{"href":"https:\/\/cansearch.ch\/de\/wp-json\/wp\/v2\/types\/page"}],"author":[{"embeddable":true,"href":"https:\/\/cansearch.ch\/de\/wp-json\/wp\/v2\/users\/1"}],"replies":[{"embeddable":true,"href":"https:\/\/cansearch.ch\/de\/wp-json\/wp\/v2\/comments?post=8971"}],"version-history":[{"count":10,"href":"https:\/\/cansearch.ch\/de\/wp-json\/wp\/v2\/pages\/8971\/revisions"}],"predecessor-version":[{"id":14597,"href":"https:\/\/cansearch.ch\/de\/wp-json\/wp\/v2\/pages\/8971\/revisions\/14597"}],"up":[{"embeddable":true,"href":"https:\/\/cansearch.ch\/de\/wp-json\/wp\/v2\/pages\/8966"}],"wp:attachment":[{"href":"https:\/\/cansearch.ch\/de\/wp-json\/wp\/v2\/media?parent=8971"}],"curies":[{"name":"wp","href":"https:\/\/api.w.org\/{rel}","templated":true}]}}