{"id":8978,"date":"2021-01-30T12:46:46","date_gmt":"2021-01-30T12:46:46","guid":{"rendered":"https:\/\/cansearch.ch\/stiftung\/stiftungsrat\/"},"modified":"2021-12-01T14:57:38","modified_gmt":"2021-12-01T14:57:38","slug":"stiftungsrat","status":"publish","type":"page","link":"https:\/\/cansearch.ch\/de\/stiftung\/stiftungsrat\/","title":{"rendered":"Stiftungsrat"},"content":{"rendered":"<div class=\"fusion-fullwidth fullwidth-box fusion-builder-row-1 hundred-percent-fullwidth non-hundred-percent-height-scrolling\" style=\"--awb-border-radius-top-left:0px;--awb-border-radius-top-right:0px;--awb-border-radius-bottom-right:0px;--awb-border-radius-bottom-left:0px;--awb-overflow:visible;--awb-flex-wrap:wrap;\" ><div class=\"fusion-builder-row fusion-row\"><div class=\"fusion-layout-column fusion_builder_column fusion-builder-column-0 fusion_builder_column_2_3 2_3 fusion-two-third fusion-column-first\" style=\"--awb-bg-size:cover;width:65.3333%; margin-right: 4%;\"><div class=\"fusion-column-wrapper fusion-flex-column-wrapper-legacy\"><div class=\"fusion-title title fusion-title-1 fusion-sep-none fusion-title-text fusion-title-size-two\" style=\"--awb-margin-top-small:10px;--awb-margin-right-small:0px;--awb-margin-bottom-small:10px;--awb-margin-left-small:0px;\"><h2 class=\"fusion-title-heading title-heading-left\" style=\"margin:0;\">Stiftungsrat<\/h2><\/div><div class=\"fusion-clearfix\"><\/div><\/div><\/div><div class=\"fusion-layout-column fusion_builder_column fusion-builder-column-1 fusion_builder_column_1_3 1_3 fusion-one-third fusion-column-last\" style=\"--awb-bg-size:cover;width:30.6666%;\"><div class=\"fusion-column-wrapper fusion-flex-column-wrapper-legacy\"><div class=\"fusion-clearfix\"><\/div><\/div><\/div><div class=\"fusion-layout-column fusion_builder_column fusion-builder-column-2 fusion_builder_column_5_6 5_6 fusion-five-sixth fusion-column-first\" style=\"--awb-bg-size:cover;width:82.6666%; margin-right: 4%;\"><div class=\"fusion-column-wrapper fusion-flex-column-wrapper-legacy\"><div class=\"fusion-text fusion-text-1\">\n<table id=\"tablepress-28\" class=\"tablepress tablepress-id-28\">\n<tbody class=\"row-striping row-hover\">\n<tr class=\"row-1\">\n\t<td class=\"column-1\"><strong>S\u00e9bastien Joliat, Pr\u00e4sident<\/strong><br \/>\n<br \/>\nNach seinem Bachelor-Abschluss in Betriebswirtschaft an der Universit\u00e4t Genf kam S\u00e9bastien Joliat 1997 zu Ernst &amp; Young SA (Genf) in den Bereich der Bankenrevision. Seit 2003 ist er als Finanzdirektor in Bankinstituten t\u00e4tig. Derzeit ist er CFO und Mitglied der Gesch\u00e4ftsleitung der Hyposwiss Private Bank Gen\u00e8ve SA, der er seit 2011 angeh\u00f6rt. W\u00e4hrend seiner gesamten Karriere hat S\u00e9bastien Joliat immer mit humanit\u00e4ren Vereinigungen zusammengearbeitet. S\u00e9bastien ist seit der Gr\u00fcndung von CANSEARCH im Jahr 2011 bei CANSEARCH aktiv.<\/td><td class=\"column-2\"><a href=\"https:\/\/cansearch.ch\/wp-content\/uploads\/2024\/05\/President_Conseil-de-fond-ation_Sebastien-Joliat.png\"><img decoding=\"async\" src=\"https:\/\/cansearch.ch\/wp-content\/uploads\/2024\/05\/President_Conseil-de-fond-ation_Sebastien-Joliat-1024x1024.png\" alt=\"\" width=\"1024\" height=\"1024\" class=\"alignnone size-large wp-image-15100\" srcset=\"https:\/\/cansearch.ch\/wp-content\/uploads\/2024\/05\/President_Conseil-de-fond-ation_Sebastien-Joliat-66x66.png 66w, https:\/\/cansearch.ch\/wp-content\/uploads\/2024\/05\/President_Conseil-de-fond-ation_Sebastien-Joliat-150x150.png 150w, https:\/\/cansearch.ch\/wp-content\/uploads\/2024\/05\/President_Conseil-de-fond-ation_Sebastien-Joliat-200x200.png 200w, https:\/\/cansearch.ch\/wp-content\/uploads\/2024\/05\/President_Conseil-de-fond-ation_Sebastien-Joliat-300x300.png 300w, https:\/\/cansearch.ch\/wp-content\/uploads\/2024\/05\/President_Conseil-de-fond-ation_Sebastien-Joliat-400x400.png 400w, https:\/\/cansearch.ch\/wp-content\/uploads\/2024\/05\/President_Conseil-de-fond-ation_Sebastien-Joliat-600x600.png 600w, https:\/\/cansearch.ch\/wp-content\/uploads\/2024\/05\/President_Conseil-de-fond-ation_Sebastien-Joliat-768x768.png 768w, https:\/\/cansearch.ch\/wp-content\/uploads\/2024\/05\/President_Conseil-de-fond-ation_Sebastien-Joliat-800x800.png 800w, https:\/\/cansearch.ch\/wp-content\/uploads\/2024\/05\/President_Conseil-de-fond-ation_Sebastien-Joliat-1024x1024.png 1024w, https:\/\/cansearch.ch\/wp-content\/uploads\/2024\/05\/President_Conseil-de-fond-ation_Sebastien-Joliat-1200x1200.png 1200w, https:\/\/cansearch.ch\/wp-content\/uploads\/2024\/05\/President_Conseil-de-fond-ation_Sebastien-Joliat.png 1432w\" sizes=\"(max-width: 1024px) 100vw, 1024px\" \/><\/a><\/td>\n<\/tr>\n<tr class=\"row-2\">\n\t<td class=\"column-1\"><strong>Guerric Canonica<\/strong><br \/>\n<br \/>\nGuerric Canonica ist Rechtsanwalt bei der Genfer Anwaltskammer und Absolvent des Instituts f\u00fcr Immobilienstudien (IEI). Er trat 2006 in die Kanzlei Canonica, Valticos, De Preux &amp; Associ\u00e9s ein und ist heute Partner der Kanzlei Canonica Valticos Carnic\u00e9 &amp; Associ\u00e9s. Guerrics anwaltliche Hauptt\u00e4tigkeit liegt auf dem Gebiet des allgemeinen Straf- und Wirtschaftsrechts sowie des Privatrechts. Er ist dabei vor allem in der Wirtschafts-, Verm\u00f6gens- und Erbschaftsberatung t\u00e4tig und befasst sich sehr oft mit der Wiedererlangung von Verm\u00f6genswerten in der Schweiz und im Ausland, insbesondere im Auftrag ausl\u00e4ndischer staatlicher Unternehmen, die Opfer von Wirtschaftskriminalit\u00e4t geworden sind. Er ist auch im Immobilienrecht (Mietrecht, Baurecht und Raumplanungsrecht) t\u00e4tig. Dar\u00fcber hinaus ist er Mitglied in mehreren Verwaltungsr\u00e4ten von schweizerischen und ausl\u00e4ndischen Unternehmen sowie von gemeinn\u00fctzigen Institutionen, die insbesondere in Genf t\u00e4tig sind. <\/td><td class=\"column-2\"><a href=\"https:\/\/cansearch.ch\/wp-content\/uploads\/2024\/05\/Membre-du-Conseil-de-fondation_Guerric-Canonica.png\"><img decoding=\"async\" src=\"https:\/\/cansearch.ch\/wp-content\/uploads\/2024\/05\/Membre-du-Conseil-de-fondation_Guerric-Canonica-1024x1024.png\" alt=\"\" width=\"1024\" height=\"1024\" class=\"alignnone size-large wp-image-15106\" srcset=\"https:\/\/cansearch.ch\/wp-content\/uploads\/2024\/05\/Membre-du-Conseil-de-fondation_Guerric-Canonica-66x66.png 66w, https:\/\/cansearch.ch\/wp-content\/uploads\/2024\/05\/Membre-du-Conseil-de-fondation_Guerric-Canonica-150x150.png 150w, https:\/\/cansearch.ch\/wp-content\/uploads\/2024\/05\/Membre-du-Conseil-de-fondation_Guerric-Canonica-200x200.png 200w, https:\/\/cansearch.ch\/wp-content\/uploads\/2024\/05\/Membre-du-Conseil-de-fondation_Guerric-Canonica-300x300.png 300w, https:\/\/cansearch.ch\/wp-content\/uploads\/2024\/05\/Membre-du-Conseil-de-fondation_Guerric-Canonica-400x400.png 400w, https:\/\/cansearch.ch\/wp-content\/uploads\/2024\/05\/Membre-du-Conseil-de-fondation_Guerric-Canonica-600x600.png 600w, https:\/\/cansearch.ch\/wp-content\/uploads\/2024\/05\/Membre-du-Conseil-de-fondation_Guerric-Canonica-768x768.png 768w, https:\/\/cansearch.ch\/wp-content\/uploads\/2024\/05\/Membre-du-Conseil-de-fondation_Guerric-Canonica-800x800.png 800w, https:\/\/cansearch.ch\/wp-content\/uploads\/2024\/05\/Membre-du-Conseil-de-fondation_Guerric-Canonica-1024x1024.png 1024w, https:\/\/cansearch.ch\/wp-content\/uploads\/2024\/05\/Membre-du-Conseil-de-fondation_Guerric-Canonica-1200x1200.png 1200w, https:\/\/cansearch.ch\/wp-content\/uploads\/2024\/05\/Membre-du-Conseil-de-fondation_Guerric-Canonica.png 1447w\" sizes=\"(max-width: 1024px) 100vw, 1024px\" \/><\/a><\/td>\n<\/tr>\n<tr class=\"row-3\">\n\t<td class=\"column-1\"><strong>Patricia Hubscher Eichenberger<\/strong><br \/>\n<br \/>\nPatricia Hubscher Eichenberger ist verheiratet und hat drei Kinder. Sie ist seit 1999 stellvertretende Leiterin des Private Banking bei Pictet &amp; Cie, nachdem sie ihre Karriere bei der Credit Suisse in Z\u00fcrich und London begonnen hatte. Seit 2014 ist sie Pr\u00e4sidentin des Verwaltungsrats einer gemeinn\u00fctzigen Stiftung, die mit dem protestantischen Erbe verbunden ist, und sitzt seit 2015 auch im Verwaltungsrat der Caran d'Ache SA. Patricia hat einen Abschluss der HEC Lausanne und absolviert ihre Ausbildung zur Direktorin an der Swiss Board School. <br \/>\n<\/td><td class=\"column-2\"><a href=\"https:\/\/cansearch.ch\/wp-content\/uploads\/2024\/05\/Membre-du-Conseil-de-fondation_Patricia-Hubscher-Eichenberger-2.png\"><img decoding=\"async\" src=\"https:\/\/cansearch.ch\/wp-content\/uploads\/2024\/05\/Membre-du-Conseil-de-fondation_Patricia-Hubscher-Eichenberger-2-1024x1024.png\" alt=\"\" width=\"1024\" height=\"1024\" class=\"alignnone size-large wp-image-15109\" srcset=\"https:\/\/cansearch.ch\/wp-content\/uploads\/2024\/05\/Membre-du-Conseil-de-fondation_Patricia-Hubscher-Eichenberger-2-66x66.png 66w, https:\/\/cansearch.ch\/wp-content\/uploads\/2024\/05\/Membre-du-Conseil-de-fondation_Patricia-Hubscher-Eichenberger-2-150x150.png 150w, https:\/\/cansearch.ch\/wp-content\/uploads\/2024\/05\/Membre-du-Conseil-de-fondation_Patricia-Hubscher-Eichenberger-2-200x200.png 200w, https:\/\/cansearch.ch\/wp-content\/uploads\/2024\/05\/Membre-du-Conseil-de-fondation_Patricia-Hubscher-Eichenberger-2-300x300.png 300w, https:\/\/cansearch.ch\/wp-content\/uploads\/2024\/05\/Membre-du-Conseil-de-fondation_Patricia-Hubscher-Eichenberger-2-400x400.png 400w, https:\/\/cansearch.ch\/wp-content\/uploads\/2024\/05\/Membre-du-Conseil-de-fondation_Patricia-Hubscher-Eichenberger-2-600x601.png 600w, https:\/\/cansearch.ch\/wp-content\/uploads\/2024\/05\/Membre-du-Conseil-de-fondation_Patricia-Hubscher-Eichenberger-2-768x769.png 768w, https:\/\/cansearch.ch\/wp-content\/uploads\/2024\/05\/Membre-du-Conseil-de-fondation_Patricia-Hubscher-Eichenberger-2-800x801.png 800w, https:\/\/cansearch.ch\/wp-content\/uploads\/2024\/05\/Membre-du-Conseil-de-fondation_Patricia-Hubscher-Eichenberger-2-1024x1024.png 1024w, https:\/\/cansearch.ch\/wp-content\/uploads\/2024\/05\/Membre-du-Conseil-de-fondation_Patricia-Hubscher-Eichenberger-2.png 1072w\" sizes=\"(max-width: 1024px) 100vw, 1024px\" \/><\/a><\/td>\n<\/tr>\n<tr class=\"row-4\">\n\t<td class=\"column-1\"><strong>Phil Lenz<\/strong><br \/>\n<br \/>\nPhil Lenz wurde im Oktober 2007 rekrutiert, um eine Pr\u00e4senz in der Schweiz aufzubauen und um eine neue Treuhandgesellschaft f\u00fcr die Butterfield Group zu gr\u00fcnden. Vor dieser Position war Herr Lenz Chief Administrative Officer der Abteilung f\u00fcr globale Verm\u00f6gensstrukturierung bei Barclays Wealth und direkt an der strategischen Planung, den Akquisitionen und der Verwaltung gro\u00dfer und komplexer Trust-Strukturen beteiligt. In den letzten 20 Jahren hatte er eine Reihe weiterer Positionen in der Finanzindustrie, vor allem im Firmen- und Privatkundengesch\u00e4fte. Herr Lenz verf\u00fcgt \u00fcber einen BSc in Mathematik vom Imperial College (London) und wurde 2001 als Treuh\u00e4nder und Nachfolgetreuh\u00e4nder qualifiziert. Er ist ein Mitglied der Society of Trust and Estate Practitioners (STEP) und wurde regelm\u00e4\u00dfig in Publikationen wie Who's Who Legal, ePrivateclient und Citywealth zitiert.<\/td><td class=\"column-2\"><a href=\"https:\/\/cansearch.ch\/wp-content\/uploads\/2024\/05\/Membre-du-Conseil-de-fondation_Phil-Lenz.png\"><img decoding=\"async\" src=\"https:\/\/cansearch.ch\/wp-content\/uploads\/2024\/05\/Membre-du-Conseil-de-fondation_Phil-Lenz-1024x1024.png\" alt=\"\" width=\"1024\" height=\"1024\" class=\"alignnone size-large wp-image-15103\" srcset=\"https:\/\/cansearch.ch\/wp-content\/uploads\/2024\/05\/Membre-du-Conseil-de-fondation_Phil-Lenz-66x66.png 66w, https:\/\/cansearch.ch\/wp-content\/uploads\/2024\/05\/Membre-du-Conseil-de-fondation_Phil-Lenz-150x150.png 150w, https:\/\/cansearch.ch\/wp-content\/uploads\/2024\/05\/Membre-du-Conseil-de-fondation_Phil-Lenz-200x200.png 200w, https:\/\/cansearch.ch\/wp-content\/uploads\/2024\/05\/Membre-du-Conseil-de-fondation_Phil-Lenz-300x300.png 300w, https:\/\/cansearch.ch\/wp-content\/uploads\/2024\/05\/Membre-du-Conseil-de-fondation_Phil-Lenz-400x400.png 400w, https:\/\/cansearch.ch\/wp-content\/uploads\/2024\/05\/Membre-du-Conseil-de-fondation_Phil-Lenz-600x600.png 600w, https:\/\/cansearch.ch\/wp-content\/uploads\/2024\/05\/Membre-du-Conseil-de-fondation_Phil-Lenz-768x768.png 768w, https:\/\/cansearch.ch\/wp-content\/uploads\/2024\/05\/Membre-du-Conseil-de-fondation_Phil-Lenz-800x801.png 800w, https:\/\/cansearch.ch\/wp-content\/uploads\/2024\/05\/Membre-du-Conseil-de-fondation_Phil-Lenz-1024x1024.png 1024w, https:\/\/cansearch.ch\/wp-content\/uploads\/2024\/05\/Membre-du-Conseil-de-fondation_Phil-Lenz-1200x1201.png 1200w, https:\/\/cansearch.ch\/wp-content\/uploads\/2024\/05\/Membre-du-Conseil-de-fondation_Phil-Lenz-1536x1536.png 1536w, https:\/\/cansearch.ch\/wp-content\/uploads\/2024\/05\/Membre-du-Conseil-de-fondation_Phil-Lenz.png 1554w\" sizes=\"(max-width: 1024px) 100vw, 1024px\" \/><\/a><\/td>\n<\/tr>\n<tr class=\"row-5\">\n\t<td class=\"column-1\"><strong>Maurice Machenbaum<\/strong><br \/>\n<br \/>\nMaurice Machenbaum, Mitbegr\u00fcnder von WISE Philanthropy Advisors, ist ein Expert f\u00fcr Projektmanagement und soziale Entwicklung. W\u00e4hrend seiner Karriere hat er an zahlreichen Projekten auf allen Kontinenten mitgearbeitet und war im Vorstand der Mouvement Mondial Scout und von M\u00e9decins du Monde Suisse t\u00e4tig. Er ist auch Mitbegr\u00fcnder der Swiss Philanthropy Foundation.<\/td><td class=\"column-2\"><img decoding=\"async\" src=\"https:\/\/cansearch.ch\/wp-content\/uploads\/2020\/12\/Machenbaum-HR-150x150.jpeg\" alt=\"\" width=\"150\" height=\"150\" class=\"alignnone size-thumbnail wp-image-8243\" srcset=\"https:\/\/cansearch.ch\/wp-content\/uploads\/2020\/12\/Machenbaum-HR-66x66.jpeg 66w, https:\/\/cansearch.ch\/wp-content\/uploads\/2020\/12\/Machenbaum-HR-100x100.jpeg 100w, https:\/\/cansearch.ch\/wp-content\/uploads\/2020\/12\/Machenbaum-HR-150x150.jpeg 150w\" sizes=\"(max-width: 150px) 100vw, 150px\" \/><\/td>\n<\/tr>\n<\/tbody>\n<\/table>\n<!-- #tablepress-28 from cache -->\n<\/div><div class=\"fusion-clearfix\"><\/div><\/div><\/div><div class=\"fusion-layout-column fusion_builder_column fusion-builder-column-3 fusion_builder_column_2_3 2_3 fusion-two-third fusion-column-last\" style=\"--awb-bg-size:cover;\"><div class=\"fusion-column-wrapper fusion-flex-column-wrapper-legacy\"><div class=\"fusion-title title fusion-title-2 fusion-sep-none fusion-title-text fusion-title-size-two\" style=\"--awb-margin-top-small:10px;--awb-margin-right-small:0px;--awb-margin-bottom-small:10px;--awb-margin-left-small:0px;\"><h2 class=\"fusion-title-heading title-heading-left\" style=\"margin:0;\">Gr\u00fcnder<\/h2><\/div><div class=\"fusion-clearfix\"><\/div><\/div><\/div><div class=\"fusion-layout-column fusion_builder_column fusion-builder-column-4 fusion_builder_column_5_6 5_6 fusion-five-sixth fusion-column-first\" style=\"--awb-bg-size:cover;width:82.6666%; margin-right: 4%;\"><div class=\"fusion-column-wrapper fusion-flex-column-wrapper-legacy\"><div class=\"fusion-text fusion-text-2\">\n<table id=\"tablepress-29\" class=\"tablepress tablepress-id-29\">\n<tbody class=\"row-striping row-hover\">\n<tr class=\"row-1\">\n\t<td class=\"column-1\"><strong>Prof. Marc Ansari<\/strong><br \/>\n<br \/>\nMarc Ansari ist seit mehr als 15 Jahren im medizinischen Bereich t\u00e4tig, insbesondere in der p\u00e4diatrische Onkologie, H\u00e4matologie und Genetik. Im Jahr 2011 gr\u00fcndete er die CANSEARCH-Stiftung und die Forschungsplattform an der Universit\u00e4t Genf. Seit dem 1. Januar 2013 ist er Leiter der p\u00e4diatrische Onkologie und H\u00e4matologie Einheit des HUG. Im November 2015 wurde er zum Professor an der Medizinischen Fakult\u00e4t Genf ernannt, und dann, in 2017 zum assoziierten Professor. <\/td><td class=\"column-2\"><img decoding=\"async\" src=\"https:\/\/cansearch.ch\/wp-content\/uploads\/2018\/06\/M-Ansari-150x150.jpg\" alt=\"\" width=\"150\" height=\"150\" class=\"aligncenter size-thumbnail wp-image-5444\" srcset=\"https:\/\/cansearch.ch\/wp-content\/uploads\/2018\/06\/M-Ansari-66x66.jpg 66w, https:\/\/cansearch.ch\/wp-content\/uploads\/2018\/06\/M-Ansari-100x100.jpg 100w, https:\/\/cansearch.ch\/wp-content\/uploads\/2018\/06\/M-Ansari-150x150.jpg 150w, https:\/\/cansearch.ch\/wp-content\/uploads\/2018\/06\/M-Ansari-300x300.jpg 300w\" sizes=\"(max-width: 150px) 100vw, 150px\" \/><\/td>\n<\/tr>\n<\/tbody>\n<\/table>\n<!-- #tablepress-29 from cache -->\n<\/div><div class=\"fusion-clearfix\"><\/div><\/div><\/div><\/div><\/div>\n","protected":false},"excerpt":{"rendered":"","protected":false},"author":12,"featured_media":0,"parent":8966,"menu_order":2,"comment_status":"closed","ping_status":"closed","template":"side-navigation.php","meta":{"ngg_post_thumbnail":0,"footnotes":"","_links_to":"","_links_to_target":""},"class_list":["post-8978","page","type-page","status-publish","hentry"],"aioseo_notices":[],"_links":{"self":[{"href":"https:\/\/cansearch.ch\/de\/wp-json\/wp\/v2\/pages\/8978","targetHints":{"allow":["GET"]}}],"collection":[{"href":"https:\/\/cansearch.ch\/de\/wp-json\/wp\/v2\/pages"}],"about":[{"href":"https:\/\/cansearch.ch\/de\/wp-json\/wp\/v2\/types\/page"}],"author":[{"embeddable":true,"href":"https:\/\/cansearch.ch\/de\/wp-json\/wp\/v2\/users\/12"}],"replies":[{"embeddable":true,"href":"https:\/\/cansearch.ch\/de\/wp-json\/wp\/v2\/comments?post=8978"}],"version-history":[{"count":3,"href":"https:\/\/cansearch.ch\/de\/wp-json\/wp\/v2\/pages\/8978\/revisions"}],"predecessor-version":[{"id":11948,"href":"https:\/\/cansearch.ch\/de\/wp-json\/wp\/v2\/pages\/8978\/revisions\/11948"}],"up":[{"embeddable":true,"href":"https:\/\/cansearch.ch\/de\/wp-json\/wp\/v2\/pages\/8966"}],"wp:attachment":[{"href":"https:\/\/cansearch.ch\/de\/wp-json\/wp\/v2\/media?parent=8978"}],"curies":[{"name":"wp","href":"https:\/\/api.w.org\/{rel}","templated":true}]}}