{"id":8988,"date":"2021-01-30T13:13:32","date_gmt":"2021-01-30T13:13:32","guid":{"rendered":"https:\/\/cansearch.ch\/stiftung\/wissenschaftliches-komitee\/"},"modified":"2024-06-20T16:05:50","modified_gmt":"2024-06-20T16:05:50","slug":"wissenschaftliches-komitee","status":"publish","type":"page","link":"https:\/\/cansearch.ch\/de\/stiftung\/wissenschaftliches-komitee\/","title":{"rendered":"Wissenschaftliches Komitee"},"content":{"rendered":"<div class=\"fusion-fullwidth fullwidth-box fusion-builder-row-1 hundred-percent-fullwidth non-hundred-percent-height-scrolling\" style=\"--awb-border-radius-top-left:0px;--awb-border-radius-top-right:0px;--awb-border-radius-bottom-right:0px;--awb-border-radius-bottom-left:0px;--awb-overflow:visible;--awb-flex-wrap:wrap;\" ><div class=\"fusion-builder-row fusion-row\"><div class=\"fusion-layout-column fusion_builder_column fusion-builder-column-0 fusion_builder_column_2_3 2_3 fusion-two-third fusion-column-first\" style=\"--awb-bg-size:cover;width:65.3333%; margin-right: 4%;\"><div class=\"fusion-column-wrapper fusion-flex-column-wrapper-legacy\"><div class=\"fusion-title title fusion-title-1 fusion-sep-none fusion-title-text fusion-title-size-two\" style=\"--awb-margin-top-small:10px;--awb-margin-right-small:0px;--awb-margin-bottom-small:10px;--awb-margin-left-small:0px;\"><h2 class=\"fusion-title-heading title-heading-left\" style=\"margin:0;\">Wissenschaftliches Komitee<\/h2><\/div><div class=\"fusion-clearfix\"><\/div><\/div><\/div><div class=\"fusion-layout-column fusion_builder_column fusion-builder-column-1 fusion_builder_column_1_3 1_3 fusion-one-third fusion-column-last\" style=\"--awb-bg-size:cover;width:30.6666%;\"><div class=\"fusion-column-wrapper fusion-flex-column-wrapper-legacy\"><div class=\"fusion-clearfix\"><\/div><\/div><\/div><div class=\"fusion-layout-column fusion_builder_column fusion-builder-column-2 fusion_builder_column_5_6 5_6 fusion-five-sixth fusion-column-first\" style=\"--awb-bg-size:cover;width:82.6666%; margin-right: 4%;\"><div class=\"fusion-column-wrapper fusion-flex-column-wrapper-legacy\"><div class=\"fusion-testimonials classic awb-speech-bubble-show fusion-testimonials-1\" style=\"--awb-textcolor:var(--awb-color8);--awb-backgroundcolor:var(--awb-custom16);--awb-testimonial-border-style:solid;--awb-testimonial-border-color:var(--awb-color3);--awb-navigation-size:12px;--awb-border-top-left-radius:0px;--awb-border-top-right-radius:0px;--awb-border-bottom-left-radius:0px;--awb-border-bottom-right-radius:0px;--testimonial-border-width-top:0px;--testimonial-border-width-right:0px;--testimonial-border-width-bottom:0px;--testimonial-border-width-left:0px;\" data-random=\"0\" data-speed=\"4000\"><div class=\"reviews\"><div class=\"review active-testimonial alignment-left no-avatar\"><blockquote><div class=\"awb-quote\"><div class=\"awb-quote-content\">\n<p><strong><em>Das wissenschaftliche Komitee muss f\u00fcr die Qualit\u00e4t der gef\u00f6rderten Forschung b\u00fcrgen, damit es all jenen, die so gro\u00dfz\u00fcgig spenden, versichern kann, dass ihre Spenden besser verwendet werden.<\/em><\/strong><\/p>\n<\/div><\/div><span class=\"awb-triangle\"><\/span><\/blockquote><div class=\"author\"><span class=\"company-name\"><\/span><\/div><\/div><\/div><\/div><div class=\"fusion-clearfix\"><\/div><\/div><\/div><div class=\"fusion-layout-column fusion_builder_column fusion-builder-column-3 fusion_builder_column_3_5 3_5 fusion-three-fifth fusion-column-last\" style=\"--awb-bg-size:cover;\"><div class=\"fusion-column-wrapper fusion-flex-column-wrapper-legacy\"><div class=\"fusion-text fusion-text-1\">\n<table id=\"tablepress-30\" class=\"tablepress tablepress-id-30\">\n<tbody class=\"row-striping row-hover\">\n<tr class=\"row-1\">\n\t<td class=\"column-1\"><strong>Pr\u00e4sident<\/strong><br \/>\n<br \/>\nProfessor Jakob Passweg<br \/>\nH\u00e4matologe, Basel, Schweiz<br \/>\nLeiter der H\u00e4matologie am Universit\u00e4tsspital Basel<\/td><td class=\"column-2\"><a href=\"https:\/\/cansearch.ch\/wp-content\/uploads\/2024\/06\/Membre-du-Comite-scientifique_Jakob-Passweg.png\"><img decoding=\"async\" src=\"https:\/\/cansearch.ch\/wp-content\/uploads\/2024\/06\/Membre-du-Comite-scientifique_Jakob-Passweg-150x150.png\" alt=\"\" width=\"150\" height=\"150\" class=\"alignnone size-thumbnail wp-image-15370\" srcset=\"https:\/\/cansearch.ch\/wp-content\/uploads\/2024\/06\/Membre-du-Comite-scientifique_Jakob-Passweg-66x66.png 66w, https:\/\/cansearch.ch\/wp-content\/uploads\/2024\/06\/Membre-du-Comite-scientifique_Jakob-Passweg-150x150.png 150w, https:\/\/cansearch.ch\/wp-content\/uploads\/2024\/06\/Membre-du-Comite-scientifique_Jakob-Passweg-200x200.png 200w, https:\/\/cansearch.ch\/wp-content\/uploads\/2024\/06\/Membre-du-Comite-scientifique_Jakob-Passweg-300x300.png 300w, https:\/\/cansearch.ch\/wp-content\/uploads\/2024\/06\/Membre-du-Comite-scientifique_Jakob-Passweg-400x400.png 400w, https:\/\/cansearch.ch\/wp-content\/uploads\/2024\/06\/Membre-du-Comite-scientifique_Jakob-Passweg-600x600.png 600w, https:\/\/cansearch.ch\/wp-content\/uploads\/2024\/06\/Membre-du-Comite-scientifique_Jakob-Passweg-768x768.png 768w, https:\/\/cansearch.ch\/wp-content\/uploads\/2024\/06\/Membre-du-Comite-scientifique_Jakob-Passweg-800x800.png 800w, https:\/\/cansearch.ch\/wp-content\/uploads\/2024\/06\/Membre-du-Comite-scientifique_Jakob-Passweg-1024x1024.png 1024w, https:\/\/cansearch.ch\/wp-content\/uploads\/2024\/06\/Membre-du-Comite-scientifique_Jakob-Passweg-1200x1200.png 1200w, https:\/\/cansearch.ch\/wp-content\/uploads\/2024\/06\/Membre-du-Comite-scientifique_Jakob-Passweg.png 1400w\" sizes=\"(max-width: 150px) 100vw, 150px\" \/><\/a><\/td>\n<\/tr>\n<tr class=\"row-2\">\n\t<td class=\"column-1\"><strong>Mitglieder<\/strong><\/td><td class=\"column-2\"><\/td>\n<\/tr>\n<tr class=\"row-3\">\n\t<td class=\"column-1\"><strong>Professeur Sylvain Baruchel<\/strong><br \/>\nThe Hospital for Sick Children<br \/>\nSenior Medical Advisor, Innovative Therapeutic Trials Research Institute<br \/>\nSenior Associate Scientist, Emeritus, University of Toronto<br \/>\nProfessor, Emeritus, Paediatrics<\/td><td class=\"column-2\"><a href=\"https:\/\/cansearch.ch\/wp-content\/uploads\/2024\/06\/image-1.png\"><img decoding=\"async\" src=\"https:\/\/cansearch.ch\/wp-content\/uploads\/2024\/06\/image-1-150x150.png\" alt=\"\" width=\"150\" height=\"150\" class=\"alignnone size-thumbnail wp-image-15376\" srcset=\"https:\/\/cansearch.ch\/wp-content\/uploads\/2024\/06\/image-1-66x66.png 66w, https:\/\/cansearch.ch\/wp-content\/uploads\/2024\/06\/image-1-150x150.png 150w, https:\/\/cansearch.ch\/wp-content\/uploads\/2024\/06\/image-1-200x200.png 200w, https:\/\/cansearch.ch\/wp-content\/uploads\/2024\/06\/image-1-300x300.png 300w, https:\/\/cansearch.ch\/wp-content\/uploads\/2024\/06\/image-1-400x400.png 400w, https:\/\/cansearch.ch\/wp-content\/uploads\/2024\/06\/image-1.png 575w\" sizes=\"(max-width: 150px) 100vw, 150px\" \/><\/a><\/td>\n<\/tr>\n<tr class=\"row-4\">\n\t<td class=\"column-1\"><strong>Professeur Urs Meyer<\/strong><br \/>\nem. Professor f\u00fcr Pharmakologie Biozentrum Pharmazentrum, Basel, Schweiz<\/td><td class=\"column-2\"><a href=\"https:\/\/cansearch.ch\/wp-content\/uploads\/2024\/06\/image-2.png\"><img decoding=\"async\" src=\"https:\/\/cansearch.ch\/wp-content\/uploads\/2024\/06\/image-2-150x150.png\" alt=\"\" width=\"150\" height=\"150\" class=\"alignnone size-thumbnail wp-image-15379\" srcset=\"https:\/\/cansearch.ch\/wp-content\/uploads\/2024\/06\/image-2-66x66.png 66w, https:\/\/cansearch.ch\/wp-content\/uploads\/2024\/06\/image-2-150x150.png 150w, https:\/\/cansearch.ch\/wp-content\/uploads\/2024\/06\/image-2-200x200.png 200w, https:\/\/cansearch.ch\/wp-content\/uploads\/2024\/06\/image-2-300x300.png 300w, https:\/\/cansearch.ch\/wp-content\/uploads\/2024\/06\/image-2-400x400.png 400w, https:\/\/cansearch.ch\/wp-content\/uploads\/2024\/06\/image-2-600x600.png 600w, https:\/\/cansearch.ch\/wp-content\/uploads\/2024\/06\/image-2-768x768.png 768w, https:\/\/cansearch.ch\/wp-content\/uploads\/2024\/06\/image-2-800x800.png 800w, https:\/\/cansearch.ch\/wp-content\/uploads\/2024\/06\/image-2-1024x1024.png 1024w, https:\/\/cansearch.ch\/wp-content\/uploads\/2024\/06\/image-2-1200x1200.png 1200w, https:\/\/cansearch.ch\/wp-content\/uploads\/2024\/06\/image-2-1536x1536.png 1536w\" sizes=\"(max-width: 150px) 100vw, 150px\" \/><\/a><\/td>\n<\/tr>\n<tr class=\"row-5\">\n\t<td class=\"column-1\"><strong>Professor Roderick Skinner<\/strong><br \/>\nBerater f\u00fcr p\u00e4diatrische und jugendliche Onkologie am Great North Children's Hospital, Newcastle upon Tyne, UK,<br \/>\nProfessor auf dem Gebiet von Kinderkrebs am Kinderkrebszentrum der Universit\u00e4t Newcastle<br \/>\n<\/td><td class=\"column-2\"><a href=\"https:\/\/cansearch.ch\/wp-content\/uploads\/2024\/06\/image.png\"><img decoding=\"async\" src=\"https:\/\/cansearch.ch\/wp-content\/uploads\/2024\/06\/image-150x150.png\" alt=\"\" width=\"150\" height=\"150\" class=\"alignnone size-thumbnail wp-image-15373\" srcset=\"https:\/\/cansearch.ch\/wp-content\/uploads\/2024\/06\/image-66x66.png 66w, https:\/\/cansearch.ch\/wp-content\/uploads\/2024\/06\/image-150x150.png 150w, https:\/\/cansearch.ch\/wp-content\/uploads\/2024\/06\/image-200x200.png 200w, https:\/\/cansearch.ch\/wp-content\/uploads\/2024\/06\/image-300x300.png 300w, https:\/\/cansearch.ch\/wp-content\/uploads\/2024\/06\/image-400x400.png 400w, https:\/\/cansearch.ch\/wp-content\/uploads\/2024\/06\/image.png 448w\" sizes=\"(max-width: 150px) 100vw, 150px\" \/><\/a><\/td>\n<\/tr>\n<\/tbody>\n<\/table>\n<!-- #tablepress-30 from cache -->\n<\/div><div class=\"fusion-clearfix\"><\/div><\/div><\/div><div class=\"fusion-layout-column fusion_builder_column fusion-builder-column-4 fusion_builder_column_5_6 5_6 fusion-five-sixth fusion-column-first\" style=\"--awb-bg-size:cover;width:82.6666%; margin-right: 4%;\"><div class=\"fusion-column-wrapper fusion-flex-column-wrapper-legacy\"><div class=\"fusion-text fusion-text-2\"><p>Die CANSEARCH-Stiftung stellt ihre Forschungsprojekte den Mitgliedern ihres wissenschaftlichen Komitees vor, die ihren Expertenstandpunkt und ihre Kommentare in sehr objektiver Weise einbringen. Einmal im Jahr wird ein Treffen mit den Forschern des Labors der Stiftung organisiert, um die Forschungsarbeit zu validieren.<\/p>\n<p>Das wissenschaftliche Komitee ist international und setzt sich aus renommierten Professoren und Doktoren zusammen, die jeweils unterschiedliche Spezialisierungen aufweisen, um \u00fcber Fachwissen zur aktuellen Forschung zu verf\u00fcgen. Es dient dazu, die Projekte weiter zu entwickeln. Es ist auch in der Lage, bei Bedarf, internationale Experten hinzuzuziehen.<\/p>\n<\/div><div class=\"fusion-clearfix\"><\/div><\/div><\/div><\/div><\/div>\n","protected":false},"excerpt":{"rendered":"","protected":false},"author":12,"featured_media":0,"parent":8966,"menu_order":3,"comment_status":"closed","ping_status":"closed","template":"side-navigation.php","meta":{"ngg_post_thumbnail":0,"footnotes":"","_links_to":"","_links_to_target":""},"class_list":["post-8988","page","type-page","status-publish","hentry"],"aioseo_notices":[],"_links":{"self":[{"href":"https:\/\/cansearch.ch\/de\/wp-json\/wp\/v2\/pages\/8988","targetHints":{"allow":["GET"]}}],"collection":[{"href":"https:\/\/cansearch.ch\/de\/wp-json\/wp\/v2\/pages"}],"about":[{"href":"https:\/\/cansearch.ch\/de\/wp-json\/wp\/v2\/types\/page"}],"author":[{"embeddable":true,"href":"https:\/\/cansearch.ch\/de\/wp-json\/wp\/v2\/users\/12"}],"replies":[{"embeddable":true,"href":"https:\/\/cansearch.ch\/de\/wp-json\/wp\/v2\/comments?post=8988"}],"version-history":[{"count":5,"href":"https:\/\/cansearch.ch\/de\/wp-json\/wp\/v2\/pages\/8988\/revisions"}],"predecessor-version":[{"id":15389,"href":"https:\/\/cansearch.ch\/de\/wp-json\/wp\/v2\/pages\/8988\/revisions\/15389"}],"up":[{"embeddable":true,"href":"https:\/\/cansearch.ch\/de\/wp-json\/wp\/v2\/pages\/8966"}],"wp:attachment":[{"href":"https:\/\/cansearch.ch\/de\/wp-json\/wp\/v2\/media?parent=8988"}],"curies":[{"name":"wp","href":"https:\/\/api.w.org\/{rel}","templated":true}]}}