{"id":9004,"date":"2017-03-02T14:15:52","date_gmt":"2017-03-02T14:15:52","guid":{"rendered":"https:\/\/cansearch.ch\/stiftung\/operatives-team\/"},"modified":"2024-04-10T08:48:22","modified_gmt":"2024-04-10T08:48:22","slug":"benevoles","status":"publish","type":"page","link":"https:\/\/cansearch.ch\/de\/stiftung\/benevoles\/","title":{"rendered":"Operative team"},"content":{"rendered":"<div class=\"fusion-fullwidth fullwidth-box fusion-builder-row-1 hundred-percent-fullwidth non-hundred-percent-height-scrolling\" style=\"--awb-border-radius-top-left:0px;--awb-border-radius-top-right:0px;--awb-border-radius-bottom-right:0px;--awb-border-radius-bottom-left:0px;--awb-overflow:visible;--awb-flex-wrap:wrap;\" ><div class=\"fusion-builder-row fusion-row\"><div class=\"fusion-layout-column fusion_builder_column fusion-builder-column-0 fusion_builder_column_5_6 5_6 fusion-five-sixth fusion-column-first\" style=\"--awb-bg-size:cover;width:82.6666%; margin-right: 4%;\" data-scroll-devices=\"small-visibility,medium-visibility,large-visibility\"><div class=\"fusion-column-wrapper fusion-column-has-shadow fusion-flex-column-wrapper-legacy\"><div class=\"fusion-text fusion-text-1\"><p><strong>Die Verwaltung<\/strong><\/p>\n<p>Der Vorstand der CANSEARCH-Stiftung besteht aus der Generalsekret\u00e4rin und einem Spendermanager.<\/p>\n<\/div><div class=\"fusion-image-carousel fusion-image-carousel-auto fusion-image-carousel-1\"><div class=\"awb-carousel awb-swiper awb-swiper-carousel awb-carousel--carousel awb-swiper-dots-position-bottom\" data-layout=\"carousel\" data-autoplay=\"no\" data-autoplayspeed=\"2500\" data-autoplaypause=\"no\" data-loop=\"yes\" data-columns=\"3\" data-columnsmedium=\"1\" data-columnssmall=\"1\" data-itemmargin=\"10\" data-itemwidth=\"180\" data-touchscroll=\"no\" data-freemode=\"no\" data-imagesize=\"auto\" data-scrollitems=\"1\" data-centeredslides=\"no\" data-rotationangle=\"50\" data-depth=\"100\" data-speed=\"500\" data-shadow=\"no\" data-pagination=\"bullets\" style=\"--awb-columns:3;--awb-column-spacing:10px;--awb-caption-title-color:#dbdbdb;--awb-caption-title-size:24px;--awb-caption-title-transform:capitalize;--awb-caption-title-line-height:1.5;--awb-caption-title-letter-spacing:-0.02em;--awb-caption-text-color:var(--awb-color6);--awb-caption-text-size:20px;--awb-caption-text-transform:var(--awb-typography2-text-transform);--awb-caption-text-line-height:1.4;--awb-caption-text-letter-spacing:0.02em;--awb-caption-overlay-color:#141414;--awb-caption-title-font-family:&quot;Inter&quot;;--awb-caption-title-font-style:normal;--awb-caption-title-font-weight:400;--awb-caption-text-font-family:&quot;Oswald&quot;;--awb-caption-text-font-style:normal;--awb-caption-text-font-weight:400;\"><div class=\"swiper-wrapper awb-image-carousel-wrapper fusion-flex-align-items-center\"><div class=\"swiper-slide\"><div class=\"fusion-carousel-item-wrapper\"><div class=\"fusion-image-wrapper awb-imageframe-style awb-imageframe-style-navin\"><a href=\"https:\/\/cansearch.ch\/de\/valerie-fr\/\" target=\"_blank\" rel=\"noopener noreferrer\"><img decoding=\"async\" width=\"444\" height=\"345\" src=\"https:\/\/cansearch.ch\/wp-content\/uploads\/2022\/11\/STECK-Famille_PP_CL_ALS_4409_OF_LOGO_24x30-e1712649135520.jpg\" class=\"attachment-full size-full\" alt=\"\" \/><div class=\"awb-imageframe-caption-container\"><div class=\"awb-imageframe-caption\"><h2 class=\"awb-imageframe-caption-title\">Val\u00e9rie STECK<\/h2><p class=\"awb-imageframe-caption-text\">Secr\u00e9taire G\u00e9n\u00e9rale<\/p><\/div><\/div><\/a><\/div><\/div><\/div><div class=\"swiper-slide\"><div class=\"fusion-carousel-item-wrapper\"><div class=\"fusion-image-wrapper awb-imageframe-style awb-imageframe-style-navin\"><a href=\"https:\/\/cansearch.ch\/de\/than-fr\/\" target=\"_blank\" rel=\"noopener noreferrer\"><img decoding=\"async\" width=\"1192\" height=\"795\" src=\"https:\/\/cansearch.ch\/wp-content\/uploads\/2024\/04\/NR_DSF1288.jpg\" class=\"attachment-full size-full\" alt=\"https:\/\/cansearch.ch\/administration-fr\/\" srcset=\"https:\/\/cansearch.ch\/wp-content\/uploads\/2024\/04\/NR_DSF1288-200x133.jpg 200w, https:\/\/cansearch.ch\/wp-content\/uploads\/2024\/04\/NR_DSF1288-400x267.jpg 400w, https:\/\/cansearch.ch\/wp-content\/uploads\/2024\/04\/NR_DSF1288-600x400.jpg 600w, https:\/\/cansearch.ch\/wp-content\/uploads\/2024\/04\/NR_DSF1288-800x534.jpg 800w, https:\/\/cansearch.ch\/wp-content\/uploads\/2024\/04\/NR_DSF1288.jpg 1192w\" sizes=\"(min-width: 2200px) 100vw, (min-width: 824px) 460px, (min-width: 732px) 690px, (min-width: 640px) 732px, \" \/><div class=\"awb-imageframe-caption-container\"><div class=\"awb-imageframe-caption\"><h2 class=\"awb-imageframe-caption-title\">Thanh MAI THI NGOC<\/h2><p class=\"awb-imageframe-caption-text\">Responsable Administrative et Financi\u00e8re<\/p><\/div><\/div><\/a><\/div><\/div><\/div><div class=\"swiper-slide\"><div class=\"fusion-carousel-item-wrapper\"><div class=\"fusion-image-wrapper awb-imageframe-style awb-imageframe-style-navin\"><a href=\"https:\/\/cansearch.ch\/de\/florence-fr\/\" target=\"_blank\" rel=\"noopener noreferrer\"><img decoding=\"async\" width=\"2384\" height=\"1590\" src=\"https:\/\/cansearch.ch\/wp-content\/uploads\/2024\/04\/NR_DSF1178.jpg\" class=\"attachment-full size-full\" alt=\"\" srcset=\"https:\/\/cansearch.ch\/wp-content\/uploads\/2024\/04\/NR_DSF1178-200x133.jpg 200w, https:\/\/cansearch.ch\/wp-content\/uploads\/2024\/04\/NR_DSF1178-400x267.jpg 400w, https:\/\/cansearch.ch\/wp-content\/uploads\/2024\/04\/NR_DSF1178-600x400.jpg 600w, https:\/\/cansearch.ch\/wp-content\/uploads\/2024\/04\/NR_DSF1178-800x534.jpg 800w, https:\/\/cansearch.ch\/wp-content\/uploads\/2024\/04\/NR_DSF1178-1200x800.jpg 1200w, https:\/\/cansearch.ch\/wp-content\/uploads\/2024\/04\/NR_DSF1178.jpg 2384w\" sizes=\"(min-width: 2200px) 100vw, (min-width: 824px) 460px, (min-width: 732px) 690px, (min-width: 640px) 732px, \" \/><div class=\"awb-imageframe-caption-container\"><div class=\"awb-imageframe-caption\"><h2 class=\"awb-imageframe-caption-title\">Florence SCHMIDT<\/h2><p class=\"awb-imageframe-caption-text\">Charg\u00e9e de projets et donateurs<\/p><\/div><\/div><\/a><\/div><\/div><\/div><\/div><\/div><\/div><div class=\"fusion-clearfix\"><\/div><\/div><\/div><div class=\"fusion-layout-column fusion_builder_column fusion-builder-column-1 fusion_builder_column_5_6 5_6 fusion-five-sixth fusion-column-last\" style=\"--awb-bg-size:cover;\"><div class=\"fusion-column-wrapper fusion-flex-column-wrapper-legacy\"><div class=\"fusion-text fusion-text-2\"><p><span style=\"color: #ff9900;\"><strong>Freiwillige Helfer<br \/>\n<\/strong><\/span><br \/>\nDie CANSEARCH-Stiftung hat die Chance sich auf die Loyalit\u00e4t und die F\u00e4higkeiten der Freiwilligen verlassen zu k\u00f6nnen, um ihre Betriebskosten so niedrig wie m\u00f6glich zu halten. Die eingeworbenen Mittel k\u00f6nnen f\u00fcr wissenschaftliche Forschung verwendet werden.&nbsp;<\/p>\n<\/div><div class=\"fusion-image-carousel fusion-image-carousel-auto fusion-image-carousel-2\"><div class=\"awb-carousel awb-swiper awb-swiper-carousel awb-carousel--carousel awb-swiper-dots-position-bottom\" data-layout=\"carousel\" data-autoplay=\"no\" data-autoplayspeed=\"2500\" data-autoplaypause=\"no\" data-loop=\"yes\" data-columns=\"3\" data-columnsmedium=\"1\" data-columnssmall=\"1\" data-itemmargin=\"10\" data-itemwidth=\"180\" data-touchscroll=\"no\" data-freemode=\"no\" data-imagesize=\"auto\" data-scrollitems=\"1\" data-centeredslides=\"no\" data-rotationangle=\"50\" data-depth=\"100\" data-speed=\"500\" data-shadow=\"no\" data-pagination=\"bullets\" style=\"--awb-columns:3;--awb-column-spacing:10px;--awb-caption-title-color:#dbdbdb;--awb-caption-title-size:24px;--awb-caption-title-transform:capitalize;--awb-caption-title-line-height:1.5;--awb-caption-title-letter-spacing:-0.02em;--awb-caption-text-color:var(--awb-color6);--awb-caption-text-size:20px;--awb-caption-text-transform:var(--awb-typography2-text-transform);--awb-caption-text-line-height:1.4;--awb-caption-text-letter-spacing:0.02em;--awb-caption-overlay-color:#141414;--awb-caption-title-font-family:&quot;Inter&quot;;--awb-caption-title-font-style:normal;--awb-caption-title-font-weight:400;--awb-caption-text-font-family:&quot;Oswald&quot;;--awb-caption-text-font-style:normal;--awb-caption-text-font-weight:400;\"><div class=\"swiper-wrapper awb-image-carousel-wrapper fusion-flex-align-items-center\"><div class=\"swiper-slide\"><div class=\"fusion-carousel-item-wrapper\"><div class=\"fusion-image-wrapper awb-imageframe-style awb-imageframe-style-navin\"><a href=\"https:\/\/cansearch.ch\/de\/alix-fr\/\" target=\"_blank\" rel=\"noopener noreferrer\"><img decoding=\"async\" width=\"2560\" height=\"2551\" src=\"https:\/\/cansearch.ch\/wp-content\/uploads\/2021\/01\/IMG_5923-scaled-e1712658397287.jpg\" class=\"attachment-full size-full\" alt=\"\" \/><div class=\"awb-imageframe-caption-container\"><div class=\"awb-imageframe-caption\"><h2 class=\"awb-imageframe-caption-title\">Alix RIVOIRE<\/h2><p class=\"awb-imageframe-caption-text\">B\u00e9n\u00e9vole<\/p><\/div><\/div><\/a><\/div><\/div><\/div><div class=\"swiper-slide\"><div class=\"fusion-carousel-item-wrapper\"><div class=\"fusion-image-wrapper awb-imageframe-style awb-imageframe-style-navin\"><a href=\"https:\/\/cansearch.ch\/de\/cathy-fr-2\/\" target=\"_blank\" rel=\"noopener noreferrer\"><img decoding=\"async\" width=\"178\" height=\"178\" src=\"https:\/\/cansearch.ch\/wp-content\/uploads\/2021\/02\/D-GVqdvg-e1712658877980.jpeg\" class=\"attachment-full size-full\" alt=\"https:\/\/cansearch.ch\/de\/cathy-fr-2\/\" \/><div class=\"awb-imageframe-caption-container\"><div class=\"awb-imageframe-caption\"><h2 class=\"awb-imageframe-caption-title\">Cathy WINTSCH<\/h2><p class=\"awb-imageframe-caption-text\">B\u00e9n\u00e9vole<\/p><\/div><\/div><\/a><\/div><\/div><\/div><\/div><\/div><\/div><div class=\"fusion-clearfix\"><\/div><\/div><\/div><div class=\"fusion-layout-column fusion_builder_column fusion-builder-column-2 fusion_builder_column_5_6 5_6 fusion-five-sixth fusion-column-first\" style=\"--awb-bg-size:cover;width:82.6666%; margin-right: 4%;\"><div class=\"fusion-column-wrapper fusion-flex-column-wrapper-legacy\"><div class=\"fusion-text fusion-text-3\"><p>Ein gro\u00dfes Dankesch\u00f6n an unsere Freiwilligen, die uns ihre Zeit geben, um verschiedene Aufgaben zu erledigen, eine wertvolle Zeit f\u00fcr uns! Danke!<\/p>\n<p>Um die Stiftung CANSEARCH zu unterst\u00fctzen und uns bekannt zu machen, k\u00f6nnen Sie eine eigene Aktionsgruppe leiten und leiten. Kontaktieren Sie uns.<\/p>\n<\/div><div class=\"fusion-clearfix\"><\/div><\/div><\/div><\/div><\/div>\n","protected":false},"excerpt":{"rendered":"","protected":false},"author":1,"featured_media":0,"parent":8966,"menu_order":5,"comment_status":"closed","ping_status":"closed","template":"side-navigation.php","meta":{"ngg_post_thumbnail":0,"footnotes":"","_links_to":"","_links_to_target":""},"class_list":["post-9004","page","type-page","status-publish","hentry"],"aioseo_notices":[],"_links":{"self":[{"href":"https:\/\/cansearch.ch\/de\/wp-json\/wp\/v2\/pages\/9004","targetHints":{"allow":["GET"]}}],"collection":[{"href":"https:\/\/cansearch.ch\/de\/wp-json\/wp\/v2\/pages"}],"about":[{"href":"https:\/\/cansearch.ch\/de\/wp-json\/wp\/v2\/types\/page"}],"author":[{"embeddable":true,"href":"https:\/\/cansearch.ch\/de\/wp-json\/wp\/v2\/users\/1"}],"replies":[{"embeddable":true,"href":"https:\/\/cansearch.ch\/de\/wp-json\/wp\/v2\/comments?post=9004"}],"version-history":[{"count":17,"href":"https:\/\/cansearch.ch\/de\/wp-json\/wp\/v2\/pages\/9004\/revisions"}],"predecessor-version":[{"id":14595,"href":"https:\/\/cansearch.ch\/de\/wp-json\/wp\/v2\/pages\/9004\/revisions\/14595"}],"up":[{"embeddable":true,"href":"https:\/\/cansearch.ch\/de\/wp-json\/wp\/v2\/pages\/8966"}],"wp:attachment":[{"href":"https:\/\/cansearch.ch\/de\/wp-json\/wp\/v2\/media?parent=9004"}],"curies":[{"name":"wp","href":"https:\/\/api.w.org\/{rel}","templated":true}]}}