{"id":9058,"date":"2021-01-30T15:57:30","date_gmt":"2021-01-30T15:57:30","guid":{"rendered":"https:\/\/cansearch.ch\/aktiv-sein-fuer-cansearch\/aktionsgruppen\/"},"modified":"2023-11-06T13:16:11","modified_gmt":"2023-11-06T13:16:11","slug":"aktionsgruppen","status":"publish","type":"page","link":"https:\/\/cansearch.ch\/de\/handeln\/aktiv-sein-fuer-cansearch\/aktionsgruppen\/","title":{"rendered":"Aktionsgruppen"},"content":{"rendered":"<div class=\"fusion-fullwidth fullwidth-box fusion-builder-row-1 hundred-percent-fullwidth non-hundred-percent-height-scrolling\" style=\"--awb-border-radius-top-left:0px;--awb-border-radius-top-right:0px;--awb-border-radius-bottom-right:0px;--awb-border-radius-bottom-left:0px;--awb-overflow:visible;--awb-flex-wrap:wrap;\" ><div class=\"fusion-builder-row fusion-row\"><div class=\"fusion-layout-column fusion_builder_column fusion-builder-column-0 fusion_builder_column_2_3 2_3 fusion-two-third fusion-column-first\" style=\"--awb-bg-size:cover;width:65.3333%; margin-right: 4%;\"><div class=\"fusion-column-wrapper fusion-flex-column-wrapper-legacy\"><div class=\"fusion-title title fusion-title-1 fusion-sep-none fusion-title-text fusion-title-size-two\"><h2 class=\"fusion-title-heading title-heading-left\" style=\"margin:0;\"><div>\n<p class=\"Textbody\"><b><span lang=\"DE-CH\">Aktionsgruppen<\/span><\/b><\/p>\n<\/div><\/h2><\/div><div class=\"fusion-text fusion-text-1\"><p>Die CANSEARCH-Stiftung wird von mehreren Arbeitsgruppen unterst\u00fctzt, die von stiftungsnahen Personen gegr\u00fcndet wurden. Sie bitten ihre Entourage, Gelder zu sammeln, um die Forschung des CANSEARCH RESEARCH LABORATORY zu finanzieren.<\/p>\n<p>Jede Arbeitsgruppe hat einen Leiter, der mit dem CANSEARCH-Sekretariat in Kontakt ist. Die Stiftung bietet bei Bedarf administrative Unterst\u00fctzung, validiert Dokumente mit dem Logo und\/oder der Pr\u00e4sentation der Stiftung und verbindet, falls gew\u00fcnscht, zur Datenbank, zur Website und zur Facebook-Seite.<\/p>\n<p>Veranstaltungen, die von der Arbeitsgruppe initiiert werden, k\u00f6nnen je nach Aktion oder geographischem Gebiet f\u00fcr die breite \u00d6ffentlichkeit zug\u00e4nglich oder zielgerichtet sein.<\/p>\n<p>Jede Zahlung an die Bank wird identifiziert und dann dem Leiter der Arbeitsgruppe mitgeteilt. Wenn der Aktionsgruppe ein spezieller Abschnitt gewidmet ist, kann dieser Abschnitt dem Leiter der Arbeitsgruppe mitgeteilt werden.<\/p>\n<p>Je nach Ihren W\u00fcnschen und Sehns\u00fcchten haben Sie die M\u00f6glichkeit, eine Arbeitsgruppe zu gr\u00fcnden und\/oder an einer solchen teilzunehmen. Z\u00f6gern Sie nicht, sich zu engagieren!<\/p>\n<p><strong><span style=\"color: #ff9900;\">CANWALK<\/span><\/strong><\/p>\n<p><em>Brigitte Crompton<\/em><\/p>\n<p><img decoding=\"async\" class=\"size-thumbnail wp-image-9059 alignleft\" src=\"https:\/\/cansearch.ch\/wp-content\/uploads\/2017\/05\/fullsizeoutput_64d4-150x150.jpeg\" alt=\"\" width=\"150\" height=\"150\" srcset=\"https:\/\/cansearch.ch\/wp-content\/uploads\/2017\/05\/fullsizeoutput_64d4-66x66.jpeg 66w, https:\/\/cansearch.ch\/wp-content\/uploads\/2017\/05\/fullsizeoutput_64d4-100x100.jpeg 100w, https:\/\/cansearch.ch\/wp-content\/uploads\/2017\/05\/fullsizeoutput_64d4-150x150.jpeg 150w\" sizes=\"(max-width: 150px) 100vw, 150px\" \/>Ob in den Bergen oder anderswo, Brigitte Compton l\u00e4sst Sie bei wundersch\u00f6nen Wanderungen mit Familie und Freunden herrliche Landschaften entdecken, um krebskranke Kinder zu unterst\u00fctzen.<\/p>\n<p>\u00abSeit ihrer Gr\u00fcndung unterst\u00fctzen wir die Cansearch-Stiftung, die uns besonders am Herzen liegt. Wir tragen dazu bei, indem wir alle zwei Jahre den CANWALK in Sch\u00f6nried organisieren. Diese leichte, familienfreundliche Wanderung endet mit einem Grillfest auf einem Bergbauernhof.\u00bb<\/p>\n<p>Wir hoffen, dass der CANWALK in k\u00fcnftigen Ausgaben weiterwachsen wird und w\u00fcnschen der Cansearch-Stiftung eine gute Zukunft.<\/p>\n<p>&nbsp;<\/p>\n<p><strong><span style=\"color: #ff9900;\">CANFIGHT for Victoria<\/span><\/strong><\/p>\n<p><em>Guerric und Coralie Canonica<\/em><\/p>\n<p><img decoding=\"async\" class=\"size-thumbnail wp-image-8676 alignleft\" src=\"https:\/\/cansearch.ch\/wp-content\/uploads\/2011\/11\/Victoria-C-e1491475178421-150x150.jpg\" alt=\"\" width=\"150\" height=\"150\">Im Gedenken an Victoria, die zum Zeitpunkt ihres Todes 10 Jahre alt war, wollten ihre Familie und Freunde ihre Kr\u00e4fte vereinen, um die Forschungsarbeit der CANSEARCH-Stiftung aktiv zu unterst\u00fctzen, vor allem im Zusammenhang mit der akuten myeloischen Leuk\u00e4mie (AML), weil sie wissen, dass nur durch Forschung diese Krankheit wirksam bek\u00e4mpft und Kinder geheilt werden k\u00f6nnen.<\/p>\n<p>coralie@cansearch.ch<\/p>\n<p>&nbsp;<\/p>\n<p><strong><span style=\"color: #ff9900;\">ARTGROUP<\/span><\/strong><\/p>\n<p><em>Stephanie Ansari<\/em><\/p>\n<p>Dank Stephanie \u00f6ffnet CANSEARCH seine Horizonte f\u00fcr die Welt der Kunst und erm\u00f6glicht es, sch\u00f6ne k\u00fcnstlerische Begegnungen zum Wohle der Stiftung zu organisieren. Stephanie ist auch f\u00fcr die Versteigerung am Galaabend der Stiftung verantwortlich.<\/p>\n<p>&nbsp;<\/p>\n<p><strong>CANSEARCH ist auch im Ausland vertreten!<\/strong><\/p>\n<p><strong><span style=\"color: #ff9900;\">In Dubai<\/span><\/strong>&nbsp;&#8211;&nbsp;<em>Ian Crompton, Pr\u00e4sident<\/em><\/p>\n<p>Ian arbeitet in der Parf\u00fcmindustrie als Direktor. Urspr\u00fcnglich in London ans\u00e4ssig, hat er auch in K\u00f6ln und Paris gearbeitet. Er ist verheiratet und hat zwei Kinder.<\/p>\n<p>&nbsp;<\/p>\n<p>&nbsp;<\/p>\n<\/div><div class=\"fusion-clearfix\"><\/div><\/div><\/div><div class=\"fusion-layout-column fusion_builder_column fusion-builder-column-1 fusion_builder_column_1_3 1_3 fusion-one-third fusion-column-last\" style=\"--awb-bg-size:cover;width:30.6666%;\"><div class=\"fusion-column-wrapper fusion-flex-column-wrapper-legacy\"><div class=\"fusion-clearfix\"><\/div><\/div><\/div><\/div><\/div>\n","protected":false},"excerpt":{"rendered":"","protected":false},"author":1,"featured_media":0,"parent":8436,"menu_order":6,"comment_status":"closed","ping_status":"closed","template":"side-navigation.php","meta":{"ngg_post_thumbnail":0,"footnotes":"","_links_to":"","_links_to_target":""},"class_list":["post-9058","page","type-page","status-publish","hentry"],"aioseo_notices":[],"_links":{"self":[{"href":"https:\/\/cansearch.ch\/de\/wp-json\/wp\/v2\/pages\/9058","targetHints":{"allow":["GET"]}}],"collection":[{"href":"https:\/\/cansearch.ch\/de\/wp-json\/wp\/v2\/pages"}],"about":[{"href":"https:\/\/cansearch.ch\/de\/wp-json\/wp\/v2\/types\/page"}],"author":[{"embeddable":true,"href":"https:\/\/cansearch.ch\/de\/wp-json\/wp\/v2\/users\/1"}],"replies":[{"embeddable":true,"href":"https:\/\/cansearch.ch\/de\/wp-json\/wp\/v2\/comments?post=9058"}],"version-history":[{"count":7,"href":"https:\/\/cansearch.ch\/de\/wp-json\/wp\/v2\/pages\/9058\/revisions"}],"predecessor-version":[{"id":13494,"href":"https:\/\/cansearch.ch\/de\/wp-json\/wp\/v2\/pages\/9058\/revisions\/13494"}],"up":[{"embeddable":true,"href":"https:\/\/cansearch.ch\/de\/wp-json\/wp\/v2\/pages\/8436"}],"wp:attachment":[{"href":"https:\/\/cansearch.ch\/de\/wp-json\/wp\/v2\/media?parent=9058"}],"curies":[{"name":"wp","href":"https:\/\/api.w.org\/{rel}","templated":true}]}}