{"id":9194,"date":"2021-02-01T14:30:24","date_gmt":"2021-02-01T14:30:24","guid":{"rendered":"https:\/\/cansearch.ch\/veroeffentlichungen\/"},"modified":"2023-11-14T15:35:30","modified_gmt":"2023-11-14T15:35:30","slug":"veroeffentlichungen","status":"publish","type":"page","link":"https:\/\/cansearch.ch\/de\/forschung\/veroeffentlichungen\/","title":{"rendered":"Ver\u00f6ffentlichungen"},"content":{"rendered":"<div class=\"fusion-fullwidth fullwidth-box fusion-builder-row-1 hundred-percent-fullwidth non-hundred-percent-height-scrolling\" style=\"--awb-border-radius-top-left:0px;--awb-border-radius-top-right:0px;--awb-border-radius-bottom-right:0px;--awb-border-radius-bottom-left:0px;--awb-overflow:visible;--awb-flex-wrap:wrap;\" ><div class=\"fusion-builder-row fusion-row\"><div class=\"fusion-layout-column fusion_builder_column fusion-builder-column-0 fusion_builder_column_2_3 2_3 fusion-two-third fusion-column-first\" style=\"--awb-bg-size:cover;width:65.3333%; margin-right: 4%;\"><div class=\"fusion-column-wrapper fusion-flex-column-wrapper-legacy\"><div class=\"fusion-title title fusion-title-1 fusion-sep-none fusion-title-text fusion-title-size-two\"><h2 class=\"fusion-title-heading title-heading-left\" style=\"margin:0;\"><div>\n<h4><span lang=\"DE-CH\">Ver\u00f6ffentlichungen<\/span><\/h4>\n<\/div><\/h2><\/div><div class=\"fusion-image-element in-legacy-container\" style=\"--awb-caption-title-font-family:var(--h2_typography-font-family);--awb-caption-title-font-weight:var(--h2_typography-font-weight);--awb-caption-title-font-style:var(--h2_typography-font-style);--awb-caption-title-size:var(--h2_typography-font-size);--awb-caption-title-transform:var(--h2_typography-text-transform);--awb-caption-title-line-height:var(--h2_typography-line-height);--awb-caption-title-letter-spacing:var(--h2_typography-letter-spacing);\"><span class=\" fusion-imageframe imageframe-none imageframe-1 hover-type-none\"><img decoding=\"async\" width=\"300\" height=\"200\" title=\"shutterstock_218763793\" src=\"https:\/\/cansearch.ch\/wp-content\/uploads\/2020\/09\/shutterstock_218763793-300x200.jpg\" alt class=\"img-responsive wp-image-8197\" srcset=\"https:\/\/cansearch.ch\/wp-content\/uploads\/2020\/09\/shutterstock_218763793-200x133.jpg 200w, https:\/\/cansearch.ch\/wp-content\/uploads\/2020\/09\/shutterstock_218763793-400x267.jpg 400w, https:\/\/cansearch.ch\/wp-content\/uploads\/2020\/09\/shutterstock_218763793-600x400.jpg 600w, https:\/\/cansearch.ch\/wp-content\/uploads\/2020\/09\/shutterstock_218763793-800x533.jpg 800w, https:\/\/cansearch.ch\/wp-content\/uploads\/2020\/09\/shutterstock_218763793-1200x800.jpg 1200w\" sizes=\"(max-width: 800px) 100vw, 300px\" \/><\/span><\/div><div class=\"fusion-text fusion-text-1\"><div class=\"\">Insgesamt hat die CANSEARCH-Forschungsplattform f\u00fcr p\u00e4diatrische Onkologie und H\u00e4matologie an der Universit\u00e4t Genf seit ihrer Gr\u00fcndung im Jahr 2011, 290 wissenschaftliche Artikel und 351 Abstracts ver\u00f6ffentlicht, die auf internationalen, nationalen oder anderen Konferenzen vorgestellt wurden.<\/div>\n<div class=\"\">&nbsp;<\/div>\n<div class=\"\">Aktualisierung: November 2023<\/div>\n<p><a href=\"https:\/\/cansearch.ch\/wp-content\/uploads\/2023\/09\/Publications-Plateforme-de-recherche-CANSEARCH-2023-2011-revu-NH-28.08.23-FINAL.pdf\" target=\"_blank\" rel=\"noopener\">Ver\u00f6ffentlichungen CANSEARCH Laboratory 2011-2023<\/a><\/p>\n<p><a href=\"https:\/\/cansearch.ch\/wp-content\/uploads\/2023\/09\/Abstracts-Plateforme-de-recherche-CANSEARCH-2023-2011-revu-NH-MA-30aout-2023-NH-31.08.23.pdf\" target=\"_blank\" rel=\"noopener\">Abstracts, CANSEARCH Laboratory 2011-2023<\/a><\/p>\n<p>&nbsp;<\/p>\n<\/div><div class=\"fusion-text fusion-text-2\"><div class=\"\">Aktualisierung: August 2022<\/div>\n<p><a href=\"https:\/\/cansearch.ch\/wp-content\/uploads\/2022\/08\/Publications-Prof-Marc-Ansari-CANSEARCH-2022-2011-revu-NH-29.08.22.pdf\" target=\"_blank\" rel=\"noopener\">Liste der Ver\u00f6ffentlichungen 2011-2022 von Prof Marc Ansari<\/a><\/p>\n<p>&nbsp;<\/p>\n<p>&nbsp;<\/p>\n<\/div><div class=\"fusion-sep-clear\"><\/div><div class=\"fusion-separator fusion-full-width-sep\" style=\"margin-left: auto;margin-right: auto;margin-top:30px;width:100%;\"><\/div><div class=\"fusion-sep-clear\"><\/div><div class=\"fusion-sep-clear\"><\/div><div class=\"fusion-separator fusion-full-width-sep\" style=\"margin-left: auto;margin-right: auto;margin-top:30px;width:100%;\"><\/div><div class=\"fusion-sep-clear\"><\/div><div class=\"fusion-sep-clear\"><\/div><div class=\"fusion-separator fusion-full-width-sep\" style=\"margin-left: auto;margin-right: auto;margin-top:30px;width:100%;\"><\/div><div class=\"fusion-sep-clear\"><\/div><div class=\"fusion-sep-clear\"><\/div><div class=\"fusion-separator fusion-full-width-sep\" style=\"margin-left: auto;margin-right: auto;margin-top:30px;width:100%;\"><\/div><div class=\"fusion-sep-clear\"><\/div><div class=\"fusion-sep-clear\"><\/div><div class=\"fusion-separator fusion-full-width-sep\" style=\"margin-left: auto;margin-right: auto;margin-top:30px;width:100%;\"><\/div><div class=\"fusion-sep-clear\"><\/div><div class=\"fusion-sep-clear\"><\/div><div class=\"fusion-separator fusion-full-width-sep\" style=\"margin-left: auto;margin-right: auto;margin-top:30px;width:100%;\"><\/div><div class=\"fusion-sep-clear\"><\/div><div class=\"fusion-clearfix\"><\/div><\/div><\/div><div class=\"fusion-layout-column fusion_builder_column fusion-builder-column-1 fusion_builder_column_1_3 1_3 fusion-one-third fusion-column-last\" style=\"--awb-bg-size:cover;width:30.6666%;\"><div class=\"fusion-column-wrapper fusion-flex-column-wrapper-legacy\"><div class=\"fusion-clearfix\"><\/div><\/div><\/div><\/div><\/div>\n","protected":false},"excerpt":{"rendered":"","protected":false},"author":4,"featured_media":0,"parent":9296,"menu_order":7,"comment_status":"closed","ping_status":"closed","template":"side-navigation.php","meta":{"ngg_post_thumbnail":0,"footnotes":"","_links_to":"","_links_to_target":""},"class_list":["post-9194","page","type-page","status-publish","hentry"],"aioseo_notices":[],"_links":{"self":[{"href":"https:\/\/cansearch.ch\/de\/wp-json\/wp\/v2\/pages\/9194","targetHints":{"allow":["GET"]}}],"collection":[{"href":"https:\/\/cansearch.ch\/de\/wp-json\/wp\/v2\/pages"}],"about":[{"href":"https:\/\/cansearch.ch\/de\/wp-json\/wp\/v2\/types\/page"}],"author":[{"embeddable":true,"href":"https:\/\/cansearch.ch\/de\/wp-json\/wp\/v2\/users\/4"}],"replies":[{"embeddable":true,"href":"https:\/\/cansearch.ch\/de\/wp-json\/wp\/v2\/comments?post=9194"}],"version-history":[{"count":21,"href":"https:\/\/cansearch.ch\/de\/wp-json\/wp\/v2\/pages\/9194\/revisions"}],"predecessor-version":[{"id":13512,"href":"https:\/\/cansearch.ch\/de\/wp-json\/wp\/v2\/pages\/9194\/revisions\/13512"}],"up":[{"embeddable":true,"href":"https:\/\/cansearch.ch\/de\/wp-json\/wp\/v2\/pages\/9296"}],"wp:attachment":[{"href":"https:\/\/cansearch.ch\/de\/wp-json\/wp\/v2\/media?parent=9194"}],"curies":[{"name":"wp","href":"https:\/\/api.w.org\/{rel}","templated":true}]}}