{"id":9362,"date":"2021-02-04T10:13:23","date_gmt":"2021-02-04T10:13:23","guid":{"rendered":"https:\/\/cansearch.ch\/relive\/"},"modified":"2021-02-04T10:13:25","modified_gmt":"2021-02-04T10:13:25","slug":"relive","status":"publish","type":"page","link":"https:\/\/cansearch.ch\/de\/relive\/","title":{"rendered":"RELIVE"},"content":{"rendered":"<div class=\"fusion-fullwidth fullwidth-box fusion-builder-row-1 nonhundred-percent-fullwidth non-hundred-percent-height-scrolling\" style=\"--awb-border-radius-top-left:0px;--awb-border-radius-top-right:0px;--awb-border-radius-bottom-right:0px;--awb-border-radius-bottom-left:0px;--awb-flex-wrap:wrap;\" ><div class=\"fusion-builder-row fusion-row\"><div class=\"fusion-layout-column fusion_builder_column fusion-builder-column-0 fusion_builder_column_2_3 2_3 fusion-two-third fusion-column-first\" style=\"--awb-bg-size:cover;width:66.666666666667%;width:calc(66.666666666667% - ( ( 4% ) * 0.66666666666667 ) );margin-right: 4%;\"><div class=\"fusion-column-wrapper fusion-flex-column-wrapper-legacy\"><div class=\"fusion-text fusion-text-1\"><p><span class=\"\" style=\"font-size: small;\"><span class=\"\">Um die Behandlung von Kindern zu verbessern, die einen R\u00fcckfall von Leberkrebs erleiden (eine sehr seltene Krebsart, die 1 % aller p\u00e4diatrischen Krebserkrankungen ausmacht), wurde von der RELIVE-Gruppe ein Projekt zur Erstellung eines internationalen Registers aufgebaut. Die RELIVE-Gruppe setzt sich zusammen aus der CANSEARCH-Forschungsplattform f\u00fcr p\u00e4diatrische Onkologie und H\u00e4matologie von der Universit\u00e4t Genf, der Kinderlebertumorgruppe, die in dem Universit\u00e4tsspital Genf integriert ist (Kids Liver CANSEARCH Group), sowie aus Forschern des CHIC-Konsortiums aus ganz Europa (SIOPEL), Japan (JPLT), Australien, Neuseeland und den Vereinigten Staaten (Children Oncology Group). Das Ziel der RELIVE-Gruppe ist es, in einem zentralen internationalen Register retrospektiv alle Daten zu k\u00fcrzlich eingesetzten Behandlungen f\u00fcr Kinder mit rezidiviertem Leberkrebs zu sammeln, um das \u00dcberleben dieser Kinder in Zukunft zu verbessern. Dieses Register wird in Genf im Universit\u00e4tspital Genf angesiedelt sein.<br class=\"\"><br class=\"\"><\/span><\/span><\/p>\n<div class=\"\"><span class=\"\" style=\"font-size: small;\"><span class=\"\">Link zur <a href=\"https:\/\/relive-international.net\" target=\"_blank\" rel=\"noopener\">RELIVE-Website<\/a><\/span><\/span><\/div>\n<\/div><div class=\"fusion-clearfix\"><\/div><\/div><\/div><div class=\"fusion-layout-column fusion_builder_column fusion-builder-column-1 fusion_builder_column_1_3 1_3 fusion-one-third fusion-column-last\" style=\"--awb-bg-size:cover;width:33.333333333333%;width:calc(33.333333333333% - ( ( 4% ) * 0.33333333333333 ) );\"><div class=\"fusion-column-wrapper fusion-flex-column-wrapper-legacy\"><div class=\"fusion-clearfix\"><\/div><\/div><\/div><\/div><\/div>\n","protected":false},"excerpt":{"rendered":"","protected":false},"author":14,"featured_media":0,"parent":0,"menu_order":0,"comment_status":"closed","ping_status":"closed","template":"","meta":{"ngg_post_thumbnail":0,"footnotes":"","_links_to":"","_links_to_target":""},"class_list":["post-9362","page","type-page","status-publish","hentry"],"aioseo_notices":[],"_links":{"self":[{"href":"https:\/\/cansearch.ch\/de\/wp-json\/wp\/v2\/pages\/9362","targetHints":{"allow":["GET"]}}],"collection":[{"href":"https:\/\/cansearch.ch\/de\/wp-json\/wp\/v2\/pages"}],"about":[{"href":"https:\/\/cansearch.ch\/de\/wp-json\/wp\/v2\/types\/page"}],"author":[{"embeddable":true,"href":"https:\/\/cansearch.ch\/de\/wp-json\/wp\/v2\/users\/14"}],"replies":[{"embeddable":true,"href":"https:\/\/cansearch.ch\/de\/wp-json\/wp\/v2\/comments?post=9362"}],"version-history":[{"count":2,"href":"https:\/\/cansearch.ch\/de\/wp-json\/wp\/v2\/pages\/9362\/revisions"}],"predecessor-version":[{"id":9364,"href":"https:\/\/cansearch.ch\/de\/wp-json\/wp\/v2\/pages\/9362\/revisions\/9364"}],"wp:attachment":[{"href":"https:\/\/cansearch.ch\/de\/wp-json\/wp\/v2\/media?parent=9362"}],"curies":[{"name":"wp","href":"https:\/\/api.w.org\/{rel}","templated":true}]}}