{"id":9559,"date":"2021-02-09T11:28:45","date_gmt":"2021-02-09T11:28:45","guid":{"rendered":"https:\/\/cansearch.ch\/home\/"},"modified":"2025-05-22T10:49:51","modified_gmt":"2025-05-22T10:49:51","slug":"home","status":"publish","type":"page","link":"https:\/\/cansearch.ch\/de\/","title":{"rendered":"Home"},"content":{"rendered":"<div class=\"fusion-fullwidth fullwidth-box fusion-builder-row-1 nonhundred-percent-fullwidth non-hundred-percent-height-scrolling\" style=\"--awb-background-position:left top;--awb-border-sizes-top:0px;--awb-border-sizes-bottom:0px;--awb-border-sizes-left:0px;--awb-border-sizes-right:0px;--awb-border-radius-top-left:0px;--awb-border-radius-top-right:0px;--awb-border-radius-bottom-right:0px;--awb-border-radius-bottom-left:0px;--awb-padding-top:0px;--awb-padding-bottom:20px;--awb-flex-wrap:wrap;\" ><div class=\"fusion-builder-row fusion-row\"><div class=\"fusion-layout-column fusion_builder_column fusion-builder-column-0 fusion_builder_column_1_5 1_5 fusion-one-fifth fusion-column-first\" style=\"--awb-padding-top:10px;--awb-padding-right:10px;--awb-padding-bottom:10px;--awb-padding-left:10px;--awb-bg-size:cover;--awb-border-color:#515151;--awb-border-right:1px;--awb-border-style:solid;width:16.8%; margin-right: 4%;\"><div class=\"fusion-column-wrapper fusion-flex-column-wrapper-legacy\"><div class=\"fusion-text fusion-text-1\" style=\"--awb-text-transform:none;\"><h2 data-fontsize=\"27\" data-lineheight=\"22\">&nbsp;<\/h2>\n<h2 class=\"entry-title\" data-fontsize=\"27\" data-lineheight=\"22\"><a href=\"https:\/\/cansearch.ch\/en\/fondation\/rapport-dactivities\/\" target=\"_blank\" rel=\"noopener\"><span style=\"color: #0a587e;\">Jahresberichte<\/span><\/a><\/h2>\n<\/div><div class=\"fusion-sep-clear\"><\/div><div class=\"fusion-separator fusion-full-width-sep\" style=\"margin-left: auto;margin-right: auto;width:100%;\"><div class=\"fusion-separator-border sep-single\" style=\"--awb-height:20px;--awb-amount:20px;border-color:#e0dede;border-top-width:1px;\"><\/div><\/div><div class=\"fusion-sep-clear\"><\/div><div class=\"fusion-text fusion-text-2\"><h2 data-fontsize=\"27\" data-lineheight=\"22\">&nbsp;<\/h2>\n<h2 class=\"entry-title\" data-fontsize=\"27\" data-lineheight=\"22\"><a href=\"https:\/\/cansearch.ch\/de\/nachrichten\/rundbriefe\/\" target=\"_blank\" rel=\"noopener noreferrer\"><span style=\"color: #0a587e;\">Newsletters<\/span><\/a><\/h2>\n<p>&nbsp;<\/p>\n<\/div><div class=\"fusion-sep-clear\"><\/div><div class=\"fusion-separator fusion-full-width-sep\" style=\"margin-left: auto;margin-right: auto;width:100%;\"><div class=\"fusion-separator-border sep-single\" style=\"--awb-height:20px;--awb-amount:20px;border-color:#e0dede;border-top-width:1px;\"><\/div><\/div><div class=\"fusion-sep-clear\"><\/div><div class=\"fusion-text fusion-text-3\"><p><a href=\"https:\/\/cansearch.ch\/de\/forschung\/cansearch-forschungsstipendium\/\" target=\"_blank\" rel=\"noopener\"><strong>Forschungsstipendium CANSEARCH<\/strong><\/a><\/p>\n<\/div><div class=\"fusion-clearfix\"><\/div><\/div><\/div><div class=\"fusion-layout-column fusion_builder_column fusion-builder-column-1 fusion_builder_column_2_5 2_5 fusion-two-fifth\" style=\"--awb-bg-size:cover;width:37.6%; margin-right: 4%;\" id=\"fondation-description\"><div class=\"fusion-column-wrapper fusion-flex-column-wrapper-legacy\"><div class=\"fusion-text fusion-text-4\"><h3><span lang=\"FR-CH\">Die CANSEARCH-Stiftung<\/span><\/h3>\n<div>\n<p>Krebs ist die 1. Todesursache durch Krankheit bei Kindern.<\/p>\n<ul>\n<li>Jedes Jahr wird in der Schweiz bei rund 250 Kindern Krebs diagnostiziert.<\/li>\n<li>Fast die H\u00e4lfte von ihnen ist unter 4 Jahren.<\/li>\n<li>Weniger als 2% der der Krebsforschung gewidmeten Mitteln sind f\u00fcr p\u00e4diatrische Krebserkrankungen bestimmt.<\/li>\n<\/ul>\n<p>Auch Kinder sind von Krebs betroffen, und einige Krebsformen sind spezifisch f\u00fcr die Kindern. Dar\u00fcber hinaus, befinden sich Kinder noch in der Wachstums- und Entwicklungsphase und reagieren besonders empfindlich auf aggressive Behandlung.<\/p>\n<p>Die Heilung eines krebskranken Kindes war vor 50 Jahren kaum vorstellbar. Heute k\u00f6nnen 80% der betroffenen Kinder und mehr als 90% der leuk\u00e4miekranken Kinder geheilt werden.<\/p>\n<p>Krebs ist jedoch heterogen, die Gesamtheilungsrate ist dann je nach Krebsart sehr unterschiedlich, und f\u00fcr einige gibt es auch heute noch keine Therapie. Die Erforschung von Krebs im Kindesalter muss es daher erm\u00f6glichen, neue Behandlungsm\u00f6glichkeiten f\u00fcr schwer heilbare Krankheiten zu finden. Sie sollte es auch erm\u00f6glichen, die unerw\u00fcnschten Nebenwirkungen der gegenw\u00e4rtigen Behandlungen zu verringern und dadurch die langfristigen Nachwirkungen bei diesen Kindern, die bald erwachsen sein werden, zu reduzieren.<\/p>\n<p>Die CANSEARCH-Stiftung wurde gegr\u00fcndet, weil medizinische Forschung ein integraler Bestandteil der Patientenversorgung und ein Schl\u00fcsselelement des Fortschritts ist.<\/p>\n<div>\n<p><strong><span lang=\"DE-CH\">Indem Sie die CANSEARCH-Stiftung unterst\u00fctzen, unterst\u00fctzen Sie das Kind direkt.<\/span><\/strong><\/p>\n<\/div>\n<\/div>\n<p>&nbsp;<\/p>\n<p>&nbsp;<\/p>\n<p><a href=\"https:\/\/cansearch.ch\/wp-content\/uploads\/2021\/02\/Datenschutzhinweis.pdf\" target=\"_blank\" rel=\"noopener\">Hinweis zum Datenschutz<\/a><\/p>\n<\/div><div class=\"fusion-clearfix\"><\/div><\/div><\/div><div class=\"fusion-layout-column fusion_builder_column fusion-builder-column-2 fusion_builder_column_2_5 2_5 fusion-two-fifth fusion-column-last\" style=\"--awb-bg-size:cover;width:37.6%;\" id=\"bloc-actu\"><div class=\"fusion-column-wrapper fusion-flex-column-wrapper-legacy\"><div class=\"fusion-text fusion-text-5\" style=\"--awb-text-transform:none;\"><h3><strong><span style=\"color: #ff9900;\">Nachrichten<\/span><\/strong><\/h3>\n<\/div><div class=\"fusion-sep-clear\"><\/div><div class=\"fusion-separator fusion-full-width-sep\" style=\"margin-left: auto;margin-right: auto;width:100%;\"><div class=\"fusion-separator-border sep-single\" style=\"--awb-height:20px;--awb-amount:20px;--awb-sep-color:#e59442;border-color:#e59442;border-top-width:1px;\"><\/div><\/div><div class=\"fusion-sep-clear\"><\/div><div class=\"fusion-video fusion-youtube\" style=\"--awb-max-width:600px;--awb-max-height:360px;\"><div class=\"video-shortcode\"><div class=\"fluid-width-video-wrapper\" style=\"padding-top:60%;\" ><iframe title=\"YouTube video player 1\" src=\"https:\/\/www.youtube.com\/embed\/dgDMcpqtxYk?wmode=transparent&autoplay=0\" width=\"600\" height=\"360\" allowfullscreen allow=\"autoplay; clipboard-write; encrypted-media; gyroscope; picture-in-picture;\"><\/iframe><\/div><\/div><\/div><div class=\"fusion-clearfix\"><\/div><\/div><\/div><\/div><\/div>\n","protected":false},"excerpt":{"rendered":"","protected":false},"author":1,"featured_media":0,"parent":0,"menu_order":1,"comment_status":"open","ping_status":"open","template":"","meta":{"ngg_post_thumbnail":0,"footnotes":"","_links_to":"","_links_to_target":""},"class_list":["post-9559","page","type-page","status-publish","hentry"],"aioseo_notices":[],"_links":{"self":[{"href":"https:\/\/cansearch.ch\/de\/wp-json\/wp\/v2\/pages\/9559","targetHints":{"allow":["GET"]}}],"collection":[{"href":"https:\/\/cansearch.ch\/de\/wp-json\/wp\/v2\/pages"}],"about":[{"href":"https:\/\/cansearch.ch\/de\/wp-json\/wp\/v2\/types\/page"}],"author":[{"embeddable":true,"href":"https:\/\/cansearch.ch\/de\/wp-json\/wp\/v2\/users\/1"}],"replies":[{"embeddable":true,"href":"https:\/\/cansearch.ch\/de\/wp-json\/wp\/v2\/comments?post=9559"}],"version-history":[{"count":61,"href":"https:\/\/cansearch.ch\/de\/wp-json\/wp\/v2\/pages\/9559\/revisions"}],"predecessor-version":[{"id":15789,"href":"https:\/\/cansearch.ch\/de\/wp-json\/wp\/v2\/pages\/9559\/revisions\/15789"}],"wp:attachment":[{"href":"https:\/\/cansearch.ch\/de\/wp-json\/wp\/v2\/media?parent=9559"}],"curies":[{"name":"wp","href":"https:\/\/api.w.org\/{rel}","templated":true}]}}