{"id":15119,"date":"2024-05-16T09:44:18","date_gmt":"2024-05-16T09:44:18","guid":{"rendered":"https:\/\/cansearch.ch\/la-therapie-individualisee\/"},"modified":"2024-05-31T11:31:56","modified_gmt":"2024-05-31T11:31:56","slug":"la-therapie-individualisee","status":"publish","type":"page","link":"https:\/\/cansearch.ch\/en\/la-therapie-individualisee\/","title":{"rendered":"Individualised Therapy"},"content":{"rendered":"<div class=\"fusion-fullwidth fullwidth-box fusion-builder-row-1 fusion-flex-container has-pattern-background has-mask-background nonhundred-percent-fullwidth non-hundred-percent-height-scrolling\" style=\"--awb-border-radius-top-left:0px;--awb-border-radius-top-right:0px;--awb-border-radius-bottom-right:0px;--awb-border-radius-bottom-left:0px;--awb-flex-wrap:wrap;\" ><div class=\"fusion-builder-row fusion-row fusion-flex-align-items-flex-start fusion-flex-content-wrap\" style=\"max-width:1456px;margin-left: calc(-4% \/ 2 );margin-right: calc(-4% \/ 2 );\"><div class=\"fusion-layout-column fusion_builder_column fusion-builder-column-0 fusion_builder_column_1_1 1_1 fusion-flex-column\" style=\"--awb-bg-size:cover;--awb-width-large:100%;--awb-margin-top-large:0px;--awb-spacing-right-large:1.92%;--awb-margin-bottom-large:20px;--awb-spacing-left-large:1.92%;--awb-width-medium:100%;--awb-order-medium:0;--awb-spacing-right-medium:1.92%;--awb-spacing-left-medium:1.92%;--awb-width-small:100%;--awb-order-small:0;--awb-spacing-right-small:1.92%;--awb-spacing-left-small:1.92%;\"><div class=\"fusion-column-wrapper fusion-column-has-shadow fusion-flex-justify-content-flex-start fusion-content-layout-column\"><div class=\"fusion-text fusion-text-1\" style=\"--awb-text-color:#e05843;\"><h2><span style=\"color: #e05843;\"><strong>Individualised Therapy<\/strong><\/span><\/h2>\n<\/div><ul style=\"--awb-size:18px;--awb-item-padding-top:16px;--awb-item-padding-right:16px;--awb-item-padding-bottom:16px;--awb-item-padding-left:16px;--awb-odd-row-bgcolor:#719ebb;--awb-even-row-bgcolor:rgba(255,235,230,0.28);--awb-textcolor:#1f2024;--awb-line-height:30.6px;--awb-icon-width:30.6px;--awb-icon-height:30.6px;--awb-icon-margin:12.6px;--awb-content-margin:43.2px;--awb-circlecolor:#ff6135;--awb-circle-yes-font-size:15.84px;\" class=\"fusion-checklist fusion-checklist-1 type-icons\"><li class=\"fusion-li-item\" style=\"\"><span class=\"icon-wrapper circle-yes\"><i class=\"fusion-li-icon fa-microscope fas\" aria-hidden=\"true\"><\/i><\/span><div class=\"fusion-li-item-content\">\n<p class=\"fusion-responsive-typography-calculated\" data-fontsize=\"24\" data-lineheight=\"27.120001px\"><span style=\"color: #000000;\"><strong><a style=\"color: #000000;\" title=\"\u00c9tude globale BuPGPK\" href=\"https:\/\/cansearch.ch\/aetude-globale-bupgpk\/\" target=\"_blank\" rel=\"noopener\">a) Global BuPGPK study<\/a><\/strong><\/span><\/p>\n<\/div><\/li><li class=\"fusion-li-item\" style=\"\"><span class=\"icon-wrapper circle-yes\"><i class=\"fusion-li-icon fa-microscope fas\" aria-hidden=\"true\"><\/i><\/span><div class=\"fusion-li-item-content\">\n<p class=\"fusion-responsive-typography-calculated\" data-fontsize=\"24\" data-lineheight=\"27.120001px\"><strong><span style=\"color: #000000;\"><a style=\"color: #000000;\" title=\"Etude Forum\" href=\"https:\/\/cansearch.ch\/etude-forum\/\" target=\"_blank\" rel=\"noopener\">b) &nbsp;FORUM Study<\/a><\/span><\/strong><\/p>\n<\/div><\/li><li class=\"fusion-li-item\" style=\"\"><span class=\"icon-wrapper circle-yes\"><i class=\"fusion-li-icon fa-microscope fas\" aria-hidden=\"true\"><\/i><\/span><div class=\"fusion-li-item-content\">\n<p class=\"fusion-responsive-typography-calculated\" data-fontsize=\"24\" data-lineheight=\"27.120001px\"><strong><span style=\"color: #000000;\"><a style=\"color: #000000;\" title=\"Etude MyeChild\" href=\"https:\/\/cansearch.ch\/en\/etude-myechild\/\" target=\"_blank\" rel=\"noopener\">c) &nbsp;MyeChild 01 &amp; SCRIPT AML Study<\/a><\/span><\/strong><\/p>\n<\/div><\/li><li class=\"fusion-li-item\" style=\"\"><span class=\"icon-wrapper circle-yes\"><i class=\"fusion-li-icon fa-microscope fas\" aria-hidden=\"true\"><\/i><\/span><div class=\"fusion-li-item-content\">\n<p class=\"fusion-responsive-typography-calculated\" data-fontsize=\"24\" data-lineheight=\"27.120001px\"><strong><span style=\"color: #000000;\"><a style=\"color: #000000;\" title=\"Projet BuGenes\" href=\"https:\/\/cansearch.ch\/en\/projet-bugenes\/\">d) &nbsp;BuGenes Study<\/a><\/span><\/strong><\/p>\n<\/div><\/li><li class=\"fusion-li-item\" style=\"\"><span class=\"icon-wrapper circle-yes\"><i class=\"fusion-li-icon fa-microscope fas\" aria-hidden=\"true\"><\/i><\/span><div class=\"fusion-li-item-content\">\n<p class=\"fusion-responsive-typography-calculated\" data-fontsize=\"24\" data-lineheight=\"27.120001px\"><span style=\"color: #000000;\"><strong><a style=\"color: #000000;\" title=\"e) PGxALL HSCT Landscape\" href=\"https:\/\/cansearch.ch\/epgxall-hsct-landscape\/\" target=\"_blank\" rel=\"noopener\">e) &nbsp;PGxALL HSCT Landscape<\/a><\/strong><\/span><\/p>\n<\/div><\/li><li class=\"fusion-li-item\" style=\"\"><span class=\"icon-wrapper circle-yes\"><i class=\"fusion-li-icon fa-microscope fas\" aria-hidden=\"true\"><\/i><\/span><div class=\"fusion-li-item-content\">\n<p class=\"fusion-responsive-typography-calculated\" data-fontsize=\"24\" data-lineheight=\"27.120001px\"><span style=\"color: #000000;\"><strong><a style=\"color: #000000;\" title=\"f) Etude sur la Fludarabine\" href=\"https:\/\/cansearch.ch\/fetude-sur-la-fludarabine\/\" target=\"_blank\" rel=\"noopener\">f) &nbsp;Fludarabine Study<\/a><\/strong><\/span><\/p>\n<\/div><\/li><li class=\"fusion-li-item\" style=\"\"><span class=\"icon-wrapper circle-yes\"><i class=\"fusion-li-icon fa-microscope fas\" aria-hidden=\"true\"><\/i><\/span><div class=\"fusion-li-item-content\">\n<p class=\"fusion-responsive-typography-calculated\" data-fontsize=\"24\" data-lineheight=\"27.120001px\"><span style=\"color: #000000;\"><strong><a style=\"color: #000000;\" title=\"g) Projet CsA\" href=\"https:\/\/cansearch.ch\/gprojet-csa-2\/\" target=\"_blank\" rel=\"noopener\">g) &nbsp;CsA Project<\/a><\/strong><\/span><\/p>\n<\/div><\/li><li class=\"fusion-li-item\" style=\"\"><span class=\"icon-wrapper circle-yes\"><i class=\"fusion-li-icon fa-microscope fas\" aria-hidden=\"true\"><\/i><\/span><div class=\"fusion-li-item-content\">\n<p class=\"fusion-responsive-typography-calculated\" data-fontsize=\"24\" data-lineheight=\"27.120001px\"><strong><span style=\"color: #000000;\"><a style=\"color: #000000;\" title=\"h) Pr\u00e9diction des interactions m\u00e9dicamenteuses pharmacocin\u00e9tiques en oncologie p\u00e9diatrique (Projet PIMPOP)\" href=\"https:\/\/cansearch.ch\/hprediction-des-interactions-medicamenteuses-pharmacocinetiques-en-oncologie-pediatrique-projet-pimpop\/\" target=\"_blank\" rel=\"noopener\">h) Pr\u00e9diction des interactions m\u00e9dicamenteuses pharmacocin\u00e9tiques en oncologie p\u00e9diatrique (Projet PIMPOP)<\/a><\/span><\/strong><\/p>\n<\/div><\/li><li class=\"fusion-li-item\" style=\"\"><span class=\"icon-wrapper circle-yes\"><i class=\"fusion-li-icon fa-microscope fas\" aria-hidden=\"true\"><\/i><\/span><div class=\"fusion-li-item-content\">\n<p class=\"fusion-responsive-typography-calculated\" data-fontsize=\"24\" data-lineheight=\"27.120001px\"><span style=\"color: #000000;\"><strong><a style=\"color: #000000;\" title=\"i) Approches m\u00e9canistiques et th\u00e9rapeutiques dans les leuc\u00e9mies aigues my\u00e9lo\u00efdes p\u00e9diatriques avec transcrit de fusion CBFA2T3-GLIS2\" href=\"https:\/\/cansearch.ch\/iapproches-mecanistiques-et-therapeutiques-dans-les-leucemies-aigues-myeloides-pediatriques-avec-transcrit-de-fusion-cbfa2t3-glis2\/\" target=\"_blank\" rel=\"noopener\">i) Mechanistic and therapeutic approaches in pediatric acute myeloid leukemia with CBFA2T3-GLIS2 fusion transcript<\/a><\/strong><\/span><\/p>\n<\/div><\/li><li class=\"fusion-li-item\" style=\"\"><span class=\"icon-wrapper circle-yes\"><i class=\"fusion-li-icon fa-microscope fas\" aria-hidden=\"true\"><\/i><\/span><div class=\"fusion-li-item-content\">\n<p class=\"fusion-responsive-typography-calculated\" data-fontsize=\"24\" data-lineheight=\"27.120001px\"><span style=\"color: #000000;\"><strong><a style=\"color: #000000;\" title=\"j) Etude UGT2B10\" href=\"https:\/\/cansearch.ch\/jetude-ugt2b10\/\" target=\"_blank\" rel=\"noopener\">j) UGT2B10 Study<\/a><\/strong><\/span><\/p>\n<\/div><\/li><li class=\"fusion-li-item\" style=\"\"><span class=\"icon-wrapper circle-yes\"><i class=\"fusion-li-icon fa-microscope fas\" aria-hidden=\"true\"><\/i><\/span><div class=\"fusion-li-item-content\">\n<p class=\"fusion-responsive-typography-calculated\" data-fontsize=\"24\" data-lineheight=\"27.120001px\"><span style=\"color: #000000;\"><strong><a style=\"color: #000000;\" title=\"k) Projet Detect\" href=\"https:\/\/cansearch.ch\/kprojet-detect\/\" target=\"_blank\" rel=\"noopener\">k) &nbsp;Detect Project<\/a><\/strong><\/span><\/p>\n<\/div><\/li><li class=\"fusion-li-item\" style=\"\"><span class=\"icon-wrapper circle-yes\"><i class=\"fusion-li-icon fa-microscope fas\" aria-hidden=\"true\"><\/i><\/span><div class=\"fusion-li-item-content\">\n<p class=\"fusion-responsive-typography-calculated\" data-fontsize=\"24\" data-lineheight=\"27.120001px\"><span style=\"color: #000000;\"><strong><a style=\"color: #000000;\" title=\"l) Projet exp\u00e9rimental GSTA1\" href=\"https:\/\/cansearch.ch\/lprojet-experimental-gsta1\/\" target=\"_blank\" rel=\"noopener\">l) GSTA1 experimental project<\/a><\/strong><\/span><\/p>\n<\/div><\/li><li class=\"fusion-li-item\" style=\"\"><span class=\"icon-wrapper circle-yes\"><i class=\"fusion-li-icon fa-microscope fas\" aria-hidden=\"true\"><\/i><\/span><div class=\"fusion-li-item-content\">\n<p><strong><span style=\"color: #000000;\"><a style=\"color: #000000;\" title=\"m) Projet GECCOS \u2013 BISKIDS\" href=\"https:\/\/cansearch.ch\/mprojet-geccos-biskids\/\">m) &nbsp;GECCOS \u2013 BISKIDS Project<\/a><\/span><\/strong><\/p>\n<\/div><\/li><li class=\"fusion-li-item\" style=\"\"><span class=\"icon-wrapper circle-yes\"><i class=\"fusion-li-icon fa-microscope fas\" aria-hidden=\"true\"><\/i><\/span><div class=\"fusion-li-item-content\">\n<p class=\"fusion-responsive-typography-calculated\" data-fontsize=\"24\" data-lineheight=\"27.120001px\"><span style=\"color: #000000;\"><strong><a style=\"color: #000000;\" title=\"n) \u00c9tude MPGxIndALL\" href=\"https:\/\/cansearch.ch\/netude-mpgxindall\/\" target=\"_blank\" rel=\"noopener\">n) &nbsp;MPGxIndALL Study<\/a><\/strong><\/span><\/p>\n<\/div><\/li><\/ul><\/div><\/div><\/div><\/div>\n","protected":false},"excerpt":{"rendered":"","protected":false},"author":14,"featured_media":0,"parent":0,"menu_order":0,"comment_status":"closed","ping_status":"closed","template":"side-navigation.php","meta":{"ngg_post_thumbnail":0,"footnotes":"","_links_to":"","_links_to_target":""},"class_list":["post-15119","page","type-page","status-publish","hentry"],"aioseo_notices":[],"_links":{"self":[{"href":"https:\/\/cansearch.ch\/en\/wp-json\/wp\/v2\/pages\/15119","targetHints":{"allow":["GET"]}}],"collection":[{"href":"https:\/\/cansearch.ch\/en\/wp-json\/wp\/v2\/pages"}],"about":[{"href":"https:\/\/cansearch.ch\/en\/wp-json\/wp\/v2\/types\/page"}],"author":[{"embeddable":true,"href":"https:\/\/cansearch.ch\/en\/wp-json\/wp\/v2\/users\/14"}],"replies":[{"embeddable":true,"href":"https:\/\/cansearch.ch\/en\/wp-json\/wp\/v2\/comments?post=15119"}],"version-history":[{"count":3,"href":"https:\/\/cansearch.ch\/en\/wp-json\/wp\/v2\/pages\/15119\/revisions"}],"predecessor-version":[{"id":15189,"href":"https:\/\/cansearch.ch\/en\/wp-json\/wp\/v2\/pages\/15119\/revisions\/15189"}],"wp:attachment":[{"href":"https:\/\/cansearch.ch\/en\/wp-json\/wp\/v2\/media?parent=15119"}],"curies":[{"name":"wp","href":"https:\/\/api.w.org\/{rel}","templated":true}]}}