{"id":15171,"date":"2024-05-31T10:30:07","date_gmt":"2024-05-31T10:30:07","guid":{"rendered":"https:\/\/cansearch.ch\/?page_id=15171"},"modified":"2024-05-31T10:30:09","modified_gmt":"2024-05-31T10:30:09","slug":"hprediction-des-interactions-medicamenteuses-pharmacocinetiques-en-oncologie-pediatrique-projet-pimpop","status":"publish","type":"page","link":"https:\/\/cansearch.ch\/en\/hprediction-des-interactions-medicamenteuses-pharmacocinetiques-en-oncologie-pediatrique-projet-pimpop\/","title":{"rendered":"h)\tPr\u00e9diction des interactions m\u00e9dicamenteuses pharmacocin\u00e9tiques en oncologie p\u00e9diatrique (Projet PIMPOP)"},"content":{"rendered":"<div class=\"fusion-fullwidth fullwidth-box fusion-builder-row-1 fusion-flex-container nonhundred-percent-fullwidth non-hundred-percent-height-scrolling\" style=\"--awb-border-radius-top-left:0px;--awb-border-radius-top-right:0px;--awb-border-radius-bottom-right:0px;--awb-border-radius-bottom-left:0px;--awb-flex-wrap:wrap;\" ><div class=\"fusion-builder-row fusion-row fusion-flex-align-items-flex-start fusion-flex-content-wrap\" style=\"max-width:1456px;margin-left: calc(-4% \/ 2 );margin-right: calc(-4% \/ 2 );\"><div class=\"fusion-layout-column fusion_builder_column fusion-builder-column-0 fusion_builder_column_1_5 1_5 fusion-flex-column\" style=\"--awb-bg-size:cover;--awb-width-large:20%;--awb-margin-top-large:0px;--awb-spacing-right-large:9.6%;--awb-margin-bottom-large:20px;--awb-spacing-left-large:9.6%;--awb-width-medium:100%;--awb-order-medium:0;--awb-spacing-right-medium:1.92%;--awb-spacing-left-medium:1.92%;--awb-width-small:100%;--awb-order-small:0;--awb-spacing-right-small:1.92%;--awb-spacing-left-small:1.92%;\"><div class=\"fusion-column-wrapper fusion-column-has-shadow fusion-flex-justify-content-flex-start fusion-content-layout-column\"><\/div><\/div><div class=\"fusion-layout-column fusion_builder_column fusion-builder-column-1 fusion_builder_column_4_5 4_5 fusion-flex-column\" style=\"--awb-bg-size:cover;--awb-width-large:80%;--awb-margin-top-large:0px;--awb-spacing-right-large:2.4%;--awb-margin-bottom-large:0px;--awb-spacing-left-large:2.4%;--awb-width-medium:100%;--awb-order-medium:0;--awb-spacing-right-medium:1.92%;--awb-spacing-left-medium:1.92%;--awb-width-small:100%;--awb-order-small:0;--awb-spacing-right-small:1.92%;--awb-spacing-left-small:1.92%;\" data-scroll-devices=\"small-visibility,medium-visibility,large-visibility\"><div class=\"fusion-column-wrapper fusion-column-has-shadow fusion-flex-justify-content-flex-start fusion-content-layout-column\"><div class=\"fusion-text fusion-text-1\"><h3><a name=\"_Toc166016239\"><\/a><span style=\"color: #e05843;\">h) Prediction of Pharmacokinetic Drug Interactions in Pediatric Oncology (PIMPOP Project)<\/span><\/h3>\n<p>Les interactions m\u00e9dicamenteuses surviennent lorsque certains m\u00e9dicaments incompatibles interagissent entre eux, affectant ainsi leur efficacit\u00e9 ou leur toxicit\u00e9. Dans ce sc\u00e9nario, un m\u00e9dicament (l\u2019\u00ab auteur \u00bb de l\u2019interaction) peut alt\u00e9rer l\u2019effet d\u2019un autre m\u00e9dicament (la \u00ab victime \u00bb), le rendant soit moins efficace, soit plus toxique. Ces interactions peuvent alt\u00e9rer la pharmacocin\u00e9tique, c\u2019est-\u00e0-dire, la mani\u00e8re dont les m\u00e9dicaments sont absorb\u00e9s, distribu\u00e9s, m\u00e9tabolis\u00e9s et \u00e9limin\u00e9s par l\u2019organisme, ce qui entra\u00eene des variations dans les niveaux sanguins du m\u00e9dicament \u00ab victime \u00bb. \u00c9tant donn\u00e9 que ces niveaux sanguins sont \u00e9troitement li\u00e9s aux effets th\u00e9rapeutiques ou toxiques du m\u00e9dicament, il est crucial de pr\u00e9venir et d\u2019ajuster le traitement en cons\u00e9quence.<\/p>\n<p>Les enfants hospitalis\u00e9s en oncologie p\u00e9diatrique sont fr\u00e9quemment trait\u00e9s avec plusieurs m\u00e9dicaments, augmentant ainsi le risque d\u2019interactions m\u00e9dicamenteuses. Bien que ces interactions soient bien connues, les outils informatiques utilis\u00e9s pour les d\u00e9tecter parmi la liste des m\u00e9dicaments administr\u00e9s aux patients, fournissent trop peu souvent des recommandations pratiques exploitables pour l\u2019adaptation des traitements, en raison du manque de donn\u00e9es cliniques. De plus, les enfants sont g\u00e9n\u00e9ralement exclus des \u00e9tudes cliniques sur les interactions m\u00e9dicamenteuses pour des raisons \u00e9thiques, ce qui signifie que les connaissances sur ces interactions se basent principalement sur des donn\u00e9es provenant d\u2019adultes. Enfin, l\u2019impact de ces interactions peut varier selon l\u2019\u00e2ge et les variants g\u00e9n\u00e9tiques des enfants, ce qui ajoute une complexit\u00e9 suppl\u00e9mentaire \u00e0 leur gestion clinique.<\/p>\n<p>Les techniques de mod\u00e9lisations pharmacocin\u00e9tiques ont r\u00e9volutionn\u00e9 la pr\u00e9diction des interactions m\u00e9dicamenteuses. Les mod\u00e8les de pharmacocin\u00e9tiques bas\u00e9es sur la physiologie sont des outils math\u00e9matiques complexes qui int\u00e8grent les donn\u00e9es exp\u00e9rimentales sur les propri\u00e9t\u00e9s physico-chimiques et pharmacocin\u00e9tiques des m\u00e9dicaments, ainsi que les connaissances sur l\u2019anatomie et la physiologie des patients. Ces mod\u00e8les permettent de simuler l\u2019ampleur des interactions m\u00e9dicamenteuses et ainsi recommander des ajustements th\u00e9rapeutiques tels que des modifications des doses ou des modifications des temps d\u2019administration des diff\u00e9rents m\u00e9dicaments, m\u00eame en l\u2019absence de donn\u00e9es cliniques directes.&nbsp; Effectivement, ces \u00e9tudes bas\u00e9es sur des simulations offrent une alternative s\u00fbre et \u00e9thique aux \u00e9tudes cliniques impliquant des patients. En utilisant ces mod\u00e8les, nous pouvons \u00e9valuer virtuellement les interactions m\u00e9dicamenteuses sans risque pour les patients. Cela \u00e9vite non seulement les dangers potentiels associ\u00e9s \u00e0 l\u2019exposition \u00e0 des m\u00e9dicaments incompatibles, mais cela permet \u00e9galement d\u2019\u00e9conomiser du temps et des ressources. En outre, cette approche contribue \u00e0 r\u00e9duire le fardeau des essais cliniques sur les populations vuln\u00e9rables telles que les enfants atteints de cancer, tout en fournissant des informations pr\u00e9cieuses pour am\u00e9liorer leur prise en charge m\u00e9dicamenteuse.<\/p>\n<p>Notre objectif est d\u2019utiliser la mod\u00e9lisation pharmacocin\u00e9tique bas\u00e9e sur la physiologie pour pr\u00e9dire l\u2019ampleur des interactions m\u00e9dicamenteuses chez les patients p\u00e9diatriques atteints de cancer. Pour atteindre cet objectif, nous recueillons de la litt\u00e9rature et \u00e0 partir d\u2019exp\u00e9riences <em>in vitro,<\/em> des donn\u00e9es exp\u00e9rimentales pharmacocin\u00e9tiques sur les m\u00e9dicaments fr\u00e9quemment administr\u00e9s aux enfants atteints de cancer, tels que la vincristine, la ciclosporine, la fludarabine, le busulfan, le posaconazole, etc. En utilisant ces donn\u00e9es, nous d\u00e9veloppons des mod\u00e8les de pharmacocin\u00e9tique bas\u00e9s sur la physiologie qui int\u00e8grent des param\u00e8tres physiologiques sp\u00e9cifiques aux enfants. En appliquant ces mod\u00e8les \u00e0 diff\u00e9rentes combinaisons de m\u00e9dicaments, nous pourrons pr\u00e9dire les interactions m\u00e9dicamenteuses potentielles et identifier les situations o\u00f9 des ajustements th\u00e9rapeutiques sont n\u00e9cessaires. Des simulations de l\u2019impact de l\u2019\u00e2ge et des variations g\u00e9n\u00e9tiques sur l\u2019ampleur des interactions nous permettront d\u2019identifier des sous-groupes de patients pour lesquels certaines combinaisons de m\u00e9dicaments peuvent \u00eatre particuli\u00e8rement risqu\u00e9es ou n\u00e9cessiter des ajustements sp\u00e9cifiques.&nbsp; Cette approche nous permet d\u2019anticiper les d\u00e9fis li\u00e9s \u00e0 la prise en charge des enfants atteints de cancer et de proposer des recommandations cliniques aux professionnels de sant\u00e9 pour optimiser les traitements des patients p\u00e9diatriques.<\/p>\n<\/div><div class=\"fusion-content-boxes content-boxes columns row fusion-columns-1 fusion-columns-total-1 fusion-content-boxes-1 content-boxes-icon-with-title content-left\" style=\"--awb-backgroundcolor:var(--awb-custom_color_2);--awb-body-color:var(--awb-color8);--awb-title-color:var(--awb-color8);--awb-hover-accent-color:#9e9e9e;--awb-circle-hover-accent-color:#9e9e9e;--awb-item-margin-bottom:40px;\" data-animationOffset=\"top-into-view\"><div style=\"--awb-backgroundcolor:var(--awb-custom_color_2);\" class=\"fusion-column content-box-column content-box-column content-box-column-1 col-lg-12 col-md-12 col-sm-12 fusion-content-box-hover content-box-column-last content-box-column-last-in-row\"><div class=\"col content-box-wrapper content-wrapper-background link-area-link-icon icon-hover-animation-fade\" data-animationOffset=\"top-into-view\"><div class=\"fusion-clearfix\"><\/div><div class=\"content-container\">\n<p>What does this study bring to patients?<\/p>\n<p>This study aims to provide valuable clinical recommendations to optimize treatments for children with cancer, using pharmacokinetic modeling based on physiology. By employing this innovative approach, we can accurately predict the effects of drug combinations in pediatric patients, thereby offering a safe alternative to clinical trials that are often inaccessible or risky for this vulnerable population. By considering factors such as age and genetic variations, we will be able to customize recommendations to meet the individual needs of each child.<\/p>\n<\/div><\/div><\/div><div class=\"fusion-clearfix\"><\/div><\/div><\/div><\/div><\/div><\/div>\n","protected":false},"excerpt":{"rendered":"","protected":false},"author":14,"featured_media":0,"parent":0,"menu_order":0,"comment_status":"closed","ping_status":"closed","template":"","meta":{"ngg_post_thumbnail":0,"footnotes":"","_links_to":"","_links_to_target":""},"class_list":["post-15171","page","type-page","status-publish","hentry"],"aioseo_notices":[],"_links":{"self":[{"href":"https:\/\/cansearch.ch\/en\/wp-json\/wp\/v2\/pages\/15171","targetHints":{"allow":["GET"]}}],"collection":[{"href":"https:\/\/cansearch.ch\/en\/wp-json\/wp\/v2\/pages"}],"about":[{"href":"https:\/\/cansearch.ch\/en\/wp-json\/wp\/v2\/types\/page"}],"author":[{"embeddable":true,"href":"https:\/\/cansearch.ch\/en\/wp-json\/wp\/v2\/users\/14"}],"replies":[{"embeddable":true,"href":"https:\/\/cansearch.ch\/en\/wp-json\/wp\/v2\/comments?post=15171"}],"version-history":[{"count":1,"href":"https:\/\/cansearch.ch\/en\/wp-json\/wp\/v2\/pages\/15171\/revisions"}],"predecessor-version":[{"id":15172,"href":"https:\/\/cansearch.ch\/en\/wp-json\/wp\/v2\/pages\/15171\/revisions\/15172"}],"wp:attachment":[{"href":"https:\/\/cansearch.ch\/en\/wp-json\/wp\/v2\/media?parent=15171"}],"curies":[{"name":"wp","href":"https:\/\/api.w.org\/{rel}","templated":true}]}}