{"id":3443,"date":"2016-07-05T15:24:51","date_gmt":"2016-07-05T15:24:51","guid":{"rendered":"https:\/\/cansearch.ch\/en\/conseil-de-fondation\/"},"modified":"2021-12-01T14:56:38","modified_gmt":"2021-12-01T14:56:38","slug":"conseil-de-fondation","status":"publish","type":"page","link":"https:\/\/cansearch.ch\/en\/fondation\/conseil-de-fondation\/","title":{"rendered":"Board Members"},"content":{"rendered":"<div class=\"fusion-fullwidth fullwidth-box fusion-builder-row-1 hundred-percent-fullwidth non-hundred-percent-height-scrolling\" style=\"--awb-border-radius-top-left:0px;--awb-border-radius-top-right:0px;--awb-border-radius-bottom-right:0px;--awb-border-radius-bottom-left:0px;--awb-overflow:visible;--awb-flex-wrap:wrap;\" ><div class=\"fusion-builder-row fusion-row\"><div class=\"fusion-layout-column fusion_builder_column fusion-builder-column-0 fusion_builder_column_5_6 5_6 fusion-five-sixth fusion-column-first\" style=\"--awb-bg-size:cover;width:82.6666%; margin-right: 4%;\"><div class=\"fusion-column-wrapper fusion-flex-column-wrapper-legacy\"><div class=\"fusion-text fusion-text-1\"><p style=\"text-align: left;\">Board Members<\/p>\n<\/div><div class=\"fusion-text fusion-text-2\">\n<table id=\"tablepress-12\" class=\"tablepress tablepress-id-12\">\n<tbody class=\"row-striping row-hover\">\n<tr class=\"row-1\">\n\t<td class=\"column-1\"><strong>S\u00e9bastien Joliat, Chairman<\/strong><br \/>\n<br \/>\nAfter obtaining his Bachelor's degree in Business Management from the University of Geneva, S\u00e9bastien Joliat joined Ernst &amp; Young SA (Geneva) in 1997 in the field of banking auditing. Since 2003 he has been working as a financial director in banking institutions. He is currently CFO and member of the Executive Board of Hyposwiss Private Bank Gen\u00e8ve SA, which he joined in 2011. Throughout his career, S\u00e9bastien Joliat has always worked with humanitarian associations. S\u00e9bastien has been active within CANSEARCH since its creation in 2011. <\/td><td class=\"column-2\"><a href=\"https:\/\/cansearch.ch\/wp-content\/uploads\/2024\/05\/President_Conseil-de-fond-ation_Sebastien-Joliat.png\"><img decoding=\"async\" src=\"https:\/\/cansearch.ch\/wp-content\/uploads\/2024\/05\/President_Conseil-de-fond-ation_Sebastien-Joliat-1024x1024.png\" alt=\"\" width=\"1024\" height=\"1024\" class=\"alignnone size-large wp-image-15098\" srcset=\"https:\/\/cansearch.ch\/wp-content\/uploads\/2024\/05\/President_Conseil-de-fond-ation_Sebastien-Joliat-66x66.png 66w, https:\/\/cansearch.ch\/wp-content\/uploads\/2024\/05\/President_Conseil-de-fond-ation_Sebastien-Joliat-150x150.png 150w, https:\/\/cansearch.ch\/wp-content\/uploads\/2024\/05\/President_Conseil-de-fond-ation_Sebastien-Joliat-200x200.png 200w, https:\/\/cansearch.ch\/wp-content\/uploads\/2024\/05\/President_Conseil-de-fond-ation_Sebastien-Joliat-300x300.png 300w, https:\/\/cansearch.ch\/wp-content\/uploads\/2024\/05\/President_Conseil-de-fond-ation_Sebastien-Joliat-400x400.png 400w, https:\/\/cansearch.ch\/wp-content\/uploads\/2024\/05\/President_Conseil-de-fond-ation_Sebastien-Joliat-600x600.png 600w, https:\/\/cansearch.ch\/wp-content\/uploads\/2024\/05\/President_Conseil-de-fond-ation_Sebastien-Joliat-768x768.png 768w, https:\/\/cansearch.ch\/wp-content\/uploads\/2024\/05\/President_Conseil-de-fond-ation_Sebastien-Joliat-800x800.png 800w, https:\/\/cansearch.ch\/wp-content\/uploads\/2024\/05\/President_Conseil-de-fond-ation_Sebastien-Joliat-1024x1024.png 1024w, https:\/\/cansearch.ch\/wp-content\/uploads\/2024\/05\/President_Conseil-de-fond-ation_Sebastien-Joliat-1200x1200.png 1200w, https:\/\/cansearch.ch\/wp-content\/uploads\/2024\/05\/President_Conseil-de-fond-ation_Sebastien-Joliat.png 1432w\" sizes=\"(max-width: 1024px) 100vw, 1024px\" \/><\/a><\/td>\n<\/tr>\n<tr class=\"row-2\">\n\t<td class=\"column-1\"><strong>Guerric Canonica<\/strong><br \/>\n<br \/>\nGuerric Canonica is a lawyer at the Geneva Bar and a graduate of the Institute of Real Estate Studies (IEI). He joined the firm Canonica, Valticos, De Preux &amp; Associ\u00e9s in 2006 and is now a partner at the firm Canonica Valticos Carnic\u00e9 &amp; Associ\u00e9s. Guerric's practice is mainly focused on general criminal and business law, as well as private law. He is active in the field of commercial, patrimonial and inheritance advice and conducts a very regular activity in the recovery of assets in Switzerland and abroad, in particular on behalf of foreign state-owned companies that are victims of economic crime. He is also active in real estate law (tenancy law, building law and spatial planning law). He is also a member of several boards of directors of Swiss and foreign companies, as well as of charitable institutions active in Geneva in particular<\/td><td class=\"column-2\"><a href=\"https:\/\/cansearch.ch\/wp-content\/uploads\/2024\/05\/Membre-du-Conseil-de-fondation_Guerric-Canonica.png\"><img decoding=\"async\" src=\"https:\/\/cansearch.ch\/wp-content\/uploads\/2024\/05\/Membre-du-Conseil-de-fondation_Guerric-Canonica-1024x1024.png\" alt=\"\" width=\"1024\" height=\"1024\" class=\"alignnone size-large wp-image-15104\" srcset=\"https:\/\/cansearch.ch\/wp-content\/uploads\/2024\/05\/Membre-du-Conseil-de-fondation_Guerric-Canonica-66x66.png 66w, https:\/\/cansearch.ch\/wp-content\/uploads\/2024\/05\/Membre-du-Conseil-de-fondation_Guerric-Canonica-150x150.png 150w, https:\/\/cansearch.ch\/wp-content\/uploads\/2024\/05\/Membre-du-Conseil-de-fondation_Guerric-Canonica-200x200.png 200w, https:\/\/cansearch.ch\/wp-content\/uploads\/2024\/05\/Membre-du-Conseil-de-fondation_Guerric-Canonica-300x300.png 300w, https:\/\/cansearch.ch\/wp-content\/uploads\/2024\/05\/Membre-du-Conseil-de-fondation_Guerric-Canonica-400x400.png 400w, https:\/\/cansearch.ch\/wp-content\/uploads\/2024\/05\/Membre-du-Conseil-de-fondation_Guerric-Canonica-600x600.png 600w, https:\/\/cansearch.ch\/wp-content\/uploads\/2024\/05\/Membre-du-Conseil-de-fondation_Guerric-Canonica-768x768.png 768w, https:\/\/cansearch.ch\/wp-content\/uploads\/2024\/05\/Membre-du-Conseil-de-fondation_Guerric-Canonica-800x800.png 800w, https:\/\/cansearch.ch\/wp-content\/uploads\/2024\/05\/Membre-du-Conseil-de-fondation_Guerric-Canonica-1024x1024.png 1024w, https:\/\/cansearch.ch\/wp-content\/uploads\/2024\/05\/Membre-du-Conseil-de-fondation_Guerric-Canonica-1200x1200.png 1200w, https:\/\/cansearch.ch\/wp-content\/uploads\/2024\/05\/Membre-du-Conseil-de-fondation_Guerric-Canonica.png 1447w\" sizes=\"(max-width: 1024px) 100vw, 1024px\" \/><\/a><\/td>\n<\/tr>\n<tr class=\"row-3\">\n\t<td class=\"column-1\"><strong>Patricia Hubscher Eichenberger<\/strong><br \/>\n<br \/>\nA married mother of three, Patricia Hubscher Eichenberger has been Deputy Director at Pictet &amp; Cie since 1999, having started her career at Credit Suisse in Zurich and London. She has been Chairman of a Public Benefit Foundation linked to the Protestant heritage since 2014 and has also been a member of the Caran d'Ache SA Board of Directors since 2015. Patricia holds a degree from HEC Lausanne and is completing an administrator training course at the Swiss Board School<\/td><td class=\"column-2\"><a href=\"https:\/\/cansearch.ch\/wp-content\/uploads\/2024\/05\/Membre-du-Conseil-de-fondation_Patricia-Hubscher-Eichenberger-2.png\"><img decoding=\"async\" src=\"https:\/\/cansearch.ch\/wp-content\/uploads\/2024\/05\/Membre-du-Conseil-de-fondation_Patricia-Hubscher-Eichenberger-2-1024x1024.png\" alt=\"\" width=\"1024\" height=\"1024\" class=\"alignnone size-large wp-image-15107\" srcset=\"https:\/\/cansearch.ch\/wp-content\/uploads\/2024\/05\/Membre-du-Conseil-de-fondation_Patricia-Hubscher-Eichenberger-2-66x66.png 66w, https:\/\/cansearch.ch\/wp-content\/uploads\/2024\/05\/Membre-du-Conseil-de-fondation_Patricia-Hubscher-Eichenberger-2-150x150.png 150w, https:\/\/cansearch.ch\/wp-content\/uploads\/2024\/05\/Membre-du-Conseil-de-fondation_Patricia-Hubscher-Eichenberger-2-200x200.png 200w, https:\/\/cansearch.ch\/wp-content\/uploads\/2024\/05\/Membre-du-Conseil-de-fondation_Patricia-Hubscher-Eichenberger-2-300x300.png 300w, https:\/\/cansearch.ch\/wp-content\/uploads\/2024\/05\/Membre-du-Conseil-de-fondation_Patricia-Hubscher-Eichenberger-2-400x400.png 400w, https:\/\/cansearch.ch\/wp-content\/uploads\/2024\/05\/Membre-du-Conseil-de-fondation_Patricia-Hubscher-Eichenberger-2-600x601.png 600w, https:\/\/cansearch.ch\/wp-content\/uploads\/2024\/05\/Membre-du-Conseil-de-fondation_Patricia-Hubscher-Eichenberger-2-768x769.png 768w, https:\/\/cansearch.ch\/wp-content\/uploads\/2024\/05\/Membre-du-Conseil-de-fondation_Patricia-Hubscher-Eichenberger-2-800x801.png 800w, https:\/\/cansearch.ch\/wp-content\/uploads\/2024\/05\/Membre-du-Conseil-de-fondation_Patricia-Hubscher-Eichenberger-2-1024x1024.png 1024w, https:\/\/cansearch.ch\/wp-content\/uploads\/2024\/05\/Membre-du-Conseil-de-fondation_Patricia-Hubscher-Eichenberger-2.png 1072w\" sizes=\"(max-width: 1024px) 100vw, 1024px\" \/><\/a><\/td>\n<\/tr>\n<tr class=\"row-4\">\n\t<td class=\"column-1\"><strong>Phil Lenz<\/strong><br \/>\n<br \/>\nPhil Lenz was recruited in October 2007 to establish a presence in Switzerland and set-up a new Trust Company for the Butterfield Group. Prior to that role, Phil was the Chief Administration Officer of the global wealth structuring division at Barclays Wealth and directly involved in strategic planning, acquisitions and the administration of large and complex trust structures. <br \/>\nOver the past 20 years, he held a number of other positions in the financial industry, primarily in corporate and private banking. <br \/>\nPhil holds a BSc in mathematics from Imperial College (London) and qualified as a trust and estate practitioner in 2001. He is a registered member of the Society of Trust and Estate Practitioners (STEP) and he regularly mentioned in publications such as Who\u2019s Who Legal, ePrivateclient and Citywealth. <\/td><td class=\"column-2\"><a href=\"https:\/\/cansearch.ch\/wp-content\/uploads\/2024\/05\/Membre-du-Conseil-de-fondation_Phil-Lenz.png\"><img decoding=\"async\" src=\"https:\/\/cansearch.ch\/wp-content\/uploads\/2024\/05\/Membre-du-Conseil-de-fondation_Phil-Lenz-1024x1024.png\" alt=\"\" width=\"1024\" height=\"1024\" class=\"alignnone size-large wp-image-15101\" srcset=\"https:\/\/cansearch.ch\/wp-content\/uploads\/2024\/05\/Membre-du-Conseil-de-fondation_Phil-Lenz-66x66.png 66w, https:\/\/cansearch.ch\/wp-content\/uploads\/2024\/05\/Membre-du-Conseil-de-fondation_Phil-Lenz-150x150.png 150w, https:\/\/cansearch.ch\/wp-content\/uploads\/2024\/05\/Membre-du-Conseil-de-fondation_Phil-Lenz-200x200.png 200w, https:\/\/cansearch.ch\/wp-content\/uploads\/2024\/05\/Membre-du-Conseil-de-fondation_Phil-Lenz-300x300.png 300w, https:\/\/cansearch.ch\/wp-content\/uploads\/2024\/05\/Membre-du-Conseil-de-fondation_Phil-Lenz-400x400.png 400w, https:\/\/cansearch.ch\/wp-content\/uploads\/2024\/05\/Membre-du-Conseil-de-fondation_Phil-Lenz-600x600.png 600w, https:\/\/cansearch.ch\/wp-content\/uploads\/2024\/05\/Membre-du-Conseil-de-fondation_Phil-Lenz-768x768.png 768w, https:\/\/cansearch.ch\/wp-content\/uploads\/2024\/05\/Membre-du-Conseil-de-fondation_Phil-Lenz-800x801.png 800w, https:\/\/cansearch.ch\/wp-content\/uploads\/2024\/05\/Membre-du-Conseil-de-fondation_Phil-Lenz-1024x1024.png 1024w, https:\/\/cansearch.ch\/wp-content\/uploads\/2024\/05\/Membre-du-Conseil-de-fondation_Phil-Lenz-1200x1201.png 1200w, https:\/\/cansearch.ch\/wp-content\/uploads\/2024\/05\/Membre-du-Conseil-de-fondation_Phil-Lenz-1536x1536.png 1536w, https:\/\/cansearch.ch\/wp-content\/uploads\/2024\/05\/Membre-du-Conseil-de-fondation_Phil-Lenz.png 1554w\" sizes=\"(max-width: 1024px) 100vw, 1024px\" \/><\/a><\/td>\n<\/tr>\n<tr class=\"row-5\">\n\t<td class=\"column-1\"><strong>Maurice Machenbaum<\/strong><br \/>\n<br \/>\nCo-founder of WISE philanthropy advisors, Maurice Machenbaum is an expert in project management and social development. During his career he has worked on numerous projects on all continents and has served on the board of the World Scout Movement and Doctor of the World (Switzerland). He is also the co-founder of Swiss Philanthropy Foundation.<br \/>\n<br \/>\n<\/td><td class=\"column-2\"><img decoding=\"async\" src=\"https:\/\/cansearch.ch\/wp-content\/uploads\/2020\/12\/Machenbaum-HR-150x150.jpeg\" alt=\"\" width=\"150\" height=\"150\" class=\"alignright size-thumbnail wp-image-8243\" srcset=\"https:\/\/cansearch.ch\/wp-content\/uploads\/2020\/12\/Machenbaum-HR-66x66.jpeg 66w, https:\/\/cansearch.ch\/wp-content\/uploads\/2020\/12\/Machenbaum-HR-100x100.jpeg 100w, https:\/\/cansearch.ch\/wp-content\/uploads\/2020\/12\/Machenbaum-HR-150x150.jpeg 150w\" sizes=\"(max-width: 150px) 100vw, 150px\" \/><\/td>\n<\/tr>\n<\/tbody>\n<\/table>\n<!-- #tablepress-12 from cache -->\n<\/div><div class=\"fusion-clearfix\"><\/div><\/div><\/div><div class=\"fusion-layout-column fusion_builder_column fusion-builder-column-1 fusion_builder_column_5_6 5_6 fusion-five-sixth fusion-column-last\" style=\"--awb-bg-size:cover;\"><div class=\"fusion-column-wrapper fusion-flex-column-wrapper-legacy\"><div class=\"fusion-text fusion-text-3\"><p style=\"text-align: left;\">Founder<\/p>\n<\/div><div class=\"fusion-text fusion-text-4\">\n<table id=\"tablepress-20\" class=\"tablepress tablepress-id-20\">\n<tbody class=\"row-striping row-hover\">\n<tr class=\"row-1\">\n\t<td class=\"column-1\"><strong>Prof. Marc Ansari, Member<\/strong><br \/>\n<br \/>\nHead of the Pediatric Onco-Hematology Unit, HUG<br \/>\nMarc Ansari has practiced medicine for over 15 years, particularly in the areas of pediatric oncology, hematology and genetics. In 2011, he founded the CANSEARCH Foundation and research platform at the University of Geneva. Since 1 January 2013, he is Head of the Pediatric Onco-Hematology unit of the HUG. In November 2015, he was appointed Professor at the Faculty of Medicine of Geneva and Assistant Professor in 2017.<\/td><td class=\"column-2\"><img decoding=\"async\" src=\"https:\/\/cansearch.ch\/wp-content\/uploads\/2018\/06\/M-Ansari-150x150.jpg\" alt=\"\" width=\"150\" height=\"150\" class=\"aligncenter size-thumbnail wp-image-5444\" srcset=\"https:\/\/cansearch.ch\/wp-content\/uploads\/2018\/06\/M-Ansari-66x66.jpg 66w, https:\/\/cansearch.ch\/wp-content\/uploads\/2018\/06\/M-Ansari-100x100.jpg 100w, https:\/\/cansearch.ch\/wp-content\/uploads\/2018\/06\/M-Ansari-150x150.jpg 150w, https:\/\/cansearch.ch\/wp-content\/uploads\/2018\/06\/M-Ansari-300x300.jpg 300w\" sizes=\"(max-width: 150px) 100vw, 150px\" \/><\/td>\n<\/tr>\n<\/tbody>\n<\/table>\n<!-- #tablepress-20 from cache -->\n<\/div><div class=\"fusion-clearfix\"><\/div><\/div><\/div><\/div><\/div>\n","protected":false},"excerpt":{"rendered":"","protected":false},"author":12,"featured_media":0,"parent":3569,"menu_order":2,"comment_status":"closed","ping_status":"closed","template":"side-navigation.php","meta":{"ngg_post_thumbnail":0,"footnotes":"","_links_to":"","_links_to_target":""},"class_list":["post-3443","page","type-page","status-publish","hentry"],"aioseo_notices":[],"_links":{"self":[{"href":"https:\/\/cansearch.ch\/en\/wp-json\/wp\/v2\/pages\/3443","targetHints":{"allow":["GET"]}}],"collection":[{"href":"https:\/\/cansearch.ch\/en\/wp-json\/wp\/v2\/pages"}],"about":[{"href":"https:\/\/cansearch.ch\/en\/wp-json\/wp\/v2\/types\/page"}],"author":[{"embeddable":true,"href":"https:\/\/cansearch.ch\/en\/wp-json\/wp\/v2\/users\/12"}],"replies":[{"embeddable":true,"href":"https:\/\/cansearch.ch\/en\/wp-json\/wp\/v2\/comments?post=3443"}],"version-history":[{"count":1,"href":"https:\/\/cansearch.ch\/en\/wp-json\/wp\/v2\/pages\/3443\/revisions"}],"predecessor-version":[{"id":11947,"href":"https:\/\/cansearch.ch\/en\/wp-json\/wp\/v2\/pages\/3443\/revisions\/11947"}],"up":[{"embeddable":true,"href":"https:\/\/cansearch.ch\/en\/wp-json\/wp\/v2\/pages\/3569"}],"wp:attachment":[{"href":"https:\/\/cansearch.ch\/en\/wp-json\/wp\/v2\/media?parent=3443"}],"curies":[{"name":"wp","href":"https:\/\/api.w.org\/{rel}","templated":true}]}}